{"id":5218,"date":"2023-08-29T19:02:24","date_gmt":"2023-08-29T11:02:24","guid":{"rendered":"https:\/\/kiddotrip.com\/?post_type=product&#038;p=5218"},"modified":"2025-06-15T15:37:58","modified_gmt":"2025-06-15T07:37:58","slug":"visiter-joo-chiat-avec-vos-enfants","status":"publish","type":"product","link":"https:\/\/kiddotrip.com\/fr\/produit\/visiter-joo-chiat-avec-vos-enfants\/","title":{"rendered":"Visiter Joo Chiat avec vos enfants"},"content":{"rendered":"<div hidden=\"\">5186<\/div>\n<h2><strong>Explorez Joo Chiat avec vos enfants : Une aventure amusante et \u00e9ducative !<\/strong><\/h2>\n<p>Embarquez pour un voyage enchanteur \u00e0 travers les rues color\u00e9es de Joo Chiat, admirez ses c\u00e9l\u00e8bres shophouses et d\u00e9couvrez le patrimoine peranakan unique d&#8217;une mani\u00e8re qui ravira toute la famille !<\/p>\n<h3>Quand visiter Joo Chiat \u00e0 Singapour?<\/h3>\n<p>Le quartier de Joo Chiat est magnifique et accessible tous les jours, \u00e0 toute heure. Cependant, pour une exp\u00e9rience optimale, nous vous recommandons de privil\u00e9gier la visite le matin.<br \/>\nVous \u00e9viterez les fortes chaleurs et les averses plus fr\u00e9quentes dans l&#8217;apr\u00e8s-midi \u00e0 Singapour, m\u00eame si les &#8220;Five-Foot Ways&#8221; offrent un abri appr\u00e9ciable contre le soleil et la pluie !<br \/>\nVous aurez peut-\u00eatre la chance d&#8217;observer la pr\u00e9paration des c\u00e9l\u00e8bres Popiah. C&#8217;est aussi le moment id\u00e9al pour savourer un d\u00e9licieux repas apr\u00e8s votre balade et d\u00e9couvrir les savoureuses sp\u00e9cialit\u00e9s Peranakan !<\/p>\n<h3>Qu&#8217;est-ce qu&#8217;un livre d&#8217;activit\u00e9s Explore&amp;Joue KiddoTrip ?<\/h3>\n<p>Chaque livre d&#8217;activit\u00e9s Explore&amp;Joue est con\u00e7u pour les familles avec des enfants de 4 \u00e0 11 ans et constitue votre compagnon interactif de d\u00e9couverte. Nos livres vous permettent d&#8217;explorer Singapour \u00e0 votre propre rythme, transformant chaque promenade en une qu\u00eate captivante !<\/p>\n<h3>Contenu de chaque livre :<\/h3>\n<ul>\n<li>Votre guide personnel : Une carte d\u00e9taill\u00e9e du quartier de Joo Chiat, soigneusement con\u00e7ue pour guider votre famille \u00e0 travers les points d&#8217;int\u00e9r\u00eat cl\u00e9s.<\/li>\n<li>Des parcours adapt\u00e9s aux familles : Nos itin\u00e9raires, comme celui de Joo Chiat (environ 1h30 \u00e0 2h de marche \/ 1,8 km), sont sp\u00e9cifiquement pens\u00e9s pour les familles \u2013 garantissant qu&#8217;ils ne sont ni trop longs ni trop exigeants physiquement pour les petites jambes, rendant l&#8217;exploration agr\u00e9able pour tous.<\/li>\n<li>Des d\u00e9couvertes culturels et historiques : Chaque arr\u00eat comprend une explication concise et captivante sur l&#8217;importance du lieu, couvrant l&#8217;histoire et la culture uniques des Peranakans \u00e0 Singapour.<\/li>\n<li>Des activit\u00e9s interactives : Nos livres regorgent d&#8217;une vari\u00e9t\u00e9 d&#8217;activit\u00e9s amusantes, \u00e9ducatives et immersives. Les enfants adoreront les jeux de recherche, les chasses au tr\u00e9sor, les \u00e9nigmes et les d\u00e9fis &#8220;trouve les diff\u00e9rences&#8221; qui encouragent l&#8217;observation et l&#8217;apprentissage. Ces activit\u00e9s sont con\u00e7ues pour stimuler la curiosit\u00e9, divertir et aider les enfants \u00e0 m\u00e9moriser ce qu&#8217;ils ont d\u00e9couvert.<\/li>\n<\/ul>\n<h3>Adapt\u00e9 aux jeunes explorateurs :<\/h3>\n<p>Nous proposons deux versions distinctes de nos livres d&#8217;activit\u00e9s pour garantir une parfaite ad\u00e9quation avec chaque enfant :<\/p>\n<ul>\n<li>4-7 ans : Activit\u00e9s adapt\u00e9es aux plus jeunes, qui commencent \u00e0 lire ou pr\u00e9f\u00e8rent des t\u00e2ches plus visuelles.<\/li>\n<li>7-11 ans : D\u00e9fis plus complexes et jeux de mots pour les lecteurs confirm\u00e9s.<\/li>\n<\/ul>\n<h3>Comment obtenir votre livre KiddoTrip ?<\/h3>\n<p>Nos livres d&#8217;activit\u00e9s Explore&amp;Joue sont maintenant vendus exclusivement via Amazon pour votre commodit\u00e9. Il vous suffit de visiter notre boutique Amazon via les liens fournis ci-dessus, de choisir la version qui convient \u00e0 votre famille et de la faire livrer directement \u00e0 votre domicile ou \u00e0 votre h\u00f4tel.<\/p>\n","protected":false},"excerpt":{"rendered":"<div class=\"kiddo-tour-header\"><strong>Explorez la culture Peranakan avec les enfants !<\/strong><\/div>\n<p>D\u00e9couvrez l&#8217;histoire et la culture Peranakan unique de Singapour avec notre livre d&#8217;activit\u00e9s. Chaque livre inclut une carte pour vous guider dans votre aventure et est rempli de jeux interactifs, d&#8217;\u00e9nigmes et de d\u00e9fis captivants pour stimuler la curiosit\u00e9 et rendre la d\u00e9couverte ludique pour les enfants de 4 \u00e0 11 ans.<\/p>\n<ul>\n<li><a href=\"https:\/\/www.amazon.sg\/SINGAPOUR-dactivit%C3%A9s-d%C3%A9couvrir-Singapour-Singapour\/dp\/B0FBFKVDB6?dib=eyJ2IjoiMSJ9.0OkrrKuD6LFXUqG_Iw8sJfiRDXcO8n6DoV_u7cso585XrwTutPqFbL7TyxgzoDQURHzyLnjP5T9r0-RyGdqrI5s1pfvA7nA-MktB0e-fPrHSSRai7Mim1rU6GGKPI9EDg__k8i9U8ilHpel1htFG9Q.6UM32URe5eCvit9VJ0BbwkSzGhm9QhFweX1tpo0ybuU&amp;dib_tag=se&amp;keywords=kiddotrip&amp;qid=1749786008&amp;sr=8-9&amp;linkCode=ll1&amp;tag=kiddotripamaz-22&amp;linkId=33eea338714a9e24a721398169b03875&amp;language=en_SG&amp;ref_=as_li_ss_tl\" target=\"_blank\" rel=\"noopener\">Version fran\u00e7aise (4-7 ans)<\/a><\/li>\n<li><a href=\"https:\/\/www.amazon.sg\/SINGAPOUR-dactivit%C3%A9s-d%C3%A9couvrir-Singapour-Singapour\/dp\/B0FBLT56FH?dib=eyJ2IjoiMSJ9.0OkrrKuD6LFXUqG_Iw8sJfiRDXcO8n6DoV_u7cso585XrwTutPqFbL7TyxgzoDQURHzyLnjP5T9r0-RyGdqrI5s1pfvA7nA-MktB0e-fPrHSSRai7Mim1rU6GGKPI9EDg__k8i9U8ilHpel1htFG9Q.6UM32URe5eCvit9VJ0BbwkSzGhm9QhFweX1tpo0ybuU&amp;dib_tag=se&amp;keywords=kiddotrip&amp;qid=1749786008&amp;sr=8-8&amp;linkCode=ll1&amp;tag=kiddotripamaz-22&amp;linkId=bb2b94cde2a9fd33944761cb8fc3bdad&amp;language=en_SG&amp;ref_=as_li_ss_tl\" target=\"_blank\" rel=\"noopener\">Version fran\u00e7aise (7-11 ans)<\/a><\/li>\n<li><a href=\"https:\/\/www.amazon.sg\/Explore-Play-Singapore-CHIAT-activity\/dp\/B0DHYHS3KL?dib=eyJ2IjoiMSJ9.0OkrrKuD6LFXUqG_Iw8sJfiRDXcO8n6DoV_u7cso585XrwTutPqFbL7TyxgzoDQURHzyLnjP5T9r0-RyGdqrI5s1pfvA7nA-MktB0e-fPrHSSRai7Mim1rU6GGKPI9EDg__k8i9U8ilHpel1htFG9Q.6UM32URe5eCvit9VJ0BbwkSzGhm9QhFweX1tpo0ybuU&amp;dib_tag=se&amp;keywords=kiddotrip&amp;qid=1749786008&amp;sr=8-3&amp;linkCode=ll1&amp;tag=kiddotripamaz-22&amp;linkId=5213e6606087c6e9e71d67b2eb53f170&amp;language=en_SG&amp;ref_=as_li_ss_tl\" target=\"_blank\" rel=\"noopener\">Version anglaise (4-7 ans)<\/a><\/li>\n<li><a href=\"https:\/\/www.amazon.sg\/Explore-Play-Singapore-activity-Singapore\/dp\/B0DH21H8BH?dib=eyJ2IjoiMSJ9.0OkrrKuD6LFXUqG_Iw8sJfiRDXcO8n6DoV_u7cso585XrwTutPqFbL7TyxgzoDQURHzyLnjP5T9r0-RyGdqrI5s1pfvA7nA-MktB0e-fPrHSSRai7Mim1rU6GGKPI9EDg__k8i9U8ilHpel1htFG9Q.6UM32URe5eCvit9VJ0BbwkSzGhm9QhFweX1tpo0ybuU&amp;dib_tag=se&amp;keywords=kiddotrip&amp;qid=1749786008&amp;sr=8-5&amp;linkCode=ll1&amp;tag=kiddotripamaz-22&amp;linkId=b16468516ff4395a22fdca43332d233b&amp;language=en_SG&amp;ref_=as_li_ss_tl\" target=\"_blank\" rel=\"noopener\">Version anglaise (7-11 ans)<\/a><\/li>\n<\/ul>\n","protected":false},"featured_media":5570,"comment_status":"closed","ping_status":"closed","template":"","meta":{"om_disable_all_campaigns":false,"_ppp_document_settings_meta":"","site-sidebar-layout":"default","site-content-layout":"default","ast-site-content-layout":"default","site-content-style":"default","site-sidebar-style":"default","ast-global-header-display":"","ast-banner-title-visibility":"","ast-main-header-display":"","ast-hfb-above-header-display":"","ast-hfb-below-header-display":"","ast-hfb-mobile-header-display":"","site-post-title":"","ast-breadcrumbs-content":"","ast-featured-img":"","footer-sml-layout":"","theme-transparent-header-meta":"default","adv-header-id-meta":"","stick-header-meta":"","header-above-stick-meta":"","header-main-stick-meta":"","header-below-stick-meta":"","astra-migrate-meta-layouts":"set"},"product_cat":[42,88],"product_tag":[92,97],"class_list":{"0":"post-5218","1":"product","2":"type-product","3":"status-publish","4":"has-post-thumbnail","6":"product_cat-explore-joue","7":"product_cat-singapour","8":"product_tag-singapore","9":"product_tag-singapour","10":"desktop-align-left","11":"tablet-align-left","12":"mobile-align-left","14":"first","15":"outofstock","16":"taxable","17":"shipping-taxable","18":"purchasable","19":"product-type-simple"},"yoast_head":"<!-- This site is optimized with the Yoast SEO plugin v22.8 - https:\/\/yoast.com\/wordpress\/plugins\/seo\/ -->\n<title>Visiter Joo Chiat avec vos enfants - KiddoTrip<\/title>\n<meta name=\"description\" content=\"Visiter Joo Chiat avec vos enfants de mani\u00e8re ludique gr\u00e2ce \u00e0 la visite Explore&amp;Joue qui comprend un audioguide et des cahiers d&#039;activit\u00e9s.\" \/>\n<meta name=\"robots\" content=\"index, follow, max-snippet:-1, max-image-preview:large, max-video-preview:-1\" \/>\n<link rel=\"canonical\" href=\"https:\/\/kiddotrip.com\/fr\/produit\/visiter-joo-chiat-avec-vos-enfants\/\" \/>\n<meta property=\"og:locale\" content=\"fr_FR\" \/>\n<meta property=\"og:type\" content=\"article\" \/>\n<meta property=\"og:title\" content=\"Visiter Joo Chiat avec vos enfants - KiddoTrip\" \/>\n<meta property=\"og:description\" content=\"Visiter Joo Chiat avec vos enfants de mani\u00e8re ludique gr\u00e2ce \u00e0 la visite Explore&amp;Joue qui comprend un audioguide et des cahiers d&#039;activit\u00e9s.\" \/>\n<meta property=\"og:url\" content=\"https:\/\/kiddotrip.com\/fr\/produit\/visiter-joo-chiat-avec-vos-enfants\/\" \/>\n<meta property=\"og:site_name\" content=\"KiddoTrip\" \/>\n<meta property=\"article:publisher\" content=\"https:\/\/www.facebook.com\/myKiddoTrip\/\" \/>\n<meta property=\"article:modified_time\" content=\"2025-06-15T07:37:58+00:00\" \/>\n<meta property=\"og:image\" content=\"https:\/\/kiddotrip.com\/wp-content\/uploads\/2023\/08\/JooChiat_FR_Carre_1080px.jpg\" \/>\n\t<meta property=\"og:image:width\" content=\"1080\" \/>\n\t<meta property=\"og:image:height\" content=\"1080\" \/>\n\t<meta property=\"og:image:type\" content=\"image\/jpeg\" \/>\n<meta name=\"twitter:card\" content=\"summary_large_image\" \/>\n<meta name=\"twitter:label1\" content=\"Dur\u00e9e de lecture estim\u00e9e\" \/>\n\t<meta name=\"twitter:data1\" content=\"3 minutes\" \/>\n<script type=\"application\/ld+json\" class=\"yoast-schema-graph\">{\"@context\":\"https:\/\/schema.org\",\"@graph\":[{\"@type\":\"WebPage\",\"@id\":\"https:\/\/kiddotrip.com\/fr\/produit\/visiter-joo-chiat-avec-vos-enfants\/\",\"url\":\"https:\/\/kiddotrip.com\/fr\/produit\/visiter-joo-chiat-avec-vos-enfants\/\",\"name\":\"Visiter Joo Chiat avec vos enfants - KiddoTrip\",\"isPartOf\":{\"@id\":\"https:\/\/kiddotrip.com\/fr\/#website\"},\"primaryImageOfPage\":{\"@id\":\"https:\/\/kiddotrip.com\/fr\/produit\/visiter-joo-chiat-avec-vos-enfants\/#primaryimage\"},\"image\":{\"@id\":\"https:\/\/kiddotrip.com\/fr\/produit\/visiter-joo-chiat-avec-vos-enfants\/#primaryimage\"},\"thumbnailUrl\":\"https:\/\/kiddotrip.com\/wp-content\/uploads\/2023\/08\/JooChiat_FR_Carre_1080px.jpg\",\"datePublished\":\"2023-08-29T11:02:24+00:00\",\"dateModified\":\"2025-06-15T07:37:58+00:00\",\"description\":\"Visiter Joo Chiat avec vos enfants de mani\u00e8re ludique gr\u00e2ce \u00e0 la visite Explore&Joue qui comprend un audioguide et des cahiers d'activit\u00e9s.\",\"breadcrumb\":{\"@id\":\"https:\/\/kiddotrip.com\/fr\/produit\/visiter-joo-chiat-avec-vos-enfants\/#breadcrumb\"},\"inLanguage\":\"fr-FR\",\"potentialAction\":[{\"@type\":\"ReadAction\",\"target\":[\"https:\/\/kiddotrip.com\/fr\/produit\/visiter-joo-chiat-avec-vos-enfants\/\"]}]},{\"@type\":\"ImageObject\",\"inLanguage\":\"fr-FR\",\"@id\":\"https:\/\/kiddotrip.com\/fr\/produit\/visiter-joo-chiat-avec-vos-enfants\/#primaryimage\",\"url\":\"https:\/\/kiddotrip.com\/wp-content\/uploads\/2023\/08\/JooChiat_FR_Carre_1080px.jpg\",\"contentUrl\":\"https:\/\/kiddotrip.com\/wp-content\/uploads\/2023\/08\/JooChiat_FR_Carre_1080px.jpg\",\"width\":1080,\"height\":1080,\"caption\":\"Explore&Joue Joo Chiat\"},{\"@type\":\"BreadcrumbList\",\"@id\":\"https:\/\/kiddotrip.com\/fr\/produit\/visiter-joo-chiat-avec-vos-enfants\/#breadcrumb\",\"itemListElement\":[{\"@type\":\"ListItem\",\"position\":1,\"name\":\"Accueil\",\"item\":\"https:\/\/kiddotrip.com\/fr\/\"},{\"@type\":\"ListItem\",\"position\":2,\"name\":\"Boutique\",\"item\":\"https:\/\/kiddotrip.com\/fr\/boutique\/\"},{\"@type\":\"ListItem\",\"position\":3,\"name\":\"Visiter Joo Chiat avec vos enfants\"}]},{\"@type\":\"WebSite\",\"@id\":\"https:\/\/kiddotrip.com\/fr\/#website\",\"url\":\"https:\/\/kiddotrip.com\/fr\/\",\"name\":\"KiddoTrip\",\"description\":\"Travel with kids\",\"publisher\":{\"@id\":\"https:\/\/kiddotrip.com\/fr\/#organization\"},\"potentialAction\":[{\"@type\":\"SearchAction\",\"target\":{\"@type\":\"EntryPoint\",\"urlTemplate\":\"https:\/\/kiddotrip.com\/fr\/?s={search_term_string}\"},\"query-input\":\"required name=search_term_string\"}],\"inLanguage\":\"fr-FR\"},{\"@type\":\"Organization\",\"@id\":\"https:\/\/kiddotrip.com\/fr\/#organization\",\"name\":\"KiddoTrip\",\"url\":\"https:\/\/kiddotrip.com\/fr\/\",\"logo\":{\"@type\":\"ImageObject\",\"inLanguage\":\"fr-FR\",\"@id\":\"https:\/\/kiddotrip.com\/fr\/#\/schema\/logo\/image\/\",\"url\":\"https:\/\/kiddotrip.com\/wp-content\/uploads\/2021\/07\/Logo-KiddoTrip_H_1.png\",\"contentUrl\":\"https:\/\/kiddotrip.com\/wp-content\/uploads\/2021\/07\/Logo-KiddoTrip_H_1.png\",\"width\":930,\"height\":180,\"caption\":\"KiddoTrip\"},\"image\":{\"@id\":\"https:\/\/kiddotrip.com\/fr\/#\/schema\/logo\/image\/\"},\"sameAs\":[\"https:\/\/www.facebook.com\/myKiddoTrip\/\",\"https:\/\/www.instagram.com\/kiddotrip\/\"]}]}<\/script>\n<!-- \/ Yoast SEO plugin. -->","yoast_head_json":{"title":"Visiter Joo Chiat avec vos enfants - KiddoTrip","description":"Visiter Joo Chiat avec vos enfants de mani\u00e8re ludique gr\u00e2ce \u00e0 la visite Explore&Joue qui comprend un audioguide et des cahiers d'activit\u00e9s.","robots":{"index":"index","follow":"follow","max-snippet":"max-snippet:-1","max-image-preview":"max-image-preview:large","max-video-preview":"max-video-preview:-1"},"canonical":"https:\/\/kiddotrip.com\/fr\/produit\/visiter-joo-chiat-avec-vos-enfants\/","og_locale":"fr_FR","og_type":"article","og_title":"Visiter Joo Chiat avec vos enfants - KiddoTrip","og_description":"Visiter Joo Chiat avec vos enfants de mani\u00e8re ludique gr\u00e2ce \u00e0 la visite Explore&Joue qui comprend un audioguide et des cahiers d'activit\u00e9s.","og_url":"https:\/\/kiddotrip.com\/fr\/produit\/visiter-joo-chiat-avec-vos-enfants\/","og_site_name":"KiddoTrip","article_publisher":"https:\/\/www.facebook.com\/myKiddoTrip\/","article_modified_time":"2025-06-15T07:37:58+00:00","og_image":[{"width":1080,"height":1080,"url":"https:\/\/kiddotrip.com\/wp-content\/uploads\/2023\/08\/JooChiat_FR_Carre_1080px.jpg","type":"image\/jpeg"}],"twitter_card":"summary_large_image","twitter_misc":{"Dur\u00e9e de lecture estim\u00e9e":"3 minutes"},"schema":{"@context":"https:\/\/schema.org","@graph":[{"@type":"WebPage","@id":"https:\/\/kiddotrip.com\/fr\/produit\/visiter-joo-chiat-avec-vos-enfants\/","url":"https:\/\/kiddotrip.com\/fr\/produit\/visiter-joo-chiat-avec-vos-enfants\/","name":"Visiter Joo Chiat avec vos enfants - KiddoTrip","isPartOf":{"@id":"https:\/\/kiddotrip.com\/fr\/#website"},"primaryImageOfPage":{"@id":"https:\/\/kiddotrip.com\/fr\/produit\/visiter-joo-chiat-avec-vos-enfants\/#primaryimage"},"image":{"@id":"https:\/\/kiddotrip.com\/fr\/produit\/visiter-joo-chiat-avec-vos-enfants\/#primaryimage"},"thumbnailUrl":"https:\/\/kiddotrip.com\/wp-content\/uploads\/2023\/08\/JooChiat_FR_Carre_1080px.jpg","datePublished":"2023-08-29T11:02:24+00:00","dateModified":"2025-06-15T07:37:58+00:00","description":"Visiter Joo Chiat avec vos enfants de mani\u00e8re ludique gr\u00e2ce \u00e0 la visite Explore&Joue qui comprend un audioguide et des cahiers d'activit\u00e9s.","breadcrumb":{"@id":"https:\/\/kiddotrip.com\/fr\/produit\/visiter-joo-chiat-avec-vos-enfants\/#breadcrumb"},"inLanguage":"fr-FR","potentialAction":[{"@type":"ReadAction","target":["https:\/\/kiddotrip.com\/fr\/produit\/visiter-joo-chiat-avec-vos-enfants\/"]}]},{"@type":"ImageObject","inLanguage":"fr-FR","@id":"https:\/\/kiddotrip.com\/fr\/produit\/visiter-joo-chiat-avec-vos-enfants\/#primaryimage","url":"https:\/\/kiddotrip.com\/wp-content\/uploads\/2023\/08\/JooChiat_FR_Carre_1080px.jpg","contentUrl":"https:\/\/kiddotrip.com\/wp-content\/uploads\/2023\/08\/JooChiat_FR_Carre_1080px.jpg","width":1080,"height":1080,"caption":"Explore&Joue Joo Chiat"},{"@type":"BreadcrumbList","@id":"https:\/\/kiddotrip.com\/fr\/produit\/visiter-joo-chiat-avec-vos-enfants\/#breadcrumb","itemListElement":[{"@type":"ListItem","position":1,"name":"Accueil","item":"https:\/\/kiddotrip.com\/fr\/"},{"@type":"ListItem","position":2,"name":"Boutique","item":"https:\/\/kiddotrip.com\/fr\/boutique\/"},{"@type":"ListItem","position":3,"name":"Visiter Joo Chiat avec vos enfants"}]},{"@type":"WebSite","@id":"https:\/\/kiddotrip.com\/fr\/#website","url":"https:\/\/kiddotrip.com\/fr\/","name":"KiddoTrip","description":"Travel with kids","publisher":{"@id":"https:\/\/kiddotrip.com\/fr\/#organization"},"potentialAction":[{"@type":"SearchAction","target":{"@type":"EntryPoint","urlTemplate":"https:\/\/kiddotrip.com\/fr\/?s={search_term_string}"},"query-input":"required name=search_term_string"}],"inLanguage":"fr-FR"},{"@type":"Organization","@id":"https:\/\/kiddotrip.com\/fr\/#organization","name":"KiddoTrip","url":"https:\/\/kiddotrip.com\/fr\/","logo":{"@type":"ImageObject","inLanguage":"fr-FR","@id":"https:\/\/kiddotrip.com\/fr\/#\/schema\/logo\/image\/","url":"https:\/\/kiddotrip.com\/wp-content\/uploads\/2021\/07\/Logo-KiddoTrip_H_1.png","contentUrl":"https:\/\/kiddotrip.com\/wp-content\/uploads\/2021\/07\/Logo-KiddoTrip_H_1.png","width":930,"height":180,"caption":"KiddoTrip"},"image":{"@id":"https:\/\/kiddotrip.com\/fr\/#\/schema\/logo\/image\/"},"sameAs":["https:\/\/www.facebook.com\/myKiddoTrip\/","https:\/\/www.instagram.com\/kiddotrip\/"]}]}},"_links":{"self":[{"href":"https:\/\/kiddotrip.com\/fr\/wp-json\/wp\/v2\/product\/5218","targetHints":{"allow":["GET"]}}],"collection":[{"href":"https:\/\/kiddotrip.com\/fr\/wp-json\/wp\/v2\/product"}],"about":[{"href":"https:\/\/kiddotrip.com\/fr\/wp-json\/wp\/v2\/types\/product"}],"replies":[{"embeddable":true,"href":"https:\/\/kiddotrip.com\/fr\/wp-json\/wp\/v2\/comments?post=5218"}],"wp:featuredmedia":[{"embeddable":true,"href":"https:\/\/kiddotrip.com\/fr\/wp-json\/wp\/v2\/media\/5570"}],"wp:attachment":[{"href":"https:\/\/kiddotrip.com\/fr\/wp-json\/wp\/v2\/media?parent=5218"}],"wp:term":[{"taxonomy":"product_cat","embeddable":true,"href":"https:\/\/kiddotrip.com\/fr\/wp-json\/wp\/v2\/product_cat?post=5218"},{"taxonomy":"product_tag","embeddable":true,"href":"https:\/\/kiddotrip.com\/fr\/wp-json\/wp\/v2\/product_tag?post=5218"}],"curies":[{"name":"wp","href":"https:\/\/api.w.org\/{rel}","templated":true}]}}