{"id":3248,"date":"2022-10-05T15:54:39","date_gmt":"2022-10-05T07:54:39","guid":{"rendered":"https:\/\/kiddotrip.com\/?post_type=product&#038;p=3248"},"modified":"2025-06-15T15:37:15","modified_gmt":"2025-06-15T07:37:15","slug":"visiter-sg-littleindia","status":"publish","type":"product","link":"https:\/\/kiddotrip.com\/fr\/produit\/visiter-sg-littleindia\/","title":{"rendered":"Visiter Little India avec vos enfants"},"content":{"rendered":"<div hidden=\"\">1215<\/div>\n<h2><strong>Explorez Little India avec vos enfants : Une aventure amusante et \u00e9ducative !<\/strong><\/h2>\n<p>Embarquez pour un voyage enchanteur au c\u0153ur des rues color\u00e9es de Little India. Laissez-vous enivrer par les parfums d&#8217;\u00e9pices et de fleurs, et plongez dans les r\u00e9cits captivants des dieux indiens. Une immersion culturelle qui enchantera toute la famille !<\/p>\n<h3>Quand visiter Little India \u00e0 Singapour?<\/h3>\n<p>Le quartier de Little India est accessible tous les jours, \u00e0 toute heure. Cependant, pour une exp\u00e9rience optimale, nous vous recommandons une visite le matin en semaine.<br \/>\nLes dimanches, le quartier est particuli\u00e8rement anim\u00e9, car de nombreuses personnes d&#8217;origine indienne s&#8217;y retrouvent. Venir en semaine vous permettra une exploration plus sereine.<br \/>\nLe temple Sri VeeramaKaliamman, un incontournable, est g\u00e9n\u00e9ralement ferm\u00e9 de 12h \u00e0 16h (pensez toujours \u00e0 v\u00e9rifier les horaires actuels sur leur <a href=\"https:\/\/www.facebook.com\/sriveeramakaliammantemple\/#\" target=\"_blank\" rel=\"noopener\">site<\/a> avant votre visite).<br \/>\nVous \u00e9viterez aussi les fortes chaleurs de l&#8217;apr\u00e8s-midi et les averses, plus fr\u00e9quentes \u00e0 Singapour en fin de journ\u00e9e.<\/p>\n<h3>Qu&#8217;est-ce qu&#8217;un livre d&#8217;activit\u00e9s Explore&amp;Joue KiddoTrip ?<\/h3>\n<p>Chaque livre d&#8217;activit\u00e9s Explore&amp;Joue est con\u00e7u pour les familles avec des enfants de 4 \u00e0 11 ans et constitue votre compagnon interactif de d\u00e9couverte. Nos livres vous permettent d&#8217;explorer Singapour \u00e0 votre propre rythme, transformant chaque promenade en une qu\u00eate captivante !<\/p>\n<h3>Contenu de chaque livre :<\/h3>\n<ul>\n<li>Votre guide personnel : Une carte d\u00e9taill\u00e9e du quartier de Little India, soigneusement con\u00e7ue pour guider votre famille \u00e0 travers les points d&#8217;int\u00e9r\u00eat cl\u00e9s.<\/li>\n<li>Des parcours adapt\u00e9s aux familles : Nos itin\u00e9raires, comme celui de Little India (environ 1h30 \u00e0 2h de marche \/ 1 km), sont sp\u00e9cifiquement pens\u00e9s pour les familles \u2013 garantissant qu&#8217;ils ne sont ni trop longs ni trop exigeants physiquement pour les petites jambes, rendant l&#8217;exploration agr\u00e9able pour tous.<\/li>\n<li>Des d\u00e9couvertes culturels et historiques : Chaque arr\u00eat comprend une explication concise et captivante sur l&#8217;importance du lieu, couvrant l&#8217;histoire et la culture indiennes.<\/li>\n<li>Des activit\u00e9s interactives : Nos livres regorgent d&#8217;une vari\u00e9t\u00e9 d&#8217;activit\u00e9s amusantes, \u00e9ducatives et immersives. Les enfants adoreront les jeux de recherche, les chasses au tr\u00e9sor, les \u00e9nigmes et les d\u00e9fis &#8220;trouve les diff\u00e9rences&#8221; qui encouragent l&#8217;observation et l&#8217;apprentissage. Ces activit\u00e9s sont con\u00e7ues pour stimuler la curiosit\u00e9, divertir et aider les enfants \u00e0 m\u00e9moriser ce qu&#8217;ils ont d\u00e9couvert.<\/li>\n<\/ul>\n<h3>Adapt\u00e9 aux jeunes explorateurs :<\/h3>\n<p>Nous proposons deux versions distinctes de nos livres d&#8217;activit\u00e9s pour garantir une parfaite ad\u00e9quation avec chaque enfant :<\/p>\n<ul>\n<li>4-7 ans : Activit\u00e9s adapt\u00e9es aux plus jeunes, qui commencent \u00e0 lire ou pr\u00e9f\u00e8rent des t\u00e2ches plus visuelles.<\/li>\n<li>7-11 ans : D\u00e9fis plus complexes et jeux de mots pour les lecteurs confirm\u00e9s.<\/li>\n<\/ul>\n<h3>Comment obtenir votre livre KiddoTrip ?<\/h3>\n<p>Nos livres d&#8217;activit\u00e9s Explore&amp;Joue sont maintenant vendus exclusivement via Amazon pour votre commodit\u00e9. Il vous suffit de visiter notre boutique Amazon via les liens fournis ci-dessus, de choisir la version qui convient \u00e0 votre famille et de la faire livrer directement \u00e0 votre domicile ou \u00e0 votre h\u00f4tel.<\/p>\n","protected":false},"excerpt":{"rendered":"<div class=\"kiddo-tour-header\"><strong>Explorer Little India \u00e0 Singapour avec ce cahier d&#8217;activit\u00e9s sp\u00e9cialement con\u00e7u pour les familles<\/strong><\/div>\n<p>D\u00e9couvrez l&#8217;histoire et la culture des indiens qui sont venus s&#8217;installer \u00e0 Singapour avec notre livre d&#8217;activit\u00e9s. Chaque livre inclut une carte pour vous guider dans votre aventure et est rempli de jeux interactifs, d&#8217;\u00e9nigmes et de d\u00e9fis captivants pour stimuler la curiosit\u00e9 et rendre la d\u00e9couverte ludique pour les enfants de 4 \u00e0 11 ans.<\/p>\n<ul>\n<li><a href=\"https:\/\/www.amazon.sg\/Explore-Joue-Singapour-dactivit%C3%A9s-audioguide\/dp\/B0DGDFLGBX?crid=3ETLGFTIDTJ1O&amp;dib=eyJ2IjoiMSJ9.0OkrrKuD6LFXUqG_Iw8sJVqaIK8Kvc1nwS4eoMSzvsq6j-k2PEPjpmqGpwZd4UUpz7oJvS-GHzSwVM7EQbI2uQ.V9xpo56Uvw38kJSaOMjEknURCE7LuOlcRJ6qzbP8p4Q&amp;dib_tag=se&amp;keywords=kiddotrip+little+india&amp;qid=1749968469&amp;s=books&amp;sprefix=kiddotrip+little+ind%2Cstripbooks%2C290&amp;sr=1-3&amp;linkCode=ll1&amp;tag=kiddotripamaz-22&amp;linkId=205f36c833bd164ad17a0207999224f9&amp;language=en_SG&amp;ref_=as_li_ss_tl\" target=\"_blank\" rel=\"noopener\">Version fran\u00e7aise (4-7 ans)<\/a><\/li>\n<li><a href=\"https:\/\/www.amazon.sg\/SINGAPOUR-dactivit%C3%A9s-d%C3%A9couvrir-quartier-Singapour\/dp\/B0DX166WGN?crid=3ETLGFTIDTJ1O&amp;dib=eyJ2IjoiMSJ9.0OkrrKuD6LFXUqG_Iw8sJVqaIK8Kvc1nwS4eoMSzvsq6j-k2PEPjpmqGpwZd4UUpz7oJvS-GHzSwVM7EQbI2uQ.V9xpo56Uvw38kJSaOMjEknURCE7LuOlcRJ6qzbP8p4Q&amp;dib_tag=se&amp;keywords=kiddotrip+little+india&amp;qid=1749968469&amp;s=books&amp;sprefix=kiddotrip+little+ind%2Cstripbooks%2C290&amp;sr=1-1&amp;linkCode=ll1&amp;tag=kiddotripamaz-22&amp;linkId=407fe4f123ea112b7f6bfc5c4fd100ef&amp;language=en_SG&amp;ref_=as_li_ss_tl\" target=\"_blank\" rel=\"noopener\">Version fran\u00e7aise (7-11 ans)<\/a><\/li>\n<li><a href=\"https:\/\/www.amazon.sg\/Explore-Play-Singapore-activity-Singapore\/dp\/B0DH228NC9?dib=eyJ2IjoiMSJ9.AE29Y0kKF6u1J02VMmJffEL04YnwT_Muo89yRn7VTIlXrwTutPqFbL7TyxgzoDQUyRwcG0iQAFV5KkS__17buiG82ErSX6_Iiy83jhj2o1k.AzhlOrkW0onm-RT0jrMg7DRw9s8b7Pn2hJy5KiF-ntI&amp;dib_tag=se&amp;qid=1749948197&amp;refinements=p_27%3AKiddoTrip&amp;s=books&amp;sr=1-5&amp;linkCode=ll1&amp;tag=kiddotripamaz-22&amp;linkId=c6b1253b9e91a835f6be2e88aba134c2&amp;language=en_SG&amp;ref_=as_li_ss_tl\" target=\"_blank\" rel=\"noopener\">Version anglaise (4-7 ans)<\/a><\/li>\n<li><a href=\"https:\/\/www.amazon.sg\/Explore-Play-Singapore-activity-Singapore\/dp\/B0DHDWVF2J?dib=eyJ2IjoiMSJ9.AE29Y0kKF6u1J02VMmJffEL04YnwT_Muo89yRn7VTIlXrwTutPqFbL7TyxgzoDQUyRwcG0iQAFV5KkS__17buiG82ErSX6_Iiy83jhj2o1k.AzhlOrkW0onm-RT0jrMg7DRw9s8b7Pn2hJy5KiF-ntI&amp;dib_tag=se&amp;qid=1749948197&amp;refinements=p_27%3AKiddoTrip&amp;s=books&amp;sr=1-4&amp;linkCode=ll1&amp;tag=kiddotripamaz-22&amp;linkId=e61bf038e49477be261bfae8b23f0372&amp;language=en_SG&amp;ref_=as_li_ss_tl\" target=\"_blank\" rel=\"noopener\">Version anglaise (7-11 ans)<\/a><\/li>\n<\/ul>\n","protected":false},"featured_media":3263,"comment_status":"closed","ping_status":"closed","template":"","meta":{"om_disable_all_campaigns":false,"_ppp_document_settings_meta":"","site-sidebar-layout":"default","site-content-layout":"default","ast-site-content-layout":"default","site-content-style":"default","site-sidebar-style":"default","ast-global-header-display":"","ast-banner-title-visibility":"","ast-main-header-display":"","ast-hfb-above-header-display":"","ast-hfb-below-header-display":"","ast-hfb-mobile-header-display":"","site-post-title":"","ast-breadcrumbs-content":"","ast-featured-img":"","footer-sml-layout":"","theme-transparent-header-meta":"default","adv-header-id-meta":"","stick-header-meta":"","header-above-stick-meta":"","header-main-stick-meta":"","header-below-stick-meta":"","astra-migrate-meta-layouts":"set"},"product_cat":[42,88],"product_tag":[92,97],"class_list":{"0":"post-3248","1":"product","2":"type-product","3":"status-publish","4":"has-post-thumbnail","6":"product_cat-explore-joue","7":"product_cat-singapour","8":"product_tag-singapore","9":"product_tag-singapour","10":"desktop-align-left","11":"tablet-align-left","12":"mobile-align-left","14":"first","15":"outofstock","16":"taxable","17":"shipping-taxable","18":"purchasable","19":"product-type-simple"},"yoast_head":"<!-- This site is optimized with the Yoast SEO plugin v22.8 - https:\/\/yoast.com\/wordpress\/plugins\/seo\/ -->\n<title>Visiter Little India avec vos enfants - KiddoTrip<\/title>\n<meta name=\"description\" content=\"KiddoTrip propose des visites autoguid\u00e9es pour les familles. Visiter Little India avec vos enfants de mani\u00e8re ludique gr\u00e2ce \u00e0 un audioguide et des cahiers d&#039;activit\u00e9s.\" \/>\n<meta name=\"robots\" content=\"index, follow, max-snippet:-1, max-image-preview:large, max-video-preview:-1\" \/>\n<link rel=\"canonical\" href=\"https:\/\/kiddotrip.com\/fr\/produit\/visiter-sg-littleindia\/\" \/>\n<meta property=\"og:locale\" content=\"fr_FR\" \/>\n<meta property=\"og:type\" content=\"article\" \/>\n<meta property=\"og:title\" content=\"Visiter Little India avec vos enfants - KiddoTrip\" \/>\n<meta property=\"og:description\" content=\"KiddoTrip propose des visites autoguid\u00e9es pour les familles. Visiter Little India avec vos enfants de mani\u00e8re ludique gr\u00e2ce \u00e0 un audioguide et des cahiers d&#039;activit\u00e9s.\" \/>\n<meta property=\"og:url\" content=\"https:\/\/kiddotrip.com\/fr\/produit\/visiter-sg-littleindia\/\" \/>\n<meta property=\"og:site_name\" content=\"KiddoTrip\" \/>\n<meta property=\"article:publisher\" content=\"https:\/\/www.facebook.com\/myKiddoTrip\/\" \/>\n<meta property=\"article:modified_time\" content=\"2025-06-15T07:37:15+00:00\" \/>\n<meta property=\"og:image\" content=\"https:\/\/kiddotrip.com\/wp-content\/uploads\/2022\/10\/FR_Couv_Generic-scaled.jpg\" \/>\n\t<meta property=\"og:image:width\" content=\"2560\" \/>\n\t<meta property=\"og:image:height\" content=\"2560\" \/>\n\t<meta property=\"og:image:type\" content=\"image\/jpeg\" \/>\n<meta name=\"twitter:card\" content=\"summary_large_image\" \/>\n<meta name=\"twitter:label1\" content=\"Dur\u00e9e de lecture estim\u00e9e\" \/>\n\t<meta name=\"twitter:data1\" content=\"3 minutes\" \/>\n<script type=\"application\/ld+json\" class=\"yoast-schema-graph\">{\"@context\":\"https:\/\/schema.org\",\"@graph\":[{\"@type\":\"WebPage\",\"@id\":\"https:\/\/kiddotrip.com\/fr\/produit\/visiter-sg-littleindia\/\",\"url\":\"https:\/\/kiddotrip.com\/fr\/produit\/visiter-sg-littleindia\/\",\"name\":\"Visiter Little India avec vos enfants - KiddoTrip\",\"isPartOf\":{\"@id\":\"https:\/\/kiddotrip.com\/fr\/#website\"},\"primaryImageOfPage\":{\"@id\":\"https:\/\/kiddotrip.com\/fr\/produit\/visiter-sg-littleindia\/#primaryimage\"},\"image\":{\"@id\":\"https:\/\/kiddotrip.com\/fr\/produit\/visiter-sg-littleindia\/#primaryimage\"},\"thumbnailUrl\":\"https:\/\/kiddotrip.com\/wp-content\/uploads\/2022\/10\/FR_Couv_Generic-scaled.jpg\",\"datePublished\":\"2022-10-05T07:54:39+00:00\",\"dateModified\":\"2025-06-15T07:37:15+00:00\",\"description\":\"KiddoTrip propose des visites autoguid\u00e9es pour les familles. Visiter Little India avec vos enfants de mani\u00e8re ludique gr\u00e2ce \u00e0 un audioguide et des cahiers d'activit\u00e9s.\",\"breadcrumb\":{\"@id\":\"https:\/\/kiddotrip.com\/fr\/produit\/visiter-sg-littleindia\/#breadcrumb\"},\"inLanguage\":\"fr-FR\",\"potentialAction\":[{\"@type\":\"ReadAction\",\"target\":[\"https:\/\/kiddotrip.com\/fr\/produit\/visiter-sg-littleindia\/\"]}]},{\"@type\":\"ImageObject\",\"inLanguage\":\"fr-FR\",\"@id\":\"https:\/\/kiddotrip.com\/fr\/produit\/visiter-sg-littleindia\/#primaryimage\",\"url\":\"https:\/\/kiddotrip.com\/wp-content\/uploads\/2022\/10\/FR_Couv_Generic-scaled.jpg\",\"contentUrl\":\"https:\/\/kiddotrip.com\/wp-content\/uploads\/2022\/10\/FR_Couv_Generic-scaled.jpg\",\"width\":2560,\"height\":2560,\"caption\":\"visiter singapour avec des enfants : cahier d'activit\u00e9s Little India\"},{\"@type\":\"BreadcrumbList\",\"@id\":\"https:\/\/kiddotrip.com\/fr\/produit\/visiter-sg-littleindia\/#breadcrumb\",\"itemListElement\":[{\"@type\":\"ListItem\",\"position\":1,\"name\":\"Accueil\",\"item\":\"https:\/\/kiddotrip.com\/fr\/\"},{\"@type\":\"ListItem\",\"position\":2,\"name\":\"Boutique\",\"item\":\"https:\/\/kiddotrip.com\/fr\/boutique\/\"},{\"@type\":\"ListItem\",\"position\":3,\"name\":\"Visiter Little India avec vos enfants\"}]},{\"@type\":\"WebSite\",\"@id\":\"https:\/\/kiddotrip.com\/fr\/#website\",\"url\":\"https:\/\/kiddotrip.com\/fr\/\",\"name\":\"KiddoTrip\",\"description\":\"Travel with kids\",\"publisher\":{\"@id\":\"https:\/\/kiddotrip.com\/fr\/#organization\"},\"potentialAction\":[{\"@type\":\"SearchAction\",\"target\":{\"@type\":\"EntryPoint\",\"urlTemplate\":\"https:\/\/kiddotrip.com\/fr\/?s={search_term_string}\"},\"query-input\":\"required name=search_term_string\"}],\"inLanguage\":\"fr-FR\"},{\"@type\":\"Organization\",\"@id\":\"https:\/\/kiddotrip.com\/fr\/#organization\",\"name\":\"KiddoTrip\",\"url\":\"https:\/\/kiddotrip.com\/fr\/\",\"logo\":{\"@type\":\"ImageObject\",\"inLanguage\":\"fr-FR\",\"@id\":\"https:\/\/kiddotrip.com\/fr\/#\/schema\/logo\/image\/\",\"url\":\"https:\/\/kiddotrip.com\/wp-content\/uploads\/2021\/07\/Logo-KiddoTrip_H_1.png\",\"contentUrl\":\"https:\/\/kiddotrip.com\/wp-content\/uploads\/2021\/07\/Logo-KiddoTrip_H_1.png\",\"width\":930,\"height\":180,\"caption\":\"KiddoTrip\"},\"image\":{\"@id\":\"https:\/\/kiddotrip.com\/fr\/#\/schema\/logo\/image\/\"},\"sameAs\":[\"https:\/\/www.facebook.com\/myKiddoTrip\/\",\"https:\/\/www.instagram.com\/kiddotrip\/\"]}]}<\/script>\n<!-- \/ Yoast SEO plugin. -->","yoast_head_json":{"title":"Visiter Little India avec vos enfants - KiddoTrip","description":"KiddoTrip propose des visites autoguid\u00e9es pour les familles. Visiter Little India avec vos enfants de mani\u00e8re ludique gr\u00e2ce \u00e0 un audioguide et des cahiers d'activit\u00e9s.","robots":{"index":"index","follow":"follow","max-snippet":"max-snippet:-1","max-image-preview":"max-image-preview:large","max-video-preview":"max-video-preview:-1"},"canonical":"https:\/\/kiddotrip.com\/fr\/produit\/visiter-sg-littleindia\/","og_locale":"fr_FR","og_type":"article","og_title":"Visiter Little India avec vos enfants - KiddoTrip","og_description":"KiddoTrip propose des visites autoguid\u00e9es pour les familles. Visiter Little India avec vos enfants de mani\u00e8re ludique gr\u00e2ce \u00e0 un audioguide et des cahiers d'activit\u00e9s.","og_url":"https:\/\/kiddotrip.com\/fr\/produit\/visiter-sg-littleindia\/","og_site_name":"KiddoTrip","article_publisher":"https:\/\/www.facebook.com\/myKiddoTrip\/","article_modified_time":"2025-06-15T07:37:15+00:00","og_image":[{"width":2560,"height":2560,"url":"https:\/\/kiddotrip.com\/wp-content\/uploads\/2022\/10\/FR_Couv_Generic-scaled.jpg","type":"image\/jpeg"}],"twitter_card":"summary_large_image","twitter_misc":{"Dur\u00e9e de lecture estim\u00e9e":"3 minutes"},"schema":{"@context":"https:\/\/schema.org","@graph":[{"@type":"WebPage","@id":"https:\/\/kiddotrip.com\/fr\/produit\/visiter-sg-littleindia\/","url":"https:\/\/kiddotrip.com\/fr\/produit\/visiter-sg-littleindia\/","name":"Visiter Little India avec vos enfants - KiddoTrip","isPartOf":{"@id":"https:\/\/kiddotrip.com\/fr\/#website"},"primaryImageOfPage":{"@id":"https:\/\/kiddotrip.com\/fr\/produit\/visiter-sg-littleindia\/#primaryimage"},"image":{"@id":"https:\/\/kiddotrip.com\/fr\/produit\/visiter-sg-littleindia\/#primaryimage"},"thumbnailUrl":"https:\/\/kiddotrip.com\/wp-content\/uploads\/2022\/10\/FR_Couv_Generic-scaled.jpg","datePublished":"2022-10-05T07:54:39+00:00","dateModified":"2025-06-15T07:37:15+00:00","description":"KiddoTrip propose des visites autoguid\u00e9es pour les familles. Visiter Little India avec vos enfants de mani\u00e8re ludique gr\u00e2ce \u00e0 un audioguide et des cahiers d'activit\u00e9s.","breadcrumb":{"@id":"https:\/\/kiddotrip.com\/fr\/produit\/visiter-sg-littleindia\/#breadcrumb"},"inLanguage":"fr-FR","potentialAction":[{"@type":"ReadAction","target":["https:\/\/kiddotrip.com\/fr\/produit\/visiter-sg-littleindia\/"]}]},{"@type":"ImageObject","inLanguage":"fr-FR","@id":"https:\/\/kiddotrip.com\/fr\/produit\/visiter-sg-littleindia\/#primaryimage","url":"https:\/\/kiddotrip.com\/wp-content\/uploads\/2022\/10\/FR_Couv_Generic-scaled.jpg","contentUrl":"https:\/\/kiddotrip.com\/wp-content\/uploads\/2022\/10\/FR_Couv_Generic-scaled.jpg","width":2560,"height":2560,"caption":"visiter singapour avec des enfants : cahier d'activit\u00e9s Little India"},{"@type":"BreadcrumbList","@id":"https:\/\/kiddotrip.com\/fr\/produit\/visiter-sg-littleindia\/#breadcrumb","itemListElement":[{"@type":"ListItem","position":1,"name":"Accueil","item":"https:\/\/kiddotrip.com\/fr\/"},{"@type":"ListItem","position":2,"name":"Boutique","item":"https:\/\/kiddotrip.com\/fr\/boutique\/"},{"@type":"ListItem","position":3,"name":"Visiter Little India avec vos enfants"}]},{"@type":"WebSite","@id":"https:\/\/kiddotrip.com\/fr\/#website","url":"https:\/\/kiddotrip.com\/fr\/","name":"KiddoTrip","description":"Travel with kids","publisher":{"@id":"https:\/\/kiddotrip.com\/fr\/#organization"},"potentialAction":[{"@type":"SearchAction","target":{"@type":"EntryPoint","urlTemplate":"https:\/\/kiddotrip.com\/fr\/?s={search_term_string}"},"query-input":"required name=search_term_string"}],"inLanguage":"fr-FR"},{"@type":"Organization","@id":"https:\/\/kiddotrip.com\/fr\/#organization","name":"KiddoTrip","url":"https:\/\/kiddotrip.com\/fr\/","logo":{"@type":"ImageObject","inLanguage":"fr-FR","@id":"https:\/\/kiddotrip.com\/fr\/#\/schema\/logo\/image\/","url":"https:\/\/kiddotrip.com\/wp-content\/uploads\/2021\/07\/Logo-KiddoTrip_H_1.png","contentUrl":"https:\/\/kiddotrip.com\/wp-content\/uploads\/2021\/07\/Logo-KiddoTrip_H_1.png","width":930,"height":180,"caption":"KiddoTrip"},"image":{"@id":"https:\/\/kiddotrip.com\/fr\/#\/schema\/logo\/image\/"},"sameAs":["https:\/\/www.facebook.com\/myKiddoTrip\/","https:\/\/www.instagram.com\/kiddotrip\/"]}]}},"_links":{"self":[{"href":"https:\/\/kiddotrip.com\/fr\/wp-json\/wp\/v2\/product\/3248","targetHints":{"allow":["GET"]}}],"collection":[{"href":"https:\/\/kiddotrip.com\/fr\/wp-json\/wp\/v2\/product"}],"about":[{"href":"https:\/\/kiddotrip.com\/fr\/wp-json\/wp\/v2\/types\/product"}],"replies":[{"embeddable":true,"href":"https:\/\/kiddotrip.com\/fr\/wp-json\/wp\/v2\/comments?post=3248"}],"wp:featuredmedia":[{"embeddable":true,"href":"https:\/\/kiddotrip.com\/fr\/wp-json\/wp\/v2\/media\/3263"}],"wp:attachment":[{"href":"https:\/\/kiddotrip.com\/fr\/wp-json\/wp\/v2\/media?parent=3248"}],"wp:term":[{"taxonomy":"product_cat","embeddable":true,"href":"https:\/\/kiddotrip.com\/fr\/wp-json\/wp\/v2\/product_cat?post=3248"},{"taxonomy":"product_tag","embeddable":true,"href":"https:\/\/kiddotrip.com\/fr\/wp-json\/wp\/v2\/product_tag?post=3248"}],"curies":[{"name":"wp","href":"https:\/\/api.w.org\/{rel}","templated":true}]}}