{"id":2254,"date":"2022-01-19T21:36:30","date_gmt":"2022-01-19T13:36:30","guid":{"rendered":"https:\/\/kiddotrip.com\/?post_type=product&#038;p=2254"},"modified":"2025-06-15T15:35:33","modified_gmt":"2025-06-15T07:35:33","slug":"explore-joue-botanic-gardens","status":"publish","type":"product","link":"https:\/\/kiddotrip.com\/fr\/produit\/explore-joue-botanic-gardens\/","title":{"rendered":"Visiter Botanic Gardens \u00e0 Singapour"},"content":{"rendered":"<div hidden=\"\">2230<\/div>\n<h2><strong>Visiter Botanic Gardens \u00e0 Singapour en famille tout en s&#8217;amusant !<\/strong><\/h2>\n<p>Botanic Gardens \u00e0 Singapour est un magnifique jardin botanique class\u00e9 au patrimoine mondial de l&#8217;UNESCO.<br \/>\nNotre visite autoguid\u00e9e est con\u00e7ue pour les familles avec des enfants de 4 \u00e0 10 ans.<br \/>\nLa visite dure entre 1 h 30 et 2 h et s&#8217;\u00e9tend sur 1,4 km.<\/p>\n<h3>Quand visiter Botanic Gardens \u00e0 Singapour?<\/h3>\n<p>Botanic Gardens est ouvert tous les jours de 5h du matin a minuit. V\u00e9rifier les fermetures exceptionnelles de certaines sections sur le <a href=\"https:\/\/www.nparks.gov.sg\/sbg\">site de NParks<\/a>.<br \/>\nLe meilleure moment pour visiter le jardin botanique est le matin pour \u00e9viter les grosses chaleurs et les pluies, plus fr\u00e9quentes l&#8217;apres-midi.<\/p>\n<h3>Qu&#8217;est-ce qu&#8217;un livre d&#8217;activit\u00e9s Explore&amp;Joue KiddoTrip ?<\/h3>\n<p>Chaque livre d&#8217;activit\u00e9s Explore&amp;Joue est con\u00e7u pour les familles avec des enfants de 4 \u00e0 11 ans et constitue votre compagnon interactif de d\u00e9couverte. Nos livres vous permettent d&#8217;explorer Singapour \u00e0 votre propre rythme, transformant chaque promenade en une qu\u00eate captivante !<\/p>\n<h3>Contenu de chaque livre :<\/h3>\n<ul>\n<li>Votre guide personnel : Une carte d\u00e9taill\u00e9e de Botanic Gardens, soigneusement con\u00e7ue pour guider votre famille \u00e0 travers les points d&#8217;int\u00e9r\u00eat cl\u00e9s.<\/li>\n<li>Des parcours adapt\u00e9s aux familles : Nos itin\u00e9raires, comme celui du jardin botanique (environ 1h30 \u00e0 2h de marche \/ 1,4 km), sont sp\u00e9cifiquement pens\u00e9s pour les familles \u2013 garantissant qu&#8217;ils ne sont ni trop longs ni trop exigeants physiquement pour les petites jambes, rendant l&#8217;exploration agr\u00e9able pour tous.<\/li>\n<li>Des d\u00e9couvertes culturels et historiques : Chaque arr\u00eat comprend une explication concise et captivante sur l&#8217;importance du lieu, couvrant l&#8217;histoire et la culture uniques des Peranakans \u00e0 Singapour.<\/li>\n<li>Des activit\u00e9s interactives : Nos livres regorgent d&#8217;une vari\u00e9t\u00e9 d&#8217;activit\u00e9s amusantes, \u00e9ducatives et immersives. Les enfants adoreront les jeux de recherche, les chasses au tr\u00e9sor, les \u00e9nigmes et les d\u00e9fis &#8220;trouve les diff\u00e9rences&#8221; qui encouragent l&#8217;observation et l&#8217;apprentissage. Ces activit\u00e9s sont con\u00e7ues pour stimuler la curiosit\u00e9, divertir et aider les enfants \u00e0 m\u00e9moriser ce qu&#8217;ils ont d\u00e9couvert.<\/li>\n<\/ul>\n<h3>Adapt\u00e9 aux jeunes explorateurs :<\/h3>\n<p>Nous proposons deux versions distinctes de nos livres d&#8217;activit\u00e9s pour garantir une parfaite ad\u00e9quation avec chaque enfant :<\/p>\n<ul>\n<li>4-7 ans : Activit\u00e9s adapt\u00e9es aux plus jeunes, qui commencent \u00e0 lire ou pr\u00e9f\u00e8rent des t\u00e2ches plus visuelles.<\/li>\n<li>7-11 ans : D\u00e9fis plus complexes et jeux de mots pour les lecteurs confirm\u00e9s.<\/li>\n<\/ul>\n<h3>Comment obtenir votre livre KiddoTrip ?<\/h3>\n<p>Nos livres d&#8217;activit\u00e9s Explore&amp;Joue sont maintenant vendus exclusivement via Amazon pour votre commodit\u00e9. Il vous suffit de visiter notre boutique Amazon via les liens fournis ci-dessus, de choisir la version qui convient \u00e0 votre famille et de la faire livrer directement \u00e0 votre domicile ou \u00e0 votre h\u00f4tel.<\/p>\n","protected":false},"excerpt":{"rendered":"<div class=\"kiddo-tour-header\"><strong>Explorez le jardin botanique de Singapour avec les enfants !<\/strong><\/div>\n<p>D\u00e9couvrez les arbres et fleurs typiques de Singapour ainsi que l&#8217;histoire dont a \u00e9t\u00e9 t\u00e9moin Botanic Gardens avec notre livre d&#8217;activit\u00e9s. Chaque livre inclut une carte pour vous guider dans votre aventure et est rempli de jeux interactifs, d&#8217;\u00e9nigmes et de d\u00e9fis captivants pour stimuler la curiosit\u00e9 et rendre la d\u00e9couverte ludique pour les enfants de 4 \u00e0 11 ans.<\/p>\n<ul>\n<li><a href=\"https:\/\/www.amazon.sg\/SINGAPOUR-dactivit%C3%A9s-d%C3%A9couvrir-botanique-Singapour\/dp\/B0FBKKGBFB?dib=eyJ2IjoiMSJ9.0OkrrKuD6LFXUqG_Iw8sJfiRDXcO8n6DoV_u7cso5857UVXuvTT5eFjEsM3kGoPfSzyXd-OHhc9COQOtNNG7_Tb3Bl-yrShSjmfsO8Xa1G5hqYIuQ3M-ZflDU2hTNUM0g__k8i9U8ilHpel1htFG9Q.pBnl7qDVnkw5ZIhYuq3iC1GJ5H6X7jpk91pc6sSQ4Ho&amp;dib_tag=se&amp;keywords=kiddotrip&amp;qid=1749947968&amp;sr=8-8&amp;linkCode=ll1&amp;tag=kiddotripamaz-22&amp;linkId=ab328f30d83d3f9bafe4e74fb642d204&amp;language=en_SG&amp;ref_=as_li_ss_tl\" target=\"_blank\" rel=\"noopener\">Version fran\u00e7aise (4-7 ans)<\/a><\/li>\n<li><a href=\"https:\/\/www.amazon.sg\/SINGAPOUR-dactivit%C3%A9s-d%C3%A9couvrir-botanique-Singapour\/dp\/B0FBKL35D3?dib=eyJ2IjoiMSJ9.0OkrrKuD6LFXUqG_Iw8sJfiRDXcO8n6DoV_u7cso5857UVXuvTT5eFjEsM3kGoPfSzyXd-OHhc9COQOtNNG7_Tb3Bl-yrShSjmfsO8Xa1G5hqYIuQ3M-ZflDU2hTNUM0g__k8i9U8ilHpel1htFG9Q.pBnl7qDVnkw5ZIhYuq3iC1GJ5H6X7jpk91pc6sSQ4Ho&amp;dib_tag=se&amp;keywords=kiddotrip&amp;qid=1749947968&amp;sr=8-6&amp;linkCode=ll1&amp;tag=kiddotripamaz-22&amp;linkId=fdf92edb7f31773a3d745b732a68e15e&amp;language=en_SG&amp;ref_=as_li_ss_tl\" target=\"_blank\" rel=\"noopener\">Version fran\u00e7aise (7-11 ans)<\/a><\/li>\n<\/ul>\n","protected":false},"featured_media":7640,"comment_status":"closed","ping_status":"closed","template":"","meta":{"om_disable_all_campaigns":false,"_ppp_document_settings_meta":"","site-sidebar-layout":"no-sidebar","site-content-layout":"plain-container","ast-site-content-layout":"normal-width-container","site-content-style":"unboxed","site-sidebar-style":"unboxed","ast-global-header-display":"","ast-banner-title-visibility":"","ast-main-header-display":"","ast-hfb-above-header-display":"","ast-hfb-below-header-display":"","ast-hfb-mobile-header-display":"","site-post-title":"","ast-breadcrumbs-content":"","ast-featured-img":"","footer-sml-layout":"","theme-transparent-header-meta":"default","adv-header-id-meta":"","stick-header-meta":"","header-above-stick-meta":"","header-main-stick-meta":"","header-below-stick-meta":"","astra-migrate-meta-layouts":"set"},"product_cat":[42,88],"product_tag":[92,97],"class_list":{"0":"post-2254","1":"product","2":"type-product","3":"status-publish","4":"has-post-thumbnail","6":"product_cat-explore-joue","7":"product_cat-singapour","8":"product_tag-singapore","9":"product_tag-singapour","10":"desktop-align-left","11":"tablet-align-left","12":"mobile-align-left","14":"first","15":"outofstock","16":"featured","17":"purchasable","18":"product-type-simple"},"yoast_head":"<!-- This site is optimized with the Yoast SEO plugin v22.8 - https:\/\/yoast.com\/wordpress\/plugins\/seo\/ -->\n<title>Visiter Botanic Gardens \u00e0 Singapour - KiddoTrip<\/title>\n<meta name=\"description\" content=\"Pour visiter Botanic Gardens \u00e0 Singapour, la balade Explore&amp;Joue vous aide a explorer ses arbres et son importance dans l&#039;histoire de Singapour.\" \/>\n<meta name=\"robots\" content=\"index, follow, max-snippet:-1, max-image-preview:large, max-video-preview:-1\" \/>\n<link rel=\"canonical\" href=\"https:\/\/kiddotrip.com\/fr\/produit\/explore-joue-botanic-gardens\/\" \/>\n<meta property=\"og:locale\" content=\"fr_FR\" \/>\n<meta property=\"og:type\" content=\"article\" \/>\n<meta property=\"og:title\" content=\"Visiter Botanic Gardens \u00e0 Singapour - KiddoTrip\" \/>\n<meta property=\"og:description\" content=\"Pour visiter Botanic Gardens \u00e0 Singapour, la balade Explore&amp;Joue vous aide a explorer ses arbres et son importance dans l&#039;histoire de Singapour.\" \/>\n<meta property=\"og:url\" content=\"https:\/\/kiddotrip.com\/fr\/produit\/explore-joue-botanic-gardens\/\" \/>\n<meta property=\"og:site_name\" content=\"KiddoTrip\" \/>\n<meta property=\"article:publisher\" content=\"https:\/\/www.facebook.com\/myKiddoTrip\/\" \/>\n<meta property=\"article:modified_time\" content=\"2025-06-15T07:35:33+00:00\" \/>\n<meta property=\"og:image\" content=\"https:\/\/kiddotrip.com\/wp-content\/uploads\/2022\/01\/FR_BotanicGarden_Cover_500px_72dpi.jpg\" \/>\n\t<meta property=\"og:image:width\" content=\"500\" \/>\n\t<meta property=\"og:image:height\" content=\"500\" \/>\n\t<meta property=\"og:image:type\" content=\"image\/jpeg\" \/>\n<meta name=\"twitter:card\" content=\"summary_large_image\" \/>\n<meta name=\"twitter:label1\" content=\"Dur\u00e9e de lecture estim\u00e9e\" \/>\n\t<meta name=\"twitter:data1\" content=\"3 minutes\" \/>\n<script type=\"application\/ld+json\" class=\"yoast-schema-graph\">{\"@context\":\"https:\/\/schema.org\",\"@graph\":[{\"@type\":\"WebPage\",\"@id\":\"https:\/\/kiddotrip.com\/fr\/produit\/explore-joue-botanic-gardens\/\",\"url\":\"https:\/\/kiddotrip.com\/fr\/produit\/explore-joue-botanic-gardens\/\",\"name\":\"Visiter Botanic Gardens \u00e0 Singapour - KiddoTrip\",\"isPartOf\":{\"@id\":\"https:\/\/kiddotrip.com\/fr\/#website\"},\"primaryImageOfPage\":{\"@id\":\"https:\/\/kiddotrip.com\/fr\/produit\/explore-joue-botanic-gardens\/#primaryimage\"},\"image\":{\"@id\":\"https:\/\/kiddotrip.com\/fr\/produit\/explore-joue-botanic-gardens\/#primaryimage\"},\"thumbnailUrl\":\"https:\/\/kiddotrip.com\/wp-content\/uploads\/2022\/01\/FR_BotanicGarden_Cover_500px_72dpi.jpg\",\"datePublished\":\"2022-01-19T13:36:30+00:00\",\"dateModified\":\"2025-06-15T07:35:33+00:00\",\"description\":\"Pour visiter Botanic Gardens \u00e0 Singapour, la balade Explore&Joue vous aide a explorer ses arbres et son importance dans l'histoire de Singapour.\",\"breadcrumb\":{\"@id\":\"https:\/\/kiddotrip.com\/fr\/produit\/explore-joue-botanic-gardens\/#breadcrumb\"},\"inLanguage\":\"fr-FR\",\"potentialAction\":[{\"@type\":\"ReadAction\",\"target\":[\"https:\/\/kiddotrip.com\/fr\/produit\/explore-joue-botanic-gardens\/\"]}]},{\"@type\":\"ImageObject\",\"inLanguage\":\"fr-FR\",\"@id\":\"https:\/\/kiddotrip.com\/fr\/produit\/explore-joue-botanic-gardens\/#primaryimage\",\"url\":\"https:\/\/kiddotrip.com\/wp-content\/uploads\/2022\/01\/FR_BotanicGarden_Cover_500px_72dpi.jpg\",\"contentUrl\":\"https:\/\/kiddotrip.com\/wp-content\/uploads\/2022\/01\/FR_BotanicGarden_Cover_500px_72dpi.jpg\",\"width\":500,\"height\":500,\"caption\":\"Explore&Joue Botanic Gardens\"},{\"@type\":\"BreadcrumbList\",\"@id\":\"https:\/\/kiddotrip.com\/fr\/produit\/explore-joue-botanic-gardens\/#breadcrumb\",\"itemListElement\":[{\"@type\":\"ListItem\",\"position\":1,\"name\":\"Accueil\",\"item\":\"https:\/\/kiddotrip.com\/fr\/\"},{\"@type\":\"ListItem\",\"position\":2,\"name\":\"Boutique\",\"item\":\"https:\/\/kiddotrip.com\/fr\/boutique\/\"},{\"@type\":\"ListItem\",\"position\":3,\"name\":\"Visiter Botanic Gardens \u00e0 Singapour\"}]},{\"@type\":\"WebSite\",\"@id\":\"https:\/\/kiddotrip.com\/fr\/#website\",\"url\":\"https:\/\/kiddotrip.com\/fr\/\",\"name\":\"KiddoTrip\",\"description\":\"Travel with kids\",\"publisher\":{\"@id\":\"https:\/\/kiddotrip.com\/fr\/#organization\"},\"potentialAction\":[{\"@type\":\"SearchAction\",\"target\":{\"@type\":\"EntryPoint\",\"urlTemplate\":\"https:\/\/kiddotrip.com\/fr\/?s={search_term_string}\"},\"query-input\":\"required name=search_term_string\"}],\"inLanguage\":\"fr-FR\"},{\"@type\":\"Organization\",\"@id\":\"https:\/\/kiddotrip.com\/fr\/#organization\",\"name\":\"KiddoTrip\",\"url\":\"https:\/\/kiddotrip.com\/fr\/\",\"logo\":{\"@type\":\"ImageObject\",\"inLanguage\":\"fr-FR\",\"@id\":\"https:\/\/kiddotrip.com\/fr\/#\/schema\/logo\/image\/\",\"url\":\"https:\/\/kiddotrip.com\/wp-content\/uploads\/2021\/07\/Logo-KiddoTrip_H_1.png\",\"contentUrl\":\"https:\/\/kiddotrip.com\/wp-content\/uploads\/2021\/07\/Logo-KiddoTrip_H_1.png\",\"width\":930,\"height\":180,\"caption\":\"KiddoTrip\"},\"image\":{\"@id\":\"https:\/\/kiddotrip.com\/fr\/#\/schema\/logo\/image\/\"},\"sameAs\":[\"https:\/\/www.facebook.com\/myKiddoTrip\/\",\"https:\/\/www.instagram.com\/kiddotrip\/\"]}]}<\/script>\n<!-- \/ Yoast SEO plugin. -->","yoast_head_json":{"title":"Visiter Botanic Gardens \u00e0 Singapour - KiddoTrip","description":"Pour visiter Botanic Gardens \u00e0 Singapour, la balade Explore&Joue vous aide a explorer ses arbres et son importance dans l'histoire de Singapour.","robots":{"index":"index","follow":"follow","max-snippet":"max-snippet:-1","max-image-preview":"max-image-preview:large","max-video-preview":"max-video-preview:-1"},"canonical":"https:\/\/kiddotrip.com\/fr\/produit\/explore-joue-botanic-gardens\/","og_locale":"fr_FR","og_type":"article","og_title":"Visiter Botanic Gardens \u00e0 Singapour - KiddoTrip","og_description":"Pour visiter Botanic Gardens \u00e0 Singapour, la balade Explore&Joue vous aide a explorer ses arbres et son importance dans l'histoire de Singapour.","og_url":"https:\/\/kiddotrip.com\/fr\/produit\/explore-joue-botanic-gardens\/","og_site_name":"KiddoTrip","article_publisher":"https:\/\/www.facebook.com\/myKiddoTrip\/","article_modified_time":"2025-06-15T07:35:33+00:00","og_image":[{"width":500,"height":500,"url":"https:\/\/kiddotrip.com\/wp-content\/uploads\/2022\/01\/FR_BotanicGarden_Cover_500px_72dpi.jpg","type":"image\/jpeg"}],"twitter_card":"summary_large_image","twitter_misc":{"Dur\u00e9e de lecture estim\u00e9e":"3 minutes"},"schema":{"@context":"https:\/\/schema.org","@graph":[{"@type":"WebPage","@id":"https:\/\/kiddotrip.com\/fr\/produit\/explore-joue-botanic-gardens\/","url":"https:\/\/kiddotrip.com\/fr\/produit\/explore-joue-botanic-gardens\/","name":"Visiter Botanic Gardens \u00e0 Singapour - KiddoTrip","isPartOf":{"@id":"https:\/\/kiddotrip.com\/fr\/#website"},"primaryImageOfPage":{"@id":"https:\/\/kiddotrip.com\/fr\/produit\/explore-joue-botanic-gardens\/#primaryimage"},"image":{"@id":"https:\/\/kiddotrip.com\/fr\/produit\/explore-joue-botanic-gardens\/#primaryimage"},"thumbnailUrl":"https:\/\/kiddotrip.com\/wp-content\/uploads\/2022\/01\/FR_BotanicGarden_Cover_500px_72dpi.jpg","datePublished":"2022-01-19T13:36:30+00:00","dateModified":"2025-06-15T07:35:33+00:00","description":"Pour visiter Botanic Gardens \u00e0 Singapour, la balade Explore&Joue vous aide a explorer ses arbres et son importance dans l'histoire de Singapour.","breadcrumb":{"@id":"https:\/\/kiddotrip.com\/fr\/produit\/explore-joue-botanic-gardens\/#breadcrumb"},"inLanguage":"fr-FR","potentialAction":[{"@type":"ReadAction","target":["https:\/\/kiddotrip.com\/fr\/produit\/explore-joue-botanic-gardens\/"]}]},{"@type":"ImageObject","inLanguage":"fr-FR","@id":"https:\/\/kiddotrip.com\/fr\/produit\/explore-joue-botanic-gardens\/#primaryimage","url":"https:\/\/kiddotrip.com\/wp-content\/uploads\/2022\/01\/FR_BotanicGarden_Cover_500px_72dpi.jpg","contentUrl":"https:\/\/kiddotrip.com\/wp-content\/uploads\/2022\/01\/FR_BotanicGarden_Cover_500px_72dpi.jpg","width":500,"height":500,"caption":"Explore&Joue Botanic Gardens"},{"@type":"BreadcrumbList","@id":"https:\/\/kiddotrip.com\/fr\/produit\/explore-joue-botanic-gardens\/#breadcrumb","itemListElement":[{"@type":"ListItem","position":1,"name":"Accueil","item":"https:\/\/kiddotrip.com\/fr\/"},{"@type":"ListItem","position":2,"name":"Boutique","item":"https:\/\/kiddotrip.com\/fr\/boutique\/"},{"@type":"ListItem","position":3,"name":"Visiter Botanic Gardens \u00e0 Singapour"}]},{"@type":"WebSite","@id":"https:\/\/kiddotrip.com\/fr\/#website","url":"https:\/\/kiddotrip.com\/fr\/","name":"KiddoTrip","description":"Travel with kids","publisher":{"@id":"https:\/\/kiddotrip.com\/fr\/#organization"},"potentialAction":[{"@type":"SearchAction","target":{"@type":"EntryPoint","urlTemplate":"https:\/\/kiddotrip.com\/fr\/?s={search_term_string}"},"query-input":"required name=search_term_string"}],"inLanguage":"fr-FR"},{"@type":"Organization","@id":"https:\/\/kiddotrip.com\/fr\/#organization","name":"KiddoTrip","url":"https:\/\/kiddotrip.com\/fr\/","logo":{"@type":"ImageObject","inLanguage":"fr-FR","@id":"https:\/\/kiddotrip.com\/fr\/#\/schema\/logo\/image\/","url":"https:\/\/kiddotrip.com\/wp-content\/uploads\/2021\/07\/Logo-KiddoTrip_H_1.png","contentUrl":"https:\/\/kiddotrip.com\/wp-content\/uploads\/2021\/07\/Logo-KiddoTrip_H_1.png","width":930,"height":180,"caption":"KiddoTrip"},"image":{"@id":"https:\/\/kiddotrip.com\/fr\/#\/schema\/logo\/image\/"},"sameAs":["https:\/\/www.facebook.com\/myKiddoTrip\/","https:\/\/www.instagram.com\/kiddotrip\/"]}]}},"_links":{"self":[{"href":"https:\/\/kiddotrip.com\/fr\/wp-json\/wp\/v2\/product\/2254","targetHints":{"allow":["GET"]}}],"collection":[{"href":"https:\/\/kiddotrip.com\/fr\/wp-json\/wp\/v2\/product"}],"about":[{"href":"https:\/\/kiddotrip.com\/fr\/wp-json\/wp\/v2\/types\/product"}],"replies":[{"embeddable":true,"href":"https:\/\/kiddotrip.com\/fr\/wp-json\/wp\/v2\/comments?post=2254"}],"wp:featuredmedia":[{"embeddable":true,"href":"https:\/\/kiddotrip.com\/fr\/wp-json\/wp\/v2\/media\/7640"}],"wp:attachment":[{"href":"https:\/\/kiddotrip.com\/fr\/wp-json\/wp\/v2\/media?parent=2254"}],"wp:term":[{"taxonomy":"product_cat","embeddable":true,"href":"https:\/\/kiddotrip.com\/fr\/wp-json\/wp\/v2\/product_cat?post=2254"},{"taxonomy":"product_tag","embeddable":true,"href":"https:\/\/kiddotrip.com\/fr\/wp-json\/wp\/v2\/product_tag?post=2254"}],"curies":[{"name":"wp","href":"https:\/\/api.w.org\/{rel}","templated":true}]}}