{"id":7626,"date":"2024-11-14T15:34:42","date_gmt":"2024-11-14T07:34:42","guid":{"rendered":"https:\/\/kiddotrip.com\/?page_id=7626"},"modified":"2024-11-14T15:34:44","modified_gmt":"2024-11-14T07:34:44","slug":"contact","status":"publish","type":"page","link":"https:\/\/kiddotrip.com\/fr\/contact\/","title":{"rendered":"Contactez-Nous"},"content":{"rendered":"\n<p>Nous sommes l\u00e0 pour rendre votre exploration de Singapour en famille inoubliable\u202f! Que vous ayez une question sur nos visites, besoin d&#8217;aide pour une commande, ou que vous souhaitiez simplement nous dire bonjour, n&#8217;h\u00e9sitez pas \u00e0 nous contacter.<\/p>\n\n\n\n<h2 class=\"wp-block-heading\"><strong>Nous Contacter<\/strong><\/h2>\n\n\n\n<ul class=\"wp-block-list\">\n<li><strong>Email<\/strong> : <a href=\"mailto:contact@kiddotrip.com\">contact@kiddotrip.com<\/a><br>Nous r\u00e9pondons sous 24 heures.<br><\/li>\n\n\n\n<li><strong>Whatsapp<\/strong> : +6 5 9 6 5 2 6 4 7 3 <em>(uniquement pour les urgences)<\/em><br>Si vous \u00eates pr\u00eat \u00e0 visiter et que notre application mobile ne fonctionne pas, vous pouvez nous contacter de <strong>9h \u00e0 18h SGT<\/strong>. Nous ferons de notre mieux pour r\u00e9soudre le probl\u00e8me rapidement.<br><\/li>\n<\/ul>\n\n\n\n<h2 class=\"wp-block-heading\"><strong>Suivez-nous sur les R\u00e9seaux Sociaux<\/strong><\/h2>\n\n\n\n<p>Restez inform\u00e9 de nos derni\u00e8res visites, de nos conseils pour explorer Singapour avec des enfants, et de nos offres sp\u00e9ciales :<\/p>\n\n\n\n<ul class=\"wp-block-list\">\n<li><strong><a href=\"https:\/\/facebook.com\/mykiddotrip\">Facebook<\/a><\/strong><\/li>\n\n\n\n<li><strong><a href=\"https:\/\/www.instagram.com\/kiddotrip\">Instagram<\/a><\/strong><\/li>\n<\/ul>\n\n\n\n<hr class=\"wp-block-separator has-alpha-channel-opacity\"\/>\n\n\n\n<h2 class=\"wp-block-heading\"><strong>Foire Aux Questions<\/strong><\/h2>\n\n\n\n<p>Consultez notre <a href=\"https:\/\/kiddotrip.com\/faq\/\">page FAQ<\/a> pour trouver des r\u00e9ponses aux questions courantes sur nos visites, notre application et plus encore.<\/p>\n\n\n\n<h2 class=\"wp-block-heading\"><strong>Besoin d&#8217;Aide pour Votre Commande ?<\/strong><\/h2>\n\n\n\n<p>Si vous rencontrez des probl\u00e8mes pour acc\u00e9der au guide audio ou si vous n&#8217;avez pas re\u00e7u le carnet d&#8217;activit\u00e9s, veuillez mentionner votre num\u00e9ro de commande pour faciliter notre assistance.<\/p>\n\n\n\n<hr class=\"wp-block-separator has-alpha-channel-opacity\"\/>\n\n\n\n<h2 class=\"wp-block-heading\"><strong>Retours et Avis<\/strong><\/h2>\n\n\n\n<p>Nous adorons avoir des retours sur votre exp\u00e9rience ! Si vous avez r\u00e9cemment particip\u00e9 \u00e0 une de nos visites, dites-nous comment cela s&#8217;est pass\u00e9. Vos retours nous aident \u00e0 offrir des exp\u00e9riences encore meilleures pour les familles.<\/p>\n\n\n\n<figure class=\"wp-block-image aligncenter size-large\"><img loading=\"lazy\" decoding=\"async\" width=\"1024\" height=\"295\" src=\"https:\/\/kiddotrip.com\/wp-content\/uploads\/2023\/03\/KiddoTrip_Cover_Soleil-Jaune-3-1024x295.webp\" alt=\"\" class=\"wp-image-4089\" srcset=\"https:\/\/kiddotrip.com\/wp-content\/uploads\/2023\/03\/KiddoTrip_Cover_Soleil-Jaune-3-1024x295.webp 1024w, https:\/\/kiddotrip.com\/wp-content\/uploads\/2023\/03\/KiddoTrip_Cover_Soleil-Jaune-3-300x87.webp 300w, https:\/\/kiddotrip.com\/wp-content\/uploads\/2023\/03\/KiddoTrip_Cover_Soleil-Jaune-3-768x222.webp 768w, https:\/\/kiddotrip.com\/wp-content\/uploads\/2023\/03\/KiddoTrip_Cover_Soleil-Jaune-3-1536x443.webp 1536w, https:\/\/kiddotrip.com\/wp-content\/uploads\/2023\/03\/KiddoTrip_Cover_Soleil-Jaune-3-2048x591.webp 2048w, https:\/\/kiddotrip.com\/wp-content\/uploads\/2023\/03\/KiddoTrip_Cover_Soleil-Jaune-3-600x173.webp 600w\" sizes=\"auto, (max-width: 1024px) 100vw, 1024px\" \/><\/figure>\n\n\n\n<p><\/p>\n","protected":false},"excerpt":{"rendered":"<p>Nous sommes l\u00e0 pour rendre votre exploration de Singapour en famille inoubliable\u202f! Que vous ayez une question sur nos visites, besoin d&#8217;aide pour une commande, ou que vous souhaitiez simplement nous dire bonjour, n&#8217;h\u00e9sitez pas \u00e0 nous contacter. Nous Contacter Suivez-nous sur les R\u00e9seaux Sociaux Restez inform\u00e9 de nos derni\u00e8res visites, de nos conseils pour &hellip;<\/p>\n<p class=\"read-more\"> <a class=\"\" href=\"https:\/\/kiddotrip.com\/fr\/contact\/\"> <span class=\"screen-reader-text\">Contactez-Nous<\/span> Lire la suite\u00a0\u00bb<\/a><\/p>\n","protected":false},"author":1,"featured_media":0,"parent":0,"menu_order":0,"comment_status":"closed","ping_status":"closed","template":"","meta":{"om_disable_all_campaigns":false,"_ppp_document_settings_meta":"","site-sidebar-layout":"default","site-content-layout":"","ast-site-content-layout":"default","site-content-style":"default","site-sidebar-style":"default","ast-global-header-display":"","ast-banner-title-visibility":"","ast-main-header-display":"","ast-hfb-above-header-display":"","ast-hfb-below-header-display":"","ast-hfb-mobile-header-display":"","site-post-title":"","ast-breadcrumbs-content":"","ast-featured-img":"","footer-sml-layout":"","theme-transparent-header-meta":"","adv-header-id-meta":"","stick-header-meta":"","header-above-stick-meta":"","header-main-stick-meta":"","header-below-stick-meta":"","astra-migrate-meta-layouts":"set","footnotes":""},"class_list":["post-7626","page","type-page","status-publish","hentry"],"yoast_head":"<!-- This site is optimized with the Yoast SEO plugin v22.8 - https:\/\/yoast.com\/wordpress\/plugins\/seo\/ -->\n<title>Contactez-Nous - KiddoTrip<\/title>\n<meta name=\"description\" content=\"Contactez-nous par e-mail, par t\u00e9l\u00e9phone ou via les r\u00e9seaux sociaux, pour toute question concernant nos circuits familiaux \u00e0 Singapour.\" \/>\n<meta name=\"robots\" content=\"index, follow, max-snippet:-1, max-image-preview:large, max-video-preview:-1\" \/>\n<link rel=\"canonical\" href=\"https:\/\/kiddotrip.com\/fr\/contact\/\" \/>\n<meta property=\"og:locale\" content=\"fr_FR\" \/>\n<meta property=\"og:type\" content=\"article\" \/>\n<meta property=\"og:title\" content=\"Contactez-Nous - KiddoTrip\" \/>\n<meta property=\"og:description\" content=\"Contactez-nous par e-mail, par t\u00e9l\u00e9phone ou via les r\u00e9seaux sociaux, pour toute question concernant nos circuits familiaux \u00e0 Singapour.\" \/>\n<meta property=\"og:url\" content=\"https:\/\/kiddotrip.com\/fr\/contact\/\" \/>\n<meta property=\"og:site_name\" content=\"KiddoTrip\" \/>\n<meta property=\"article:publisher\" content=\"https:\/\/www.facebook.com\/myKiddoTrip\/\" \/>\n<meta property=\"article:modified_time\" content=\"2024-11-14T07:34:44+00:00\" \/>\n<meta property=\"og:image\" content=\"https:\/\/kiddotrip.com\/wp-content\/uploads\/2023\/03\/KiddoTrip_Cover_Soleil-Jaune-3-1024x295.webp\" \/>\n<meta name=\"twitter:card\" content=\"summary_large_image\" \/>\n<meta name=\"twitter:label1\" content=\"Dur\u00e9e de lecture estim\u00e9e\" \/>\n\t<meta name=\"twitter:data1\" content=\"2 minutes\" \/>\n<script type=\"application\/ld+json\" class=\"yoast-schema-graph\">{\"@context\":\"https:\/\/schema.org\",\"@graph\":[{\"@type\":\"WebPage\",\"@id\":\"https:\/\/kiddotrip.com\/fr\/contact\/\",\"url\":\"https:\/\/kiddotrip.com\/fr\/contact\/\",\"name\":\"Contactez-Nous - KiddoTrip\",\"isPartOf\":{\"@id\":\"https:\/\/kiddotrip.com\/fr\/#website\"},\"primaryImageOfPage\":{\"@id\":\"https:\/\/kiddotrip.com\/fr\/contact\/#primaryimage\"},\"image\":{\"@id\":\"https:\/\/kiddotrip.com\/fr\/contact\/#primaryimage\"},\"thumbnailUrl\":\"https:\/\/kiddotrip.com\/wp-content\/uploads\/2023\/03\/KiddoTrip_Cover_Soleil-Jaune-3-1024x295.webp\",\"datePublished\":\"2024-11-14T07:34:42+00:00\",\"dateModified\":\"2024-11-14T07:34:44+00:00\",\"description\":\"Contactez-nous par e-mail, par t\u00e9l\u00e9phone ou via les r\u00e9seaux sociaux, pour toute question concernant nos circuits familiaux \u00e0 Singapour.\",\"breadcrumb\":{\"@id\":\"https:\/\/kiddotrip.com\/fr\/contact\/#breadcrumb\"},\"inLanguage\":\"fr-FR\",\"potentialAction\":[{\"@type\":\"ReadAction\",\"target\":[\"https:\/\/kiddotrip.com\/fr\/contact\/\"]}]},{\"@type\":\"ImageObject\",\"inLanguage\":\"fr-FR\",\"@id\":\"https:\/\/kiddotrip.com\/fr\/contact\/#primaryimage\",\"url\":\"https:\/\/kiddotrip.com\/wp-content\/uploads\/2023\/03\/KiddoTrip_Cover_Soleil-Jaune-3-1024x295.webp\",\"contentUrl\":\"https:\/\/kiddotrip.com\/wp-content\/uploads\/2023\/03\/KiddoTrip_Cover_Soleil-Jaune-3-1024x295.webp\"},{\"@type\":\"BreadcrumbList\",\"@id\":\"https:\/\/kiddotrip.com\/fr\/contact\/#breadcrumb\",\"itemListElement\":[{\"@type\":\"ListItem\",\"position\":1,\"name\":\"Accueil\",\"item\":\"https:\/\/kiddotrip.com\/fr\/\"},{\"@type\":\"ListItem\",\"position\":2,\"name\":\"Contactez-Nous\"}]},{\"@type\":\"WebSite\",\"@id\":\"https:\/\/kiddotrip.com\/fr\/#website\",\"url\":\"https:\/\/kiddotrip.com\/fr\/\",\"name\":\"KiddoTrip\",\"description\":\"Travel with kids\",\"publisher\":{\"@id\":\"https:\/\/kiddotrip.com\/fr\/#organization\"},\"potentialAction\":[{\"@type\":\"SearchAction\",\"target\":{\"@type\":\"EntryPoint\",\"urlTemplate\":\"https:\/\/kiddotrip.com\/fr\/?s={search_term_string}\"},\"query-input\":\"required name=search_term_string\"}],\"inLanguage\":\"fr-FR\"},{\"@type\":\"Organization\",\"@id\":\"https:\/\/kiddotrip.com\/fr\/#organization\",\"name\":\"KiddoTrip\",\"url\":\"https:\/\/kiddotrip.com\/fr\/\",\"logo\":{\"@type\":\"ImageObject\",\"inLanguage\":\"fr-FR\",\"@id\":\"https:\/\/kiddotrip.com\/fr\/#\/schema\/logo\/image\/\",\"url\":\"https:\/\/kiddotrip.com\/wp-content\/uploads\/2021\/07\/Logo-KiddoTrip_H_1.png\",\"contentUrl\":\"https:\/\/kiddotrip.com\/wp-content\/uploads\/2021\/07\/Logo-KiddoTrip_H_1.png\",\"width\":930,\"height\":180,\"caption\":\"KiddoTrip\"},\"image\":{\"@id\":\"https:\/\/kiddotrip.com\/fr\/#\/schema\/logo\/image\/\"},\"sameAs\":[\"https:\/\/www.facebook.com\/myKiddoTrip\/\",\"https:\/\/www.instagram.com\/kiddotrip\/\"]}]}<\/script>\n<!-- \/ Yoast SEO plugin. -->","yoast_head_json":{"title":"Contactez-Nous - KiddoTrip","description":"Contactez-nous par e-mail, par t\u00e9l\u00e9phone ou via les r\u00e9seaux sociaux, pour toute question concernant nos circuits familiaux \u00e0 Singapour.","robots":{"index":"index","follow":"follow","max-snippet":"max-snippet:-1","max-image-preview":"max-image-preview:large","max-video-preview":"max-video-preview:-1"},"canonical":"https:\/\/kiddotrip.com\/fr\/contact\/","og_locale":"fr_FR","og_type":"article","og_title":"Contactez-Nous - KiddoTrip","og_description":"Contactez-nous par e-mail, par t\u00e9l\u00e9phone ou via les r\u00e9seaux sociaux, pour toute question concernant nos circuits familiaux \u00e0 Singapour.","og_url":"https:\/\/kiddotrip.com\/fr\/contact\/","og_site_name":"KiddoTrip","article_publisher":"https:\/\/www.facebook.com\/myKiddoTrip\/","article_modified_time":"2024-11-14T07:34:44+00:00","og_image":[{"url":"https:\/\/kiddotrip.com\/wp-content\/uploads\/2023\/03\/KiddoTrip_Cover_Soleil-Jaune-3-1024x295.webp"}],"twitter_card":"summary_large_image","twitter_misc":{"Dur\u00e9e de lecture estim\u00e9e":"2 minutes"},"schema":{"@context":"https:\/\/schema.org","@graph":[{"@type":"WebPage","@id":"https:\/\/kiddotrip.com\/fr\/contact\/","url":"https:\/\/kiddotrip.com\/fr\/contact\/","name":"Contactez-Nous - KiddoTrip","isPartOf":{"@id":"https:\/\/kiddotrip.com\/fr\/#website"},"primaryImageOfPage":{"@id":"https:\/\/kiddotrip.com\/fr\/contact\/#primaryimage"},"image":{"@id":"https:\/\/kiddotrip.com\/fr\/contact\/#primaryimage"},"thumbnailUrl":"https:\/\/kiddotrip.com\/wp-content\/uploads\/2023\/03\/KiddoTrip_Cover_Soleil-Jaune-3-1024x295.webp","datePublished":"2024-11-14T07:34:42+00:00","dateModified":"2024-11-14T07:34:44+00:00","description":"Contactez-nous par e-mail, par t\u00e9l\u00e9phone ou via les r\u00e9seaux sociaux, pour toute question concernant nos circuits familiaux \u00e0 Singapour.","breadcrumb":{"@id":"https:\/\/kiddotrip.com\/fr\/contact\/#breadcrumb"},"inLanguage":"fr-FR","potentialAction":[{"@type":"ReadAction","target":["https:\/\/kiddotrip.com\/fr\/contact\/"]}]},{"@type":"ImageObject","inLanguage":"fr-FR","@id":"https:\/\/kiddotrip.com\/fr\/contact\/#primaryimage","url":"https:\/\/kiddotrip.com\/wp-content\/uploads\/2023\/03\/KiddoTrip_Cover_Soleil-Jaune-3-1024x295.webp","contentUrl":"https:\/\/kiddotrip.com\/wp-content\/uploads\/2023\/03\/KiddoTrip_Cover_Soleil-Jaune-3-1024x295.webp"},{"@type":"BreadcrumbList","@id":"https:\/\/kiddotrip.com\/fr\/contact\/#breadcrumb","itemListElement":[{"@type":"ListItem","position":1,"name":"Accueil","item":"https:\/\/kiddotrip.com\/fr\/"},{"@type":"ListItem","position":2,"name":"Contactez-Nous"}]},{"@type":"WebSite","@id":"https:\/\/kiddotrip.com\/fr\/#website","url":"https:\/\/kiddotrip.com\/fr\/","name":"KiddoTrip","description":"Travel with kids","publisher":{"@id":"https:\/\/kiddotrip.com\/fr\/#organization"},"potentialAction":[{"@type":"SearchAction","target":{"@type":"EntryPoint","urlTemplate":"https:\/\/kiddotrip.com\/fr\/?s={search_term_string}"},"query-input":"required name=search_term_string"}],"inLanguage":"fr-FR"},{"@type":"Organization","@id":"https:\/\/kiddotrip.com\/fr\/#organization","name":"KiddoTrip","url":"https:\/\/kiddotrip.com\/fr\/","logo":{"@type":"ImageObject","inLanguage":"fr-FR","@id":"https:\/\/kiddotrip.com\/fr\/#\/schema\/logo\/image\/","url":"https:\/\/kiddotrip.com\/wp-content\/uploads\/2021\/07\/Logo-KiddoTrip_H_1.png","contentUrl":"https:\/\/kiddotrip.com\/wp-content\/uploads\/2021\/07\/Logo-KiddoTrip_H_1.png","width":930,"height":180,"caption":"KiddoTrip"},"image":{"@id":"https:\/\/kiddotrip.com\/fr\/#\/schema\/logo\/image\/"},"sameAs":["https:\/\/www.facebook.com\/myKiddoTrip\/","https:\/\/www.instagram.com\/kiddotrip\/"]}]}},"_links":{"self":[{"href":"https:\/\/kiddotrip.com\/fr\/wp-json\/wp\/v2\/pages\/7626","targetHints":{"allow":["GET"]}}],"collection":[{"href":"https:\/\/kiddotrip.com\/fr\/wp-json\/wp\/v2\/pages"}],"about":[{"href":"https:\/\/kiddotrip.com\/fr\/wp-json\/wp\/v2\/types\/page"}],"author":[{"embeddable":true,"href":"https:\/\/kiddotrip.com\/fr\/wp-json\/wp\/v2\/users\/1"}],"replies":[{"embeddable":true,"href":"https:\/\/kiddotrip.com\/fr\/wp-json\/wp\/v2\/comments?post=7626"}],"version-history":[{"count":1,"href":"https:\/\/kiddotrip.com\/fr\/wp-json\/wp\/v2\/pages\/7626\/revisions"}],"predecessor-version":[{"id":7628,"href":"https:\/\/kiddotrip.com\/fr\/wp-json\/wp\/v2\/pages\/7626\/revisions\/7628"}],"wp:attachment":[{"href":"https:\/\/kiddotrip.com\/fr\/wp-json\/wp\/v2\/media?parent=7626"}],"curies":[{"name":"wp","href":"https:\/\/api.w.org\/{rel}","templated":true}]}}