{"id":7302,"date":"2024-09-09T15:57:04","date_gmt":"2024-09-09T07:57:04","guid":{"rendered":"https:\/\/kiddotrip.com\/?page_id=7302"},"modified":"2024-09-09T16:05:01","modified_gmt":"2024-09-09T08:05:01","slug":"application-audioguide","status":"publish","type":"page","link":"https:\/\/kiddotrip.com\/fr\/application-audioguide\/","title":{"rendered":"D\u00e9couvrez Singapour avec notre application audioguide"},"content":{"rendered":"\n<p>Notre application audioguide est la solution id\u00e9ale pour votre sortie en famille \u00e0 Singapour, offrant une mani\u00e8re unique et engageante d&#8217;explorer la ville ! Con\u00e7ue pour les familles, notre application propose une multitude d&#8217;informations et d&#8217;activit\u00e9s pour rendre votre journ\u00e9e inoubliable.<\/p>\n\n\n\n<p>T\u00e9l\u00e9chargez notre application mobile d\u00e8s maintenant pour commencer votre exploration en famille :<\/p>\n\n\n\n<div class=\"wp-block-columns is-layout-flex wp-container-core-columns-is-layout-28f84493 wp-block-columns-is-layout-flex\">\n<div class=\"wp-block-column is-layout-flow wp-block-column-is-layout-flow\">\n<div class=\"wp-block-buttons is-content-justification-center is-layout-flex wp-container-core-buttons-is-layout-a89b3969 wp-block-buttons-is-layout-flex\">\n<div class=\"wp-block-button\"><a class=\"wp-block-button__link wp-element-button\" href=\"https:\/\/apps.apple.com\/in\/app\/kiddotrip\/id6462991887\">App Store<\/a><\/div>\n<\/div>\n<\/div>\n\n\n\n<div class=\"wp-block-column is-vertically-aligned-center is-layout-flow wp-block-column-is-layout-flow\">\n<div class=\"wp-block-buttons is-content-justification-center is-layout-flex wp-container-core-buttons-is-layout-a89b3969 wp-block-buttons-is-layout-flex\">\n<div class=\"wp-block-button\"><a class=\"wp-block-button__link wp-element-button\" href=\"https:\/\/play.google.com\/store\/apps\/details?id=com.kiddotrip&amp;hl=en\">Google Play<\/a><\/div>\n<\/div>\n<\/div>\n<\/div>\n\n\n\n<div style=\"height:30px\" aria-hidden=\"true\" class=\"wp-block-spacer\"><\/div>\n\n\n\n<h2 class=\"wp-block-heading\">Acc\u00e9dez \u00e0 nos visites Explore&amp;Joue dans notre application audioguide<\/h2>\n\n\n\n<p><strong>Si vous avez d\u00e9j\u00e0 achet\u00e9 l&#8217;une de nos visites Explore&amp;Joue<\/strong>, notre application est votre compagnon indispensable. T\u00e9l\u00e9chargez l&#8217;audioguide et profitez d&#8217;une exp\u00e9rience fluide, m\u00eame sans connexion Internet. Nos guides touristiques professionnels vous fourniront des explications int\u00e9ressantes et des histoires captivantes, tandis que notre cahier d&#8217;activit\u00e9s divertira et fera apprendre aux jeunes esprits.<\/p>\n\n\n\n<p>Notre application audioguide offre la meilleure exp\u00e9rience pour visiter Singapour, avec vos enfants, en toute autonomie :<\/p>\n\n\n\n<ul class=\"wp-block-list\">\n<li><strong>Un compte, plusieurs appareils :<\/strong> Chaque adulte et adolescent peut utiliser son propre appareil pour \u00e9couter l&#8217;audioguide confortablement.<\/li>\n\n\n\n<li><strong>\u00c9conomisez sur les donn\u00e9es et les frais d&#8217;itin\u00e9rance :<\/strong> T\u00e9l\u00e9chargez nos audioguides et nos cartes hors ligne en un seul clic avant de partir.<\/li>\n\n\n\n<li><strong>Trouvez votre chemin avec le GPS :<\/strong> Notre application utilise le GPS de votre t\u00e9l\u00e9phone pour localiser pr\u00e9cis\u00e9ment votre position, ce qui vous permet de trouver facilement le prochain point d&#8217;int\u00e9r\u00eat.<\/li>\n\n\n\n<li><strong>Disponible gratuitement sur iPhones :<\/strong> <a href=\"https:\/\/apps.apple.com\/in\/app\/kiddotrip\/id6462991887\">T\u00e9l\u00e9chargez sur l&#8217;App Store<\/a> <\/li>\n\n\n\n<li><strong>Disponible gratuitement sur t\u00e9l\u00e9phones Android :<\/strong> <a href=\"https:\/\/play.google.com\/store\/apps\/details?id=com.kiddotrip\">T\u00e9l\u00e9chargez sur Google Play Store<\/a><\/li>\n<\/ul>\n\n\n\n<p><strong>Vous n&#8217;avez pas encore achet\u00e9 de visite Explore&amp;Joue?<\/strong><\/p>\n\n\n\n<p>Nos visites autoguid\u00e9es sont parfaites pour les familles avec des enfants de 4 \u00e0 10 ans. Chaque visite comprend un cahier d&#8217;activit\u00e9s pour occuper les enfants et un guide audio narr\u00e9 par un guide touristique professionnel.<\/p>\n\n\n<div data-block-name=\"woocommerce\/products-by-attribute\" data-columns=\"4\" data-content-visibility=\"{&quot;image&quot;:true,&quot;title&quot;:false,&quot;price&quot;:false,&quot;rating&quot;:true,&quot;button&quot;:false}\" class=\"wc-block-grid wp-block-products-by-attribute wc-block-products-by-attribute has-4-columns has-multiple-rows\"><ul class=\"wc-block-grid__products\"><li class=\"wc-block-grid__product\">\n\t\t\t\t<a href=\"https:\/\/kiddotrip.com\/fr\/produit\/visiter-joo-chiat-avec-vos-enfants\/\" class=\"wc-block-grid__product-link\">\n\t\t\t\t\t\n\t\t\t\t\t<div class=\"wc-block-grid__product-image\"><img loading=\"lazy\" decoding=\"async\" width=\"300\" height=\"300\" src=\"https:\/\/kiddotrip.com\/wp-content\/uploads\/2023\/08\/JooChiat_FR_Carre_1080px-300x300.jpg\" class=\"attachment-woocommerce_thumbnail size-woocommerce_thumbnail\" alt=\"Explore&amp;Joue Joo Chiat\" srcset=\"https:\/\/kiddotrip.com\/wp-content\/uploads\/2023\/08\/JooChiat_FR_Carre_1080px-300x300.jpg 300w, https:\/\/kiddotrip.com\/wp-content\/uploads\/2023\/08\/JooChiat_FR_Carre_1080px-1024x1024.jpg 1024w, https:\/\/kiddotrip.com\/wp-content\/uploads\/2023\/08\/JooChiat_FR_Carre_1080px-150x150.jpg 150w, https:\/\/kiddotrip.com\/wp-content\/uploads\/2023\/08\/JooChiat_FR_Carre_1080px-768x768.jpg 768w, https:\/\/kiddotrip.com\/wp-content\/uploads\/2023\/08\/JooChiat_FR_Carre_1080px-600x600.jpg 600w, https:\/\/kiddotrip.com\/wp-content\/uploads\/2023\/08\/JooChiat_FR_Carre_1080px-100x100.jpg 100w, https:\/\/kiddotrip.com\/wp-content\/uploads\/2023\/08\/JooChiat_FR_Carre_1080px.jpg 1080w\" sizes=\"auto, (max-width: 300px) 100vw, 300px\" \/><\/div>\n\t\t\t\t\t\n\t\t\t\t<\/a>\n\t\t\t\t\n\t\t\t\t\n\t\t\t\t\n\t\t\t<\/li><li class=\"wc-block-grid__product\">\n\t\t\t\t<a href=\"https:\/\/kiddotrip.com\/fr\/produit\/visiter-sg-littleindia\/\" class=\"wc-block-grid__product-link\">\n\t\t\t\t\t\n\t\t\t\t\t<div class=\"wc-block-grid__product-image\"><img loading=\"lazy\" decoding=\"async\" width=\"300\" height=\"300\" src=\"https:\/\/kiddotrip.com\/wp-content\/uploads\/2022\/10\/FR_Couv_Generic-300x300.jpg\" class=\"attachment-woocommerce_thumbnail size-woocommerce_thumbnail\" alt=\"visiter singapour avec des enfants : cahier d&#039;activit\u00e9s Little India\" srcset=\"https:\/\/kiddotrip.com\/wp-content\/uploads\/2022\/10\/FR_Couv_Generic-300x300.jpg 300w, https:\/\/kiddotrip.com\/wp-content\/uploads\/2022\/10\/FR_Couv_Generic-1024x1024.jpg 1024w, https:\/\/kiddotrip.com\/wp-content\/uploads\/2022\/10\/FR_Couv_Generic-150x150.jpg 150w, https:\/\/kiddotrip.com\/wp-content\/uploads\/2022\/10\/FR_Couv_Generic-768x768.jpg 768w, https:\/\/kiddotrip.com\/wp-content\/uploads\/2022\/10\/FR_Couv_Generic-1536x1536.jpg 1536w, https:\/\/kiddotrip.com\/wp-content\/uploads\/2022\/10\/FR_Couv_Generic-2048x2048.jpg 2048w, https:\/\/kiddotrip.com\/wp-content\/uploads\/2022\/10\/FR_Couv_Generic-600x600.jpg 600w, https:\/\/kiddotrip.com\/wp-content\/uploads\/2022\/10\/FR_Couv_Generic-100x100.jpg 100w\" sizes=\"auto, (max-width: 300px) 100vw, 300px\" \/><\/div>\n\t\t\t\t\t\n\t\t\t\t<\/a>\n\t\t\t\t\n\t\t\t\t\n\t\t\t\t\n\t\t\t<\/li><li class=\"wc-block-grid__product\">\n\t\t\t\t<a href=\"https:\/\/kiddotrip.com\/fr\/produit\/visite-chinatown\/\" class=\"wc-block-grid__product-link\">\n\t\t\t\t\t\n\t\t\t\t\t<div class=\"wc-block-grid__product-image\"><img loading=\"lazy\" decoding=\"async\" width=\"300\" height=\"300\" src=\"https:\/\/kiddotrip.com\/wp-content\/uploads\/2022\/09\/Chinatown_FR_Cover-1080-300x300.jpg\" class=\"attachment-woocommerce_thumbnail size-woocommerce_thumbnail\" alt=\"Explore &amp; Joue \u00e0 Chinatown\" srcset=\"https:\/\/kiddotrip.com\/wp-content\/uploads\/2022\/09\/Chinatown_FR_Cover-1080-300x300.jpg 300w, https:\/\/kiddotrip.com\/wp-content\/uploads\/2022\/09\/Chinatown_FR_Cover-1080-1024x1024.jpg 1024w, https:\/\/kiddotrip.com\/wp-content\/uploads\/2022\/09\/Chinatown_FR_Cover-1080-150x150.jpg 150w, https:\/\/kiddotrip.com\/wp-content\/uploads\/2022\/09\/Chinatown_FR_Cover-1080-768x768.jpg 768w, https:\/\/kiddotrip.com\/wp-content\/uploads\/2022\/09\/Chinatown_FR_Cover-1080-600x600.jpg 600w, https:\/\/kiddotrip.com\/wp-content\/uploads\/2022\/09\/Chinatown_FR_Cover-1080-100x100.jpg 100w, https:\/\/kiddotrip.com\/wp-content\/uploads\/2022\/09\/Chinatown_FR_Cover-1080.jpg 1080w\" sizes=\"auto, (max-width: 300px) 100vw, 300px\" \/><\/div>\n\t\t\t\t\t\n\t\t\t\t<\/a>\n\t\t\t\t\n\t\t\t\t\n\t\t\t\t\n\t\t\t<\/li><li class=\"wc-block-grid__product\">\n\t\t\t\t<a href=\"https:\/\/kiddotrip.com\/fr\/produit\/explore-joue-botanic-gardens\/\" class=\"wc-block-grid__product-link\">\n\t\t\t\t\t\n\t\t\t\t\t<div class=\"wc-block-grid__product-image\"><img loading=\"lazy\" decoding=\"async\" width=\"300\" height=\"300\" src=\"https:\/\/kiddotrip.com\/wp-content\/uploads\/2022\/01\/FR_BotanicGarden_Cover_500px_72dpi-300x300.jpg\" class=\"attachment-woocommerce_thumbnail size-woocommerce_thumbnail\" alt=\"Explore&amp;Joue Botanic Gardens\" srcset=\"https:\/\/kiddotrip.com\/wp-content\/uploads\/2022\/01\/FR_BotanicGarden_Cover_500px_72dpi-300x300.jpg 300w, https:\/\/kiddotrip.com\/wp-content\/uploads\/2022\/01\/FR_BotanicGarden_Cover_500px_72dpi-150x150.jpg 150w, https:\/\/kiddotrip.com\/wp-content\/uploads\/2022\/01\/FR_BotanicGarden_Cover_500px_72dpi-100x100.jpg 100w, https:\/\/kiddotrip.com\/wp-content\/uploads\/2022\/01\/FR_BotanicGarden_Cover_500px_72dpi.jpg 500w\" sizes=\"auto, (max-width: 300px) 100vw, 300px\" \/><\/div>\n\t\t\t\t\t\n\t\t\t\t<\/a>\n\t\t\t\t\n\t\t\t\t\n\t\t\t\t\n\t\t\t<\/li><\/ul><\/div>\n\n\n<p>Vous h\u00e9sitez encore ? Lisez l&#8217;article: <a href=\"https:\/\/kiddotrip.com\/fr\/apropos-visites-autonomes\/\">Pourquoi nos visites autonomes sont parfaites pour les familles&nbsp;?<\/a><\/p>\n\n\n\n<h2 class=\"wp-block-heading\">Au-del\u00e0 des visites : Explorez les tr\u00e9sors cach\u00e9s de Singapour<\/h2>\n\n\n\n<p>Notre application va au-del\u00e0 de la visite guid\u00e9e traditionnelle. Explorez notre carte interactive et d\u00e9couvrez de nombreuses attractions adapt\u00e9es aux familles :<\/p>\n\n\n\n<ul class=\"wp-block-list\">\n<li><strong>Sites touristiques :<\/strong> Admirez des monuments embl\u00e9matiques et des tr\u00e9sors cach\u00e9s que la plupart des touristes manquent.<\/li>\n\n\n\n<li><strong>Restaurants adapt\u00e9s aux familles :<\/strong> Trouvez de d\u00e9licieux restauration qui conviennent \u00e0 tous les go\u00fbts et \u00e0 tous les \u00e2ges.<\/li>\n\n\n\n<li><strong>Meilleurs aires de jeux :<\/strong> Gardez les enfants divertis et actifs avec notre liste s\u00e9lectionn\u00e9e d&#8217;aires de jeux.<\/li>\n<\/ul>\n\n\n\n<h2 class=\"wp-block-heading\">Bient\u00f4t&#8230;<\/h2>\n\n\n\n<p>Nous ajouterons bient\u00f4t dans notre application des recommandations pour d&#8217;autres endroits en Asie. Restez \u00e0 l&#8217;\u00e9coute !<\/p>\n\n\n\n<h2 class=\"wp-block-heading\">T\u00e9l\u00e9chargez notre application audioguide d\u00e8s aujourd&#8217;hui !<\/h2>\n\n\n\n<p>Pr\u00eat \u00e0 partir \u00e0 l&#8217;aventure \u00e0 Singapour ? T\u00e9l\u00e9chargez notre application audioguide et commencez \u00e0 explorer ! Que vous habitiez \u00e0 Singapour ou que vous soyez un visiteur, notre application est utile \u00e0 toutes les familles.<\/p>\n\n\n\n<div class=\"wp-block-columns is-layout-flex wp-container-core-columns-is-layout-28f84493 wp-block-columns-is-layout-flex\">\n<div class=\"wp-block-column is-layout-flow wp-block-column-is-layout-flow\">\n<div class=\"wp-block-buttons is-content-justification-center is-layout-flex wp-container-core-buttons-is-layout-a89b3969 wp-block-buttons-is-layout-flex\">\n<div class=\"wp-block-button\"><a class=\"wp-block-button__link wp-element-button\" href=\"https:\/\/apps.apple.com\/in\/app\/kiddotrip\/id6462991887\">iOS<\/a><\/div>\n<\/div>\n<\/div>\n\n\n\n<div class=\"wp-block-column is-vertically-aligned-center is-layout-flow wp-block-column-is-layout-flow\">\n<div class=\"wp-block-buttons is-content-justification-center is-layout-flex wp-container-core-buttons-is-layout-a89b3969 wp-block-buttons-is-layout-flex\">\n<div class=\"wp-block-button\"><a class=\"wp-block-button__link wp-element-button\" href=\"https:\/\/play.google.com\/store\/apps\/details?id=com.kiddotrip&amp;hl=en\">Android<\/a><\/div>\n<\/div>\n<\/div>\n<\/div>\n\n\n\n<div style=\"height:30px\" aria-hidden=\"true\" class=\"wp-block-spacer\"><\/div>\n","protected":false},"excerpt":{"rendered":"<p>Notre application audioguide est la solution id\u00e9ale pour votre sortie en famille \u00e0 Singapour, offrant une mani\u00e8re unique et engageante d&#8217;explorer la ville ! Con\u00e7ue pour les familles, notre application propose une multitude d&#8217;informations et d&#8217;activit\u00e9s pour rendre votre journ\u00e9e inoubliable. T\u00e9l\u00e9chargez notre application mobile d\u00e8s maintenant pour commencer votre exploration en famille : Acc\u00e9dez &hellip;<\/p>\n<p class=\"read-more\"> <a class=\"\" href=\"https:\/\/kiddotrip.com\/fr\/application-audioguide\/\"> <span class=\"screen-reader-text\">D\u00e9couvrez Singapour avec notre application audioguide<\/span> Lire la suite\u00a0\u00bb<\/a><\/p>\n","protected":false},"author":1,"featured_media":0,"parent":0,"menu_order":0,"comment_status":"closed","ping_status":"closed","template":"","meta":{"om_disable_all_campaigns":false,"_ppp_document_settings_meta":"","site-sidebar-layout":"default","site-content-layout":"","ast-site-content-layout":"default","site-content-style":"default","site-sidebar-style":"default","ast-global-header-display":"","ast-banner-title-visibility":"","ast-main-header-display":"","ast-hfb-above-header-display":"","ast-hfb-below-header-display":"","ast-hfb-mobile-header-display":"","site-post-title":"","ast-breadcrumbs-content":"","ast-featured-img":"","footer-sml-layout":"","theme-transparent-header-meta":"","adv-header-id-meta":"","stick-header-meta":"","header-above-stick-meta":"","header-main-stick-meta":"","header-below-stick-meta":"","astra-migrate-meta-layouts":"set","footnotes":""},"class_list":["post-7302","page","type-page","status-publish","hentry"],"yoast_head":"<!-- This site is optimized with the Yoast SEO plugin v22.8 - https:\/\/yoast.com\/wordpress\/plugins\/seo\/ -->\n<title>D\u00e9couvrez Singapour avec notre application audioguide - KiddoTrip<\/title>\n<meta name=\"description\" content=\"KiddoTrip est la meilleure application audioguide pour les familles en Asie : visites Explore&amp;Joue, attractions, restaurants et aires de jeux.\" \/>\n<meta name=\"robots\" content=\"index, follow, max-snippet:-1, max-image-preview:large, max-video-preview:-1\" \/>\n<link rel=\"canonical\" href=\"https:\/\/kiddotrip.com\/fr\/application-audioguide\/\" \/>\n<meta property=\"og:locale\" content=\"fr_FR\" \/>\n<meta property=\"og:type\" content=\"article\" \/>\n<meta property=\"og:title\" content=\"D\u00e9couvrez Singapour avec notre application audioguide - KiddoTrip\" \/>\n<meta property=\"og:description\" content=\"KiddoTrip est la meilleure application audioguide pour les familles en Asie : visites Explore&amp;Joue, attractions, restaurants et aires de jeux.\" \/>\n<meta property=\"og:url\" content=\"https:\/\/kiddotrip.com\/fr\/application-audioguide\/\" \/>\n<meta property=\"og:site_name\" content=\"KiddoTrip\" \/>\n<meta property=\"article:publisher\" content=\"https:\/\/www.facebook.com\/myKiddoTrip\/\" \/>\n<meta property=\"article:modified_time\" content=\"2024-09-09T08:05:01+00:00\" \/>\n<meta name=\"twitter:card\" content=\"summary_large_image\" \/>\n<meta name=\"twitter:label1\" content=\"Dur\u00e9e de lecture estim\u00e9e\" \/>\n\t<meta name=\"twitter:data1\" content=\"2 minutes\" \/>\n<script type=\"application\/ld+json\" class=\"yoast-schema-graph\">{\"@context\":\"https:\/\/schema.org\",\"@graph\":[{\"@type\":\"WebPage\",\"@id\":\"https:\/\/kiddotrip.com\/fr\/application-audioguide\/\",\"url\":\"https:\/\/kiddotrip.com\/fr\/application-audioguide\/\",\"name\":\"D\u00e9couvrez Singapour avec notre application audioguide - KiddoTrip\",\"isPartOf\":{\"@id\":\"https:\/\/kiddotrip.com\/fr\/#website\"},\"datePublished\":\"2024-09-09T07:57:04+00:00\",\"dateModified\":\"2024-09-09T08:05:01+00:00\",\"description\":\"KiddoTrip est la meilleure application audioguide pour les familles en Asie : visites Explore&Joue, attractions, restaurants et aires de jeux.\",\"breadcrumb\":{\"@id\":\"https:\/\/kiddotrip.com\/fr\/application-audioguide\/#breadcrumb\"},\"inLanguage\":\"fr-FR\",\"potentialAction\":[{\"@type\":\"ReadAction\",\"target\":[\"https:\/\/kiddotrip.com\/fr\/application-audioguide\/\"]}]},{\"@type\":\"BreadcrumbList\",\"@id\":\"https:\/\/kiddotrip.com\/fr\/application-audioguide\/#breadcrumb\",\"itemListElement\":[{\"@type\":\"ListItem\",\"position\":1,\"name\":\"Accueil\",\"item\":\"https:\/\/kiddotrip.com\/fr\/\"},{\"@type\":\"ListItem\",\"position\":2,\"name\":\"D\u00e9couvrez Singapour avec notre application audioguide\"}]},{\"@type\":\"WebSite\",\"@id\":\"https:\/\/kiddotrip.com\/fr\/#website\",\"url\":\"https:\/\/kiddotrip.com\/fr\/\",\"name\":\"KiddoTrip\",\"description\":\"Travel with kids\",\"publisher\":{\"@id\":\"https:\/\/kiddotrip.com\/fr\/#organization\"},\"potentialAction\":[{\"@type\":\"SearchAction\",\"target\":{\"@type\":\"EntryPoint\",\"urlTemplate\":\"https:\/\/kiddotrip.com\/fr\/?s={search_term_string}\"},\"query-input\":\"required name=search_term_string\"}],\"inLanguage\":\"fr-FR\"},{\"@type\":\"Organization\",\"@id\":\"https:\/\/kiddotrip.com\/fr\/#organization\",\"name\":\"KiddoTrip\",\"url\":\"https:\/\/kiddotrip.com\/fr\/\",\"logo\":{\"@type\":\"ImageObject\",\"inLanguage\":\"fr-FR\",\"@id\":\"https:\/\/kiddotrip.com\/fr\/#\/schema\/logo\/image\/\",\"url\":\"https:\/\/kiddotrip.com\/wp-content\/uploads\/2021\/07\/Logo-KiddoTrip_H_1.png\",\"contentUrl\":\"https:\/\/kiddotrip.com\/wp-content\/uploads\/2021\/07\/Logo-KiddoTrip_H_1.png\",\"width\":930,\"height\":180,\"caption\":\"KiddoTrip\"},\"image\":{\"@id\":\"https:\/\/kiddotrip.com\/fr\/#\/schema\/logo\/image\/\"},\"sameAs\":[\"https:\/\/www.facebook.com\/myKiddoTrip\/\",\"https:\/\/www.instagram.com\/kiddotrip\/\"]}]}<\/script>\n<!-- \/ Yoast SEO plugin. -->","yoast_head_json":{"title":"D\u00e9couvrez Singapour avec notre application audioguide - KiddoTrip","description":"KiddoTrip est la meilleure application audioguide pour les familles en Asie : visites Explore&Joue, attractions, restaurants et aires de jeux.","robots":{"index":"index","follow":"follow","max-snippet":"max-snippet:-1","max-image-preview":"max-image-preview:large","max-video-preview":"max-video-preview:-1"},"canonical":"https:\/\/kiddotrip.com\/fr\/application-audioguide\/","og_locale":"fr_FR","og_type":"article","og_title":"D\u00e9couvrez Singapour avec notre application audioguide - KiddoTrip","og_description":"KiddoTrip est la meilleure application audioguide pour les familles en Asie : visites Explore&Joue, attractions, restaurants et aires de jeux.","og_url":"https:\/\/kiddotrip.com\/fr\/application-audioguide\/","og_site_name":"KiddoTrip","article_publisher":"https:\/\/www.facebook.com\/myKiddoTrip\/","article_modified_time":"2024-09-09T08:05:01+00:00","twitter_card":"summary_large_image","twitter_misc":{"Dur\u00e9e de lecture estim\u00e9e":"2 minutes"},"schema":{"@context":"https:\/\/schema.org","@graph":[{"@type":"WebPage","@id":"https:\/\/kiddotrip.com\/fr\/application-audioguide\/","url":"https:\/\/kiddotrip.com\/fr\/application-audioguide\/","name":"D\u00e9couvrez Singapour avec notre application audioguide - KiddoTrip","isPartOf":{"@id":"https:\/\/kiddotrip.com\/fr\/#website"},"datePublished":"2024-09-09T07:57:04+00:00","dateModified":"2024-09-09T08:05:01+00:00","description":"KiddoTrip est la meilleure application audioguide pour les familles en Asie : visites Explore&Joue, attractions, restaurants et aires de jeux.","breadcrumb":{"@id":"https:\/\/kiddotrip.com\/fr\/application-audioguide\/#breadcrumb"},"inLanguage":"fr-FR","potentialAction":[{"@type":"ReadAction","target":["https:\/\/kiddotrip.com\/fr\/application-audioguide\/"]}]},{"@type":"BreadcrumbList","@id":"https:\/\/kiddotrip.com\/fr\/application-audioguide\/#breadcrumb","itemListElement":[{"@type":"ListItem","position":1,"name":"Accueil","item":"https:\/\/kiddotrip.com\/fr\/"},{"@type":"ListItem","position":2,"name":"D\u00e9couvrez Singapour avec notre application audioguide"}]},{"@type":"WebSite","@id":"https:\/\/kiddotrip.com\/fr\/#website","url":"https:\/\/kiddotrip.com\/fr\/","name":"KiddoTrip","description":"Travel with kids","publisher":{"@id":"https:\/\/kiddotrip.com\/fr\/#organization"},"potentialAction":[{"@type":"SearchAction","target":{"@type":"EntryPoint","urlTemplate":"https:\/\/kiddotrip.com\/fr\/?s={search_term_string}"},"query-input":"required name=search_term_string"}],"inLanguage":"fr-FR"},{"@type":"Organization","@id":"https:\/\/kiddotrip.com\/fr\/#organization","name":"KiddoTrip","url":"https:\/\/kiddotrip.com\/fr\/","logo":{"@type":"ImageObject","inLanguage":"fr-FR","@id":"https:\/\/kiddotrip.com\/fr\/#\/schema\/logo\/image\/","url":"https:\/\/kiddotrip.com\/wp-content\/uploads\/2021\/07\/Logo-KiddoTrip_H_1.png","contentUrl":"https:\/\/kiddotrip.com\/wp-content\/uploads\/2021\/07\/Logo-KiddoTrip_H_1.png","width":930,"height":180,"caption":"KiddoTrip"},"image":{"@id":"https:\/\/kiddotrip.com\/fr\/#\/schema\/logo\/image\/"},"sameAs":["https:\/\/www.facebook.com\/myKiddoTrip\/","https:\/\/www.instagram.com\/kiddotrip\/"]}]}},"_links":{"self":[{"href":"https:\/\/kiddotrip.com\/fr\/wp-json\/wp\/v2\/pages\/7302","targetHints":{"allow":["GET"]}}],"collection":[{"href":"https:\/\/kiddotrip.com\/fr\/wp-json\/wp\/v2\/pages"}],"about":[{"href":"https:\/\/kiddotrip.com\/fr\/wp-json\/wp\/v2\/types\/page"}],"author":[{"embeddable":true,"href":"https:\/\/kiddotrip.com\/fr\/wp-json\/wp\/v2\/users\/1"}],"replies":[{"embeddable":true,"href":"https:\/\/kiddotrip.com\/fr\/wp-json\/wp\/v2\/comments?post=7302"}],"version-history":[{"count":3,"href":"https:\/\/kiddotrip.com\/fr\/wp-json\/wp\/v2\/pages\/7302\/revisions"}],"predecessor-version":[{"id":7310,"href":"https:\/\/kiddotrip.com\/fr\/wp-json\/wp\/v2\/pages\/7302\/revisions\/7310"}],"wp:attachment":[{"href":"https:\/\/kiddotrip.com\/fr\/wp-json\/wp\/v2\/media?parent=7302"}],"curies":[{"name":"wp","href":"https:\/\/api.w.org\/{rel}","templated":true}]}}