{"id":7106,"date":"2024-06-18T21:27:24","date_gmt":"2024-06-18T13:27:24","guid":{"rendered":"https:\/\/kiddotrip.com\/?page_id=7106"},"modified":"2024-06-18T21:27:25","modified_gmt":"2024-06-18T13:27:25","slug":"apropos-visites-autonomes","status":"publish","type":"page","link":"https:\/\/kiddotrip.com\/fr\/apropos-visites-autonomes\/","title":{"rendered":"Pourquoi nos visites autonomes sont parfaites pour les familles\u00a0?"},"content":{"rendered":"\n<p>Imaginez explorer une ville \u00e0 votre rythme, en adaptant la journ\u00e9e aux int\u00e9r\u00eats de votre famille et en cr\u00e9ant des souvenirs inoubliables ensemble. Nos visites autonomes offrent une alternative in\u00e9dite, alliant flexibilit\u00e9, prix raisonnable et activit\u00e9s attrayantes pour tous les \u00e2ges.<\/p>\n\n\n\n<h2 class=\"wp-block-heading\">Les avantages des visites autonome \u00e0 Singapour<\/h2>\n\n\n\n<p>Nos visites pr\u00e9sentent de nombreux avantages pour les familles avec des jeunes enfants :<\/p>\n\n\n\n<ul class=\"wp-block-list\">\n<li><strong>Libert\u00e9 et Flexibilit\u00e9<\/strong><\/li>\n<\/ul>\n\n\n\n<p>Contrairement aux visites programm\u00e9es, vous d\u00e9cidez quand explorer la ville. Envie de faire la grasse matin\u00e9e ? Aucun probl\u00e8me ! Vous avez envie de commencer t\u00f4t ? Foncez ! Les visites autonomes donnent \u00e0 votre famille la libert\u00e9 de choisir le moment qui convient le mieux \u00e0 tout le monde.<\/p>\n\n\n\n<ul class=\"wp-block-list\">\n<li><strong>Explorez \u00e0 votre rythme<\/strong><\/li>\n<\/ul>\n\n\n\n<p>Les visites traditionnelles se d\u00e9roulent souvent rapidement, laissant peu de temps pour observer les choses. Au contraire, les visites autonomes vous permettent de prendre votre temps \u00e0 chaque arr\u00eat. Besoin d&#8217;une pause pipi pour un petit ? Pas de soucis ! Curieux d&#8217;un monument sp\u00e9cifique ? Prenez votre temps. Au contraire, un sujet ne vous int\u00e9resse pas ? Passez simplement \u00e0 autre chose. Vous \u00eates ma\u00eetre du rythme !<\/p>\n\n\n\n<ul class=\"wp-block-list\">\n<li><strong>Economisez de l&#8217;argent<\/strong><\/li>\n<\/ul>\n\n\n\n<p>Singapour est une ville ch\u00e8re en Asie. Mais les visites autonomes sont un moyen \u00e9conomique de visiter la ville. Nous gardons des prix bas afin que toutes les familles puissent se payer nos visites.<\/p>\n\n\n\n<ul class=\"wp-block-list\">\n<li><strong>Du temps en famille de qualit\u00e9<\/strong><\/li>\n<\/ul>\n\n\n\n<p>Les visites autonomes permettent \u00e0 votre famille d&#8217;explorer la ville ensemble, sans faire partie d&#8217;un grand groupe. Cela signifie que vous pouvez discuter, \u00e9changer sur ce que vous d\u00e9couvrez et cr\u00e9er des souvenirs ensemble, sans vous soucier de suivre les autres. C&#8217;est un excellent moyen de cr\u00e9er des liens et de vivre une exp\u00e9rience de voyage unique en famille.<\/p>\n\n\n\n<div style=\"height:29px\" aria-hidden=\"true\" class=\"wp-block-spacer\"><\/div>\n\n\n\n<h2 class=\"wp-block-heading\">Am\u00e9liorez votre exploration avec des audioguides<\/h2>\n\n\n\n<p>Si les visites autonomes offrent flexibilit\u00e9 et libert\u00e9, il peut parfois vous manquer les connaissances approfondies d&#8217;un guide professionnel. C&#8217;est l\u00e0 qu&#8217;interviennent les audioguides ! Imaginez avoir un expert \u00e0 vos c\u00f4t\u00e9s, vous chuchotant des histoires fascinantes et des aper\u00e7us historiques pendant votre exploration.<\/p>\n\n\n\n<p>Nos audioguides regorgent d&#8217;informations pr\u00e9cises, d\u00e9livr\u00e9es de mani\u00e8re captivante par <a href=\"https:\/\/kiddotrip.com\/fr\/apropos-guides-touristiques\/\">des guides touristiques exp\u00e9riment\u00e9s<\/a>. D\u00e9couvrez des d\u00e9tails cach\u00e9s que vous pourriez manquer par vous-m\u00eame, d\u00e9couvrez des histoires intrigantes et acqu\u00e9rez une compr\u00e9hension plus profonde des lieux que vous visitez.<\/p>\n\n\n\n<figure class=\"wp-block-image aligncenter size-large\"><img loading=\"lazy\" decoding=\"async\" width=\"1024\" height=\"525\" src=\"https:\/\/kiddotrip.com\/wp-content\/uploads\/2024\/04\/Family-In-Chinatown_1200px-1024x525.jpg\" alt=\"Family visiting Chinatown, Singapore\" class=\"wp-image-6182\" srcset=\"https:\/\/kiddotrip.com\/wp-content\/uploads\/2024\/04\/Family-In-Chinatown_1200px-1024x525.jpg 1024w, https:\/\/kiddotrip.com\/wp-content\/uploads\/2024\/04\/Family-In-Chinatown_1200px-300x154.jpg 300w, https:\/\/kiddotrip.com\/wp-content\/uploads\/2024\/04\/Family-In-Chinatown_1200px-768x394.jpg 768w, https:\/\/kiddotrip.com\/wp-content\/uploads\/2024\/04\/Family-In-Chinatown_1200px-600x308.jpg 600w, https:\/\/kiddotrip.com\/wp-content\/uploads\/2024\/04\/Family-In-Chinatown_1200px.jpg 1200w\" sizes=\"auto, (max-width: 1024px) 100vw, 1024px\" \/><figcaption class=\"wp-element-caption\">Family visiting Chinatown, Singapore<\/figcaption><\/figure>\n\n\n\n<div style=\"height:29px\" aria-hidden=\"true\" class=\"wp-block-spacer\"><\/div>\n\n\n\n<h2 class=\"wp-block-heading\">Rendez les visites attrayantes pour les enfants avec des cahiers d&#8217;activit\u00e9s et des jeux<\/h2>\n\n\n\n<p>Au-del\u00e0 de la flexibilit\u00e9 et du budget, nos visites autonomes peuvent \u00eatre un moyen fantastique de garder les enfants int\u00e9ress\u00e9s par l&#8217;histoire et la culture de la ville.<\/p>\n\n\n\n<p>Nos cahiers d&#8217;activit\u00e9s color\u00e9s accompagnent nos audioguides, fournissant des informations concises sur les monuments et les attractions de la ville. Les enfants peuvent apprendre des faits fascinants tout en participant \u00e0 des activit\u00e9s amusantes comme des chasses au tr\u00e9sor, des quiz ou des coloriages.<\/p>\n\n\n\n<p>Au lieu d&#8217;une \u00e9coute passive lors d&#8217;une visite traditionnelle, les cahiers d&#8217;activit\u00e9s transforment l&#8217;apprentissage en un jeu, gardant les enfants activement impliqu\u00e9s et enthousiastes \u00e0 la d\u00e9couverte de nouvelles choses.<\/p>\n\n\n\n<p>En stimulant leur curiosit\u00e9, ces ressources garantissent \u00e0 toute la famille une exp\u00e9rience m\u00e9morable et \u00e9ducative. C\u2019est ce qui rend nos <a href=\"https:\/\/kiddotrip.com\/fr\/apropos-visites-en-famille\/\">Visites en Famille<\/a> vraiment unique&nbsp;!<\/p>\n\n\n\n<div style=\"height:29px\" aria-hidden=\"true\" class=\"wp-block-spacer\"><\/div>\n\n\n\n<h2 class=\"wp-block-heading\">Visites autonomes vs. Visites guid\u00e9es vs. Jeux urbains<\/h2>\n\n\n\n<p>Explorer une ville avec votre famille peut \u00eatre une exp\u00e9rience inoubliable. Voici une comparaison de diff\u00e9rentes approches pour vous aider \u00e0 choisir celle qui correspond le mieux \u00e0 vos besoins :<\/p>\n\n\n\n<figure class=\"wp-block-image aligncenter size-large\"><img loading=\"lazy\" decoding=\"async\" width=\"1024\" height=\"297\" src=\"https:\/\/kiddotrip.com\/wp-content\/uploads\/2024\/04\/Comparative-Table-FR-1024x297.jpg\" alt=\"Comparaison des visites autonomes et des autres options\" class=\"wp-image-6186\" srcset=\"https:\/\/kiddotrip.com\/wp-content\/uploads\/2024\/04\/Comparative-Table-FR-1024x297.jpg 1024w, https:\/\/kiddotrip.com\/wp-content\/uploads\/2024\/04\/Comparative-Table-FR-300x87.jpg 300w, https:\/\/kiddotrip.com\/wp-content\/uploads\/2024\/04\/Comparative-Table-FR-768x223.jpg 768w, https:\/\/kiddotrip.com\/wp-content\/uploads\/2024\/04\/Comparative-Table-FR-600x174.jpg 600w, https:\/\/kiddotrip.com\/wp-content\/uploads\/2024\/04\/Comparative-Table-FR.jpg 1326w\" sizes=\"auto, (max-width: 1024px) 100vw, 1024px\" \/><\/figure>\n\n\n\n<p>Les audioguides offrent de la flexibilit\u00e9, mais peu existent dans la ville, la qualit\u00e9 des informations est al\u00e9atoire car rarement r\u00e9alis\u00e9es par des guides professionnels. Ils ne proposent jamais de contenu adapt\u00e9 aux enfants, ce qui ne laisse pas le temps aux parents d&#8217;\u00e9couter l&#8217;audioguide.<\/p>\n\n\n\n<p>Les guides touristiques sont un bon point de d\u00e9part pour la recherche, mais les informations sont assez limit\u00e9es et peu attrayantes pour les enfants.<\/p>\n\n\n\n<p>Les visites de groupe sont abordables mais offrent moins de flexibilit\u00e9 et ne s&#8217;adressent pas aux enfants. De plus, elles sont g\u00e9n\u00e9ralement trop longues pour eux.<\/p>\n\n\n\n<p>Les visites priv\u00e9es offrent l&#8217;exp\u00e9rience la plus personnalis\u00e9e mais peuvent \u00eatre co\u00fbteuses. Le guide touristique parlera soit aux parents, soit aux enfants, rarement aux deux, ce qui peut cr\u00e9er une certaine frustration. De plus, elles sont g\u00e9n\u00e9ralement trop longues pour les enfants.<\/p>\n\n\n\n<p>Les jeux urbains peuvent \u00eatre une fa\u00e7on amusante de d\u00e9couvrir la ville mais ils offrent peu d\u2019information sur son histoire et sa culture.<\/p>\n","protected":false},"excerpt":{"rendered":"<p>Imaginez explorer une ville \u00e0 votre rythme, en adaptant la journ\u00e9e aux int\u00e9r\u00eats de votre famille et en cr\u00e9ant des souvenirs inoubliables ensemble. Nos visites autonomes offrent une alternative in\u00e9dite, alliant flexibilit\u00e9, prix raisonnable et activit\u00e9s attrayantes pour tous les \u00e2ges. Les avantages des visites autonome \u00e0 Singapour Nos visites pr\u00e9sentent de nombreux avantages pour &hellip;<\/p>\n<p class=\"read-more\"> <a class=\"\" href=\"https:\/\/kiddotrip.com\/fr\/apropos-visites-autonomes\/\"> <span class=\"screen-reader-text\">Pourquoi nos visites autonomes sont parfaites pour les familles\u00a0?<\/span> Lire la suite\u00a0\u00bb<\/a><\/p>\n","protected":false},"author":1,"featured_media":0,"parent":0,"menu_order":0,"comment_status":"closed","ping_status":"closed","template":"","meta":{"om_disable_all_campaigns":false,"_ppp_document_settings_meta":"","site-sidebar-layout":"default","site-content-layout":"","ast-site-content-layout":"default","site-content-style":"default","site-sidebar-style":"default","ast-global-header-display":"","ast-banner-title-visibility":"","ast-main-header-display":"","ast-hfb-above-header-display":"","ast-hfb-below-header-display":"","ast-hfb-mobile-header-display":"","site-post-title":"","ast-breadcrumbs-content":"","ast-featured-img":"","footer-sml-layout":"","theme-transparent-header-meta":"","adv-header-id-meta":"","stick-header-meta":"","header-above-stick-meta":"","header-main-stick-meta":"","header-below-stick-meta":"","astra-migrate-meta-layouts":"set","footnotes":""},"class_list":["post-7106","page","type-page","status-publish","hentry"],"yoast_head":"<!-- This site is optimized with the Yoast SEO plugin v22.8 - https:\/\/yoast.com\/wordpress\/plugins\/seo\/ -->\n<title>Pourquoi nos visites autonomes sont parfaites pour les familles\u00a0? - KiddoTrip<\/title>\n<meta name=\"description\" content=\"Nos visites autonomes propose une solution unique pour visiter une ville : flexible, peu couteuse et interessante pour tous les ages.\" \/>\n<meta name=\"robots\" content=\"index, follow, max-snippet:-1, max-image-preview:large, max-video-preview:-1\" \/>\n<link rel=\"canonical\" href=\"https:\/\/kiddotrip.com\/fr\/apropos-visites-autonomes\/\" \/>\n<meta property=\"og:locale\" content=\"fr_FR\" \/>\n<meta property=\"og:type\" content=\"article\" \/>\n<meta property=\"og:title\" content=\"Pourquoi nos visites autonomes sont parfaites pour les familles\u00a0? - KiddoTrip\" \/>\n<meta property=\"og:description\" content=\"Nos visites autonomes propose une solution unique pour visiter une ville : flexible, peu couteuse et interessante pour tous les ages.\" \/>\n<meta property=\"og:url\" content=\"https:\/\/kiddotrip.com\/fr\/apropos-visites-autonomes\/\" \/>\n<meta property=\"og:site_name\" content=\"KiddoTrip\" \/>\n<meta property=\"article:publisher\" content=\"https:\/\/www.facebook.com\/myKiddoTrip\/\" \/>\n<meta property=\"article:modified_time\" content=\"2024-06-18T13:27:25+00:00\" \/>\n<meta property=\"og:image\" content=\"https:\/\/kiddotrip.com\/wp-content\/uploads\/2024\/04\/Family-In-Chinatown_1200px-1024x525.jpg\" \/>\n<meta name=\"twitter:card\" content=\"summary_large_image\" \/>\n<meta name=\"twitter:label1\" content=\"Dur\u00e9e de lecture estim\u00e9e\" \/>\n\t<meta name=\"twitter:data1\" content=\"4 minutes\" \/>\n<script type=\"application\/ld+json\" class=\"yoast-schema-graph\">{\"@context\":\"https:\/\/schema.org\",\"@graph\":[{\"@type\":\"WebPage\",\"@id\":\"https:\/\/kiddotrip.com\/fr\/apropos-visites-autonomes\/\",\"url\":\"https:\/\/kiddotrip.com\/fr\/apropos-visites-autonomes\/\",\"name\":\"Pourquoi nos visites autonomes sont parfaites pour les familles\u00a0? - KiddoTrip\",\"isPartOf\":{\"@id\":\"https:\/\/kiddotrip.com\/fr\/#website\"},\"primaryImageOfPage\":{\"@id\":\"https:\/\/kiddotrip.com\/fr\/apropos-visites-autonomes\/#primaryimage\"},\"image\":{\"@id\":\"https:\/\/kiddotrip.com\/fr\/apropos-visites-autonomes\/#primaryimage\"},\"thumbnailUrl\":\"https:\/\/kiddotrip.com\/wp-content\/uploads\/2024\/04\/Family-In-Chinatown_1200px-1024x525.jpg\",\"datePublished\":\"2024-06-18T13:27:24+00:00\",\"dateModified\":\"2024-06-18T13:27:25+00:00\",\"description\":\"Nos visites autonomes propose une solution unique pour visiter une ville : flexible, peu couteuse et interessante pour tous les ages.\",\"breadcrumb\":{\"@id\":\"https:\/\/kiddotrip.com\/fr\/apropos-visites-autonomes\/#breadcrumb\"},\"inLanguage\":\"fr-FR\",\"potentialAction\":[{\"@type\":\"ReadAction\",\"target\":[\"https:\/\/kiddotrip.com\/fr\/apropos-visites-autonomes\/\"]}]},{\"@type\":\"ImageObject\",\"inLanguage\":\"fr-FR\",\"@id\":\"https:\/\/kiddotrip.com\/fr\/apropos-visites-autonomes\/#primaryimage\",\"url\":\"https:\/\/kiddotrip.com\/wp-content\/uploads\/2024\/04\/Family-In-Chinatown_1200px-1024x525.jpg\",\"contentUrl\":\"https:\/\/kiddotrip.com\/wp-content\/uploads\/2024\/04\/Family-In-Chinatown_1200px-1024x525.jpg\"},{\"@type\":\"BreadcrumbList\",\"@id\":\"https:\/\/kiddotrip.com\/fr\/apropos-visites-autonomes\/#breadcrumb\",\"itemListElement\":[{\"@type\":\"ListItem\",\"position\":1,\"name\":\"Accueil\",\"item\":\"https:\/\/kiddotrip.com\/fr\/\"},{\"@type\":\"ListItem\",\"position\":2,\"name\":\"Pourquoi nos visites autonomes sont parfaites pour les familles\u00a0?\"}]},{\"@type\":\"WebSite\",\"@id\":\"https:\/\/kiddotrip.com\/fr\/#website\",\"url\":\"https:\/\/kiddotrip.com\/fr\/\",\"name\":\"KiddoTrip\",\"description\":\"Travel with kids\",\"publisher\":{\"@id\":\"https:\/\/kiddotrip.com\/fr\/#organization\"},\"potentialAction\":[{\"@type\":\"SearchAction\",\"target\":{\"@type\":\"EntryPoint\",\"urlTemplate\":\"https:\/\/kiddotrip.com\/fr\/?s={search_term_string}\"},\"query-input\":\"required name=search_term_string\"}],\"inLanguage\":\"fr-FR\"},{\"@type\":\"Organization\",\"@id\":\"https:\/\/kiddotrip.com\/fr\/#organization\",\"name\":\"KiddoTrip\",\"url\":\"https:\/\/kiddotrip.com\/fr\/\",\"logo\":{\"@type\":\"ImageObject\",\"inLanguage\":\"fr-FR\",\"@id\":\"https:\/\/kiddotrip.com\/fr\/#\/schema\/logo\/image\/\",\"url\":\"https:\/\/kiddotrip.com\/wp-content\/uploads\/2021\/07\/Logo-KiddoTrip_H_1.png\",\"contentUrl\":\"https:\/\/kiddotrip.com\/wp-content\/uploads\/2021\/07\/Logo-KiddoTrip_H_1.png\",\"width\":930,\"height\":180,\"caption\":\"KiddoTrip\"},\"image\":{\"@id\":\"https:\/\/kiddotrip.com\/fr\/#\/schema\/logo\/image\/\"},\"sameAs\":[\"https:\/\/www.facebook.com\/myKiddoTrip\/\",\"https:\/\/www.instagram.com\/kiddotrip\/\"]}]}<\/script>\n<!-- \/ Yoast SEO plugin. -->","yoast_head_json":{"title":"Pourquoi nos visites autonomes sont parfaites pour les familles\u00a0? - KiddoTrip","description":"Nos visites autonomes propose une solution unique pour visiter une ville : flexible, peu couteuse et interessante pour tous les ages.","robots":{"index":"index","follow":"follow","max-snippet":"max-snippet:-1","max-image-preview":"max-image-preview:large","max-video-preview":"max-video-preview:-1"},"canonical":"https:\/\/kiddotrip.com\/fr\/apropos-visites-autonomes\/","og_locale":"fr_FR","og_type":"article","og_title":"Pourquoi nos visites autonomes sont parfaites pour les familles\u00a0? - KiddoTrip","og_description":"Nos visites autonomes propose une solution unique pour visiter une ville : flexible, peu couteuse et interessante pour tous les ages.","og_url":"https:\/\/kiddotrip.com\/fr\/apropos-visites-autonomes\/","og_site_name":"KiddoTrip","article_publisher":"https:\/\/www.facebook.com\/myKiddoTrip\/","article_modified_time":"2024-06-18T13:27:25+00:00","og_image":[{"url":"https:\/\/kiddotrip.com\/wp-content\/uploads\/2024\/04\/Family-In-Chinatown_1200px-1024x525.jpg"}],"twitter_card":"summary_large_image","twitter_misc":{"Dur\u00e9e de lecture estim\u00e9e":"4 minutes"},"schema":{"@context":"https:\/\/schema.org","@graph":[{"@type":"WebPage","@id":"https:\/\/kiddotrip.com\/fr\/apropos-visites-autonomes\/","url":"https:\/\/kiddotrip.com\/fr\/apropos-visites-autonomes\/","name":"Pourquoi nos visites autonomes sont parfaites pour les familles\u00a0? - KiddoTrip","isPartOf":{"@id":"https:\/\/kiddotrip.com\/fr\/#website"},"primaryImageOfPage":{"@id":"https:\/\/kiddotrip.com\/fr\/apropos-visites-autonomes\/#primaryimage"},"image":{"@id":"https:\/\/kiddotrip.com\/fr\/apropos-visites-autonomes\/#primaryimage"},"thumbnailUrl":"https:\/\/kiddotrip.com\/wp-content\/uploads\/2024\/04\/Family-In-Chinatown_1200px-1024x525.jpg","datePublished":"2024-06-18T13:27:24+00:00","dateModified":"2024-06-18T13:27:25+00:00","description":"Nos visites autonomes propose une solution unique pour visiter une ville : flexible, peu couteuse et interessante pour tous les ages.","breadcrumb":{"@id":"https:\/\/kiddotrip.com\/fr\/apropos-visites-autonomes\/#breadcrumb"},"inLanguage":"fr-FR","potentialAction":[{"@type":"ReadAction","target":["https:\/\/kiddotrip.com\/fr\/apropos-visites-autonomes\/"]}]},{"@type":"ImageObject","inLanguage":"fr-FR","@id":"https:\/\/kiddotrip.com\/fr\/apropos-visites-autonomes\/#primaryimage","url":"https:\/\/kiddotrip.com\/wp-content\/uploads\/2024\/04\/Family-In-Chinatown_1200px-1024x525.jpg","contentUrl":"https:\/\/kiddotrip.com\/wp-content\/uploads\/2024\/04\/Family-In-Chinatown_1200px-1024x525.jpg"},{"@type":"BreadcrumbList","@id":"https:\/\/kiddotrip.com\/fr\/apropos-visites-autonomes\/#breadcrumb","itemListElement":[{"@type":"ListItem","position":1,"name":"Accueil","item":"https:\/\/kiddotrip.com\/fr\/"},{"@type":"ListItem","position":2,"name":"Pourquoi nos visites autonomes sont parfaites pour les familles\u00a0?"}]},{"@type":"WebSite","@id":"https:\/\/kiddotrip.com\/fr\/#website","url":"https:\/\/kiddotrip.com\/fr\/","name":"KiddoTrip","description":"Travel with kids","publisher":{"@id":"https:\/\/kiddotrip.com\/fr\/#organization"},"potentialAction":[{"@type":"SearchAction","target":{"@type":"EntryPoint","urlTemplate":"https:\/\/kiddotrip.com\/fr\/?s={search_term_string}"},"query-input":"required name=search_term_string"}],"inLanguage":"fr-FR"},{"@type":"Organization","@id":"https:\/\/kiddotrip.com\/fr\/#organization","name":"KiddoTrip","url":"https:\/\/kiddotrip.com\/fr\/","logo":{"@type":"ImageObject","inLanguage":"fr-FR","@id":"https:\/\/kiddotrip.com\/fr\/#\/schema\/logo\/image\/","url":"https:\/\/kiddotrip.com\/wp-content\/uploads\/2021\/07\/Logo-KiddoTrip_H_1.png","contentUrl":"https:\/\/kiddotrip.com\/wp-content\/uploads\/2021\/07\/Logo-KiddoTrip_H_1.png","width":930,"height":180,"caption":"KiddoTrip"},"image":{"@id":"https:\/\/kiddotrip.com\/fr\/#\/schema\/logo\/image\/"},"sameAs":["https:\/\/www.facebook.com\/myKiddoTrip\/","https:\/\/www.instagram.com\/kiddotrip\/"]}]}},"_links":{"self":[{"href":"https:\/\/kiddotrip.com\/fr\/wp-json\/wp\/v2\/pages\/7106","targetHints":{"allow":["GET"]}}],"collection":[{"href":"https:\/\/kiddotrip.com\/fr\/wp-json\/wp\/v2\/pages"}],"about":[{"href":"https:\/\/kiddotrip.com\/fr\/wp-json\/wp\/v2\/types\/page"}],"author":[{"embeddable":true,"href":"https:\/\/kiddotrip.com\/fr\/wp-json\/wp\/v2\/users\/1"}],"replies":[{"embeddable":true,"href":"https:\/\/kiddotrip.com\/fr\/wp-json\/wp\/v2\/comments?post=7106"}],"version-history":[{"count":1,"href":"https:\/\/kiddotrip.com\/fr\/wp-json\/wp\/v2\/pages\/7106\/revisions"}],"predecessor-version":[{"id":7108,"href":"https:\/\/kiddotrip.com\/fr\/wp-json\/wp\/v2\/pages\/7106\/revisions\/7108"}],"wp:attachment":[{"href":"https:\/\/kiddotrip.com\/fr\/wp-json\/wp\/v2\/media?parent=7106"}],"curies":[{"name":"wp","href":"https:\/\/api.w.org\/{rel}","templated":true}]}}