{"id":67,"date":"2021-07-01T06:44:12","date_gmt":"2021-07-01T04:44:12","guid":{"rendered":"http:\/\/kiddotrip.com\/?page_id=67"},"modified":"2023-02-16T14:13:20","modified_gmt":"2023-02-16T06:13:20","slug":"connexion","status":"publish","type":"page","link":"https:\/\/kiddotrip.com\/fr\/connexion\/","title":{"rendered":"Connexion"},"content":{"rendered":"\n<figure class=\"wp-block-image size-large\"><img loading=\"lazy\" decoding=\"async\" width=\"800\" height=\"379\" src=\"https:\/\/kiddotrip.com\/wp-content\/uploads\/2021\/07\/KiddoTrip_Cover_800x400-1.jpg\" alt=\"\" class=\"wp-image-418\" srcset=\"https:\/\/kiddotrip.com\/wp-content\/uploads\/2021\/07\/KiddoTrip_Cover_800x400-1.jpg 800w, https:\/\/kiddotrip.com\/wp-content\/uploads\/2021\/07\/KiddoTrip_Cover_800x400-1-300x142.jpg 300w, https:\/\/kiddotrip.com\/wp-content\/uploads\/2021\/07\/KiddoTrip_Cover_800x400-1-768x364.jpg 768w, https:\/\/kiddotrip.com\/wp-content\/uploads\/2021\/07\/KiddoTrip_Cover_800x400-1-600x284.jpg 600w\" sizes=\"auto, (max-width: 800px) 100vw, 800px\" \/><\/figure>\n\n<p>Si vous avez un compte KiddoTrip, connectez-vous pour <strong>trouver vos visites pr\u00e9c\u00e9demment achet\u00e9es<\/strong> <strong>et acc\u00e9der \u00e0 tous les contenus.<\/strong><\/p>\n<div class=\"wpforms-container wpforms-container-full\" id=\"wpforms-2427\"><form id=\"wpforms-form-2427\" class=\"wpforms-validate wpforms-form\" data-formid=\"2427\" method=\"post\" enctype=\"multipart\/form-data\" action=\"\/fr\/wp-json\/wp\/v2\/pages\/67\" data-token=\"de973ab90c3fbc972138c5b1cacdc28f\"><noscript class=\"wpforms-error-noscript\">Veuillez activer JavaScript dans votre navigateur pour remplir ce formulaire.<\/noscript><div class=\"wpforms-field-container\"><div id=\"wpforms-2427-field_0-container\" class=\"wpforms-field wpforms-field-text\" data-field-id=\"0\"><label class=\"wpforms-field-label\" for=\"wpforms-2427-field_0\">Email <span class=\"wpforms-required-label\">*<\/span><\/label><input type=\"text\" id=\"wpforms-2427-field_0\" class=\"wpforms-field-medium wpforms-field-required\" name=\"wpforms[fields][0]\" required><\/div><div id=\"wpforms-2427-field_1-container\" class=\"wpforms-field wpforms-field-password\" data-field-id=\"1\"><label class=\"wpforms-field-label\" for=\"wpforms-2427-field_1\">Mot de passe <span class=\"wpforms-required-label\">*<\/span><\/label><input type=\"password\" id=\"wpforms-2427-field_1\" class=\"wpforms-field-medium wpforms-field-required\" name=\"wpforms[fields][1]\" required><\/div><\/div><div class=\"wpforms-submit-container\"><input type=\"hidden\" name=\"wpforms[id]\" value=\"2427\"><input type=\"hidden\" name=\"wpforms[author]\" value=\"1\"><button type=\"submit\" name=\"wpforms[submit]\" id=\"wpforms-submit-2427\" class=\"wpforms-submit\" aria-live=\"assertive\" value=\"wpforms-submit\">OK<\/button><\/div><\/form><\/div>  <!-- .wpforms-container -->\n<p>Si vous n&#8217;avez pas encore de compte, veuillez-vous <a href=\"https:\/\/kiddotrip.com\/fr\/inscription\/\">inscrire<\/a>.<\/p>\n","protected":false},"excerpt":{"rendered":"<p>Si vous avez un compte KiddoTrip, connectez-vous pour trouver vos visites pr\u00e9c\u00e9demment achet\u00e9es et acc\u00e9der \u00e0 tous les contenus. Si vous n&#8217;avez pas encore de compte, veuillez-vous inscrire.<\/p>\n","protected":false},"author":1,"featured_media":0,"parent":0,"menu_order":0,"comment_status":"closed","ping_status":"closed","template":"","meta":{"om_disable_all_campaigns":false,"_ppp_document_settings_meta":"","site-sidebar-layout":"no-sidebar","site-content-layout":"plain-container","ast-site-content-layout":"","site-content-style":"default","site-sidebar-style":"default","ast-global-header-display":"","ast-banner-title-visibility":"","ast-main-header-display":"","ast-hfb-above-header-display":"","ast-hfb-below-header-display":"","ast-hfb-mobile-header-display":"","site-post-title":"","ast-breadcrumbs-content":"","ast-featured-img":"","footer-sml-layout":"","theme-transparent-header-meta":"default","adv-header-id-meta":"","stick-header-meta":"","header-above-stick-meta":"","header-main-stick-meta":"","header-below-stick-meta":"","astra-migrate-meta-layouts":"","footnotes":""},"class_list":["post-67","page","type-page","status-publish","hentry"],"yoast_head":"<!-- This site is optimized with the Yoast SEO plugin v22.8 - https:\/\/yoast.com\/wordpress\/plugins\/seo\/ -->\n<title>Connexion - KiddoTrip<\/title>\n<meta name=\"description\" content=\"Connectez-vous pour retrouver vos visites et acc\u00e9der \u00e0 tous les contenus. Gr\u00e2ce \u00e0 KiddoTrip, visitez et d\u00e9couvrez Singapour en famille !\" \/>\n<meta name=\"robots\" content=\"index, follow, max-snippet:-1, max-image-preview:large, max-video-preview:-1\" \/>\n<link rel=\"canonical\" href=\"https:\/\/kiddotrip.com\/fr\/connexion\/\" \/>\n<meta property=\"og:locale\" content=\"fr_FR\" \/>\n<meta property=\"og:type\" content=\"article\" \/>\n<meta property=\"og:title\" content=\"Connexion - KiddoTrip\" \/>\n<meta property=\"og:description\" content=\"Connectez-vous pour retrouver vos visites et acc\u00e9der \u00e0 tous les contenus. Gr\u00e2ce \u00e0 KiddoTrip, visitez et d\u00e9couvrez Singapour en famille !\" \/>\n<meta property=\"og:url\" content=\"https:\/\/kiddotrip.com\/fr\/connexion\/\" \/>\n<meta property=\"og:site_name\" content=\"KiddoTrip\" \/>\n<meta property=\"article:publisher\" content=\"https:\/\/www.facebook.com\/myKiddoTrip\/\" \/>\n<meta property=\"article:modified_time\" content=\"2023-02-16T06:13:20+00:00\" \/>\n<meta property=\"og:image\" content=\"https:\/\/kiddotrip.com\/wp-content\/uploads\/2021\/07\/KiddoTrip_Cover_800x400-1.jpg\" \/>\n<meta name=\"twitter:card\" content=\"summary_large_image\" \/>\n<meta name=\"twitter:label1\" content=\"Dur\u00e9e de lecture estim\u00e9e\" \/>\n\t<meta name=\"twitter:data1\" content=\"1 minute\" \/>\n<script type=\"application\/ld+json\" class=\"yoast-schema-graph\">{\"@context\":\"https:\/\/schema.org\",\"@graph\":[{\"@type\":\"WebPage\",\"@id\":\"https:\/\/kiddotrip.com\/fr\/connexion\/\",\"url\":\"https:\/\/kiddotrip.com\/fr\/connexion\/\",\"name\":\"Connexion - KiddoTrip\",\"isPartOf\":{\"@id\":\"https:\/\/kiddotrip.com\/fr\/#website\"},\"primaryImageOfPage\":{\"@id\":\"https:\/\/kiddotrip.com\/fr\/connexion\/#primaryimage\"},\"image\":{\"@id\":\"https:\/\/kiddotrip.com\/fr\/connexion\/#primaryimage\"},\"thumbnailUrl\":\"https:\/\/kiddotrip.com\/wp-content\/uploads\/2021\/07\/KiddoTrip_Cover_800x400-1.jpg\",\"datePublished\":\"2021-07-01T04:44:12+00:00\",\"dateModified\":\"2023-02-16T06:13:20+00:00\",\"description\":\"Connectez-vous pour retrouver vos visites et acc\u00e9der \u00e0 tous les contenus. Gr\u00e2ce \u00e0 KiddoTrip, visitez et d\u00e9couvrez Singapour en famille !\",\"breadcrumb\":{\"@id\":\"https:\/\/kiddotrip.com\/fr\/connexion\/#breadcrumb\"},\"inLanguage\":\"fr-FR\",\"potentialAction\":[{\"@type\":\"ReadAction\",\"target\":[\"https:\/\/kiddotrip.com\/fr\/connexion\/\"]}]},{\"@type\":\"ImageObject\",\"inLanguage\":\"fr-FR\",\"@id\":\"https:\/\/kiddotrip.com\/fr\/connexion\/#primaryimage\",\"url\":\"https:\/\/kiddotrip.com\/wp-content\/uploads\/2021\/07\/KiddoTrip_Cover_800x400-1.jpg\",\"contentUrl\":\"https:\/\/kiddotrip.com\/wp-content\/uploads\/2021\/07\/KiddoTrip_Cover_800x400-1.jpg\"},{\"@type\":\"BreadcrumbList\",\"@id\":\"https:\/\/kiddotrip.com\/fr\/connexion\/#breadcrumb\",\"itemListElement\":[{\"@type\":\"ListItem\",\"position\":1,\"name\":\"Accueil\",\"item\":\"https:\/\/kiddotrip.com\/fr\/\"},{\"@type\":\"ListItem\",\"position\":2,\"name\":\"Connexion\"}]},{\"@type\":\"WebSite\",\"@id\":\"https:\/\/kiddotrip.com\/fr\/#website\",\"url\":\"https:\/\/kiddotrip.com\/fr\/\",\"name\":\"KiddoTrip\",\"description\":\"Travel with kids\",\"publisher\":{\"@id\":\"https:\/\/kiddotrip.com\/fr\/#organization\"},\"potentialAction\":[{\"@type\":\"SearchAction\",\"target\":{\"@type\":\"EntryPoint\",\"urlTemplate\":\"https:\/\/kiddotrip.com\/fr\/?s={search_term_string}\"},\"query-input\":\"required name=search_term_string\"}],\"inLanguage\":\"fr-FR\"},{\"@type\":\"Organization\",\"@id\":\"https:\/\/kiddotrip.com\/fr\/#organization\",\"name\":\"KiddoTrip\",\"url\":\"https:\/\/kiddotrip.com\/fr\/\",\"logo\":{\"@type\":\"ImageObject\",\"inLanguage\":\"fr-FR\",\"@id\":\"https:\/\/kiddotrip.com\/fr\/#\/schema\/logo\/image\/\",\"url\":\"https:\/\/kiddotrip.com\/wp-content\/uploads\/2021\/07\/Logo-KiddoTrip_H_1.png\",\"contentUrl\":\"https:\/\/kiddotrip.com\/wp-content\/uploads\/2021\/07\/Logo-KiddoTrip_H_1.png\",\"width\":930,\"height\":180,\"caption\":\"KiddoTrip\"},\"image\":{\"@id\":\"https:\/\/kiddotrip.com\/fr\/#\/schema\/logo\/image\/\"},\"sameAs\":[\"https:\/\/www.facebook.com\/myKiddoTrip\/\",\"https:\/\/www.instagram.com\/kiddotrip\/\"]}]}<\/script>\n<!-- \/ Yoast SEO plugin. -->","yoast_head_json":{"title":"Connexion - KiddoTrip","description":"Connectez-vous pour retrouver vos visites et acc\u00e9der \u00e0 tous les contenus. Gr\u00e2ce \u00e0 KiddoTrip, visitez et d\u00e9couvrez Singapour en famille !","robots":{"index":"index","follow":"follow","max-snippet":"max-snippet:-1","max-image-preview":"max-image-preview:large","max-video-preview":"max-video-preview:-1"},"canonical":"https:\/\/kiddotrip.com\/fr\/connexion\/","og_locale":"fr_FR","og_type":"article","og_title":"Connexion - KiddoTrip","og_description":"Connectez-vous pour retrouver vos visites et acc\u00e9der \u00e0 tous les contenus. Gr\u00e2ce \u00e0 KiddoTrip, visitez et d\u00e9couvrez Singapour en famille !","og_url":"https:\/\/kiddotrip.com\/fr\/connexion\/","og_site_name":"KiddoTrip","article_publisher":"https:\/\/www.facebook.com\/myKiddoTrip\/","article_modified_time":"2023-02-16T06:13:20+00:00","og_image":[{"url":"https:\/\/kiddotrip.com\/wp-content\/uploads\/2021\/07\/KiddoTrip_Cover_800x400-1.jpg"}],"twitter_card":"summary_large_image","twitter_misc":{"Dur\u00e9e de lecture estim\u00e9e":"1 minute"},"schema":{"@context":"https:\/\/schema.org","@graph":[{"@type":"WebPage","@id":"https:\/\/kiddotrip.com\/fr\/connexion\/","url":"https:\/\/kiddotrip.com\/fr\/connexion\/","name":"Connexion - KiddoTrip","isPartOf":{"@id":"https:\/\/kiddotrip.com\/fr\/#website"},"primaryImageOfPage":{"@id":"https:\/\/kiddotrip.com\/fr\/connexion\/#primaryimage"},"image":{"@id":"https:\/\/kiddotrip.com\/fr\/connexion\/#primaryimage"},"thumbnailUrl":"https:\/\/kiddotrip.com\/wp-content\/uploads\/2021\/07\/KiddoTrip_Cover_800x400-1.jpg","datePublished":"2021-07-01T04:44:12+00:00","dateModified":"2023-02-16T06:13:20+00:00","description":"Connectez-vous pour retrouver vos visites et acc\u00e9der \u00e0 tous les contenus. Gr\u00e2ce \u00e0 KiddoTrip, visitez et d\u00e9couvrez Singapour en famille !","breadcrumb":{"@id":"https:\/\/kiddotrip.com\/fr\/connexion\/#breadcrumb"},"inLanguage":"fr-FR","potentialAction":[{"@type":"ReadAction","target":["https:\/\/kiddotrip.com\/fr\/connexion\/"]}]},{"@type":"ImageObject","inLanguage":"fr-FR","@id":"https:\/\/kiddotrip.com\/fr\/connexion\/#primaryimage","url":"https:\/\/kiddotrip.com\/wp-content\/uploads\/2021\/07\/KiddoTrip_Cover_800x400-1.jpg","contentUrl":"https:\/\/kiddotrip.com\/wp-content\/uploads\/2021\/07\/KiddoTrip_Cover_800x400-1.jpg"},{"@type":"BreadcrumbList","@id":"https:\/\/kiddotrip.com\/fr\/connexion\/#breadcrumb","itemListElement":[{"@type":"ListItem","position":1,"name":"Accueil","item":"https:\/\/kiddotrip.com\/fr\/"},{"@type":"ListItem","position":2,"name":"Connexion"}]},{"@type":"WebSite","@id":"https:\/\/kiddotrip.com\/fr\/#website","url":"https:\/\/kiddotrip.com\/fr\/","name":"KiddoTrip","description":"Travel with kids","publisher":{"@id":"https:\/\/kiddotrip.com\/fr\/#organization"},"potentialAction":[{"@type":"SearchAction","target":{"@type":"EntryPoint","urlTemplate":"https:\/\/kiddotrip.com\/fr\/?s={search_term_string}"},"query-input":"required name=search_term_string"}],"inLanguage":"fr-FR"},{"@type":"Organization","@id":"https:\/\/kiddotrip.com\/fr\/#organization","name":"KiddoTrip","url":"https:\/\/kiddotrip.com\/fr\/","logo":{"@type":"ImageObject","inLanguage":"fr-FR","@id":"https:\/\/kiddotrip.com\/fr\/#\/schema\/logo\/image\/","url":"https:\/\/kiddotrip.com\/wp-content\/uploads\/2021\/07\/Logo-KiddoTrip_H_1.png","contentUrl":"https:\/\/kiddotrip.com\/wp-content\/uploads\/2021\/07\/Logo-KiddoTrip_H_1.png","width":930,"height":180,"caption":"KiddoTrip"},"image":{"@id":"https:\/\/kiddotrip.com\/fr\/#\/schema\/logo\/image\/"},"sameAs":["https:\/\/www.facebook.com\/myKiddoTrip\/","https:\/\/www.instagram.com\/kiddotrip\/"]}]}},"_links":{"self":[{"href":"https:\/\/kiddotrip.com\/fr\/wp-json\/wp\/v2\/pages\/67","targetHints":{"allow":["GET"]}}],"collection":[{"href":"https:\/\/kiddotrip.com\/fr\/wp-json\/wp\/v2\/pages"}],"about":[{"href":"https:\/\/kiddotrip.com\/fr\/wp-json\/wp\/v2\/types\/page"}],"author":[{"embeddable":true,"href":"https:\/\/kiddotrip.com\/fr\/wp-json\/wp\/v2\/users\/1"}],"replies":[{"embeddable":true,"href":"https:\/\/kiddotrip.com\/fr\/wp-json\/wp\/v2\/comments?post=67"}],"version-history":[{"count":10,"href":"https:\/\/kiddotrip.com\/fr\/wp-json\/wp\/v2\/pages\/67\/revisions"}],"predecessor-version":[{"id":4008,"href":"https:\/\/kiddotrip.com\/fr\/wp-json\/wp\/v2\/pages\/67\/revisions\/4008"}],"wp:attachment":[{"href":"https:\/\/kiddotrip.com\/fr\/wp-json\/wp\/v2\/media?parent=67"}],"curies":[{"name":"wp","href":"https:\/\/api.w.org\/{rel}","templated":true}]}}