{"id":6175,"date":"2024-04-02T12:58:08","date_gmt":"2024-04-02T04:58:08","guid":{"rendered":"https:\/\/kiddotrip.com\/?page_id=6175"},"modified":"2024-04-02T12:58:09","modified_gmt":"2024-04-02T04:58:09","slug":"apropos-guides-touristiques","status":"publish","type":"page","link":"https:\/\/kiddotrip.com\/fr\/apropos-guides-touristiques\/","title":{"rendered":"Nos guides touristiques \u00e0 Singapour"},"content":{"rendered":"\n<p>Nos guides touristiques \u00e0 Singapour sont passionn\u00e9es par la ville et aiment partager leurs connaissances avec les familles. Nous collaborons avec eux pour concevoir des Visites en Famille adapt\u00e9es aux adultes et aux enfants (avec des itin\u00e9raires con\u00e7us pour les plus jeunes).<\/p>\n\n\n\n<p>Afin d&#8217;offrir une flexibilit\u00e9 aux familles avec des jeunes enfants, nous enregistrons les commentaires des guides touristiques, vous permettant d&#8217;explorer Singapour \u00e0 votre rythme gr\u00e2ce \u00e0 une visite audio-guid\u00e9e. Cela garantit une exp\u00e9rience amusante et relaxante pour tous, avec un contenu de qualit\u00e9.<\/p>\n\n\n\n<div style=\"height:24px\" aria-hidden=\"true\" class=\"wp-block-spacer\"><\/div>\n\n\n\n<h2 class=\"wp-block-heading\">Notre guide touristique francophone \u00e0 Singapour : Ariane Nabarro<\/h2>\n\n\n\n<div class=\"wp-block-columns is-layout-flex wp-container-core-columns-is-layout-28f84493 wp-block-columns-is-layout-flex\">\n<div class=\"wp-block-column is-layout-flow wp-block-column-is-layout-flow\" style=\"flex-basis:20%\">\n<figure class=\"wp-block-image size-full\"><img loading=\"lazy\" decoding=\"async\" width=\"250\" height=\"250\" src=\"https:\/\/kiddotrip.com\/wp-content\/uploads\/2021\/07\/Ariane_250px-1.png\" alt=\"Ariane - Singapore Tour Guide\" class=\"wp-image-801\" srcset=\"https:\/\/kiddotrip.com\/wp-content\/uploads\/2021\/07\/Ariane_250px-1.png 250w, https:\/\/kiddotrip.com\/wp-content\/uploads\/2021\/07\/Ariane_250px-1-150x150.png 150w, https:\/\/kiddotrip.com\/wp-content\/uploads\/2021\/07\/Ariane_250px-1-100x100.png 100w\" sizes=\"auto, (max-width: 250px) 100vw, 250px\" \/><\/figure>\n<\/div>\n\n\n\n<div class=\"wp-block-column is-layout-flow wp-block-column-is-layout-flow\" style=\"flex-basis:80%\">\n<p>Ariane Nabarro, une Fran\u00e7aise install\u00e9e \u00e0 Singapour depuis plus de 20 ans, est une passionn\u00e9e de la riche histoire et de la culture de Singapour. Cette passion l&#8217;a amen\u00e9e \u00e0 devenir guide touristique agr\u00e9\u00e9e et \u00e0 cr\u00e9er &#8220;Singapour Sur Seine&#8221;, une soci\u00e9t\u00e9 d\u00e9di\u00e9e au partage de ses histoires captivantes avec les touristes et expatri\u00e9s fran\u00e7ais.<\/p>\n\n\n\n<p>Ariane adapte ses visites \u00e0 diff\u00e9rents publics. Elle aime cr\u00e9er des exp\u00e9riences engageantes pour les adultes, en approfondissant les d\u00e9tails historiques et les nuances culturelles.<\/p>\n<\/div>\n<\/div>\n\n\n\n<p> Cependant, elle comprend que les enfants ont une fa\u00e7on unique d&#8217;apprendre. C&#8217;est pourquoi elle s&#8217;associe \u00e9galement \u00e0 l\u2019\u00e9cole fran\u00e7aise (IFS) pour guider les sorties scolaires lors de c\u00e9l\u00e9brations culturelles comme le Nouvel An chinois et Deepavali. Ces visites sont con\u00e7ues pour \u00e9veiller la curiosit\u00e9 des enfants et stimuler leur imagination gr\u00e2ce \u00e0 des activit\u00e9s interactives et des r\u00e9cits adapt\u00e9s \u00e0 leur \u00e2ge. D\u00e8s le d\u00e9but, elle a soutenu KiddoTrip car elle est convaincue, comme nous car elle partage notre conviction que des visites r\u00e9ussies pour les familles n\u00e9cessitent un contenu distinct pour les adultes et les enfants.<\/p>\n\n\n\n<p>D\u00e8s le d\u00e9but, elle a soutenu KiddoTrip car elle est convaincue, comme nous car elle partage notre conviction que des visites r\u00e9ussies pour les familles n\u00e9cessitent un contenu distinct pour les adultes et les enfants.<\/p>\n\n\n\n<p>Suivez Ariane sur <a href=\"https:\/\/www.facebook.com\/singapoursurseine\">Facebook<\/a>.<\/p>\n\n\n\n<div class=\"wp-block-s3mm-s3media\"><div class=\"s3mm-mejs-player s3mm-mejs-player-responsive s3mm-mejs-player-audio\"><audio  controls  preload=\"auto\" class=\"s3mm_mejs__player s3mm_mejs__audio_single s3mm_mejs__responsive\"  style=\"max-width:100%;\"  data-s3mm_mejsoptions=\"{&quot;pluginPath&quot;:&quot;\\\/home\\\/u784416598\\\/domains\\\/kiddotrip.com\\\/public_html\\\/wp-content\\\/plugins\\\/s3-media-maestro\\\/assets\\\/swf&quot;,&quot;classPrefix&quot;:&quot;s3mm_mejs__&quot;,&quot;useFakeFullscreen&quot;:true,&quot;startVolume&quot;:&quot;0.8&quot;,&quot;renderers&quot;:[&quot;html5&quot;,&quot;vimeo_iframe&quot;,&quot;youtube_iframe&quot;,&quot;flash_video&quot;,&quot;flash_audio&quot;,&quot;native_hls&quot;],&quot;stretching&quot;:&quot;responsive&quot;,&quot;features&quot;:[&quot;playpause&quot;,&quot;current&quot;,&quot;progress&quot;,&quot;duration&quot;,&quot;volume&quot;,&quot;loop&quot;,&quot;tracks&quot;,&quot;speed&quot;,&quot;fullscreen&quot;,&quot;quality&quot;]}\"><source type=\"audio\/mpeg\" src=\"https:\/\/kiddotrip.s3.ap-southeast-1.amazonaws.com\/Pres_Ariane.mp3?X-Amz-Content-Sha256=UNSIGNED-PAYLOAD&X-Amz-Algorithm=AWS4-HMAC-SHA256&X-Amz-Credential=AKIA3BXRSXXXIQDOGHNE%2F20260405%2Fap-southeast-1%2Fs3%2Faws4_request&X-Amz-Date=20260405T043543Z&X-Amz-SignedHeaders=host&X-Amz-Expires=7200&X-Amz-Signature=38e9f80fbfa4648c62e7e3a9270f178bd904a9e2ddeb869da68c6b1719cb25ca\" title=\"Pres_Ariane.mp3\" \/><\/audio><\/div><\/div>\n\n\n\n<div class=\"wp-block-buttons is-content-justification-center is-layout-flex wp-container-core-buttons-is-layout-a89b3969 wp-block-buttons-is-layout-flex\">\n<div class=\"wp-block-button\"><a class=\"wp-block-button__link has-text-align-center wp-element-button\" href=\"https:\/\/kiddotrip.com\/fr\/categorie-produit\/explore-joue\/singapour\/\">D\u00e9couvrir nos visites de Singapour en Fran\u00e7ais<\/a><\/div>\n<\/div>\n\n\n\n<div style=\"height:24px\" aria-hidden=\"true\" class=\"wp-block-spacer\"><\/div>\n\n\n\n<h2 class=\"wp-block-heading\">Notre guide touristique anglophone \u00e0 Singapour : Elaine Low<\/h2>\n\n\n\n<div class=\"wp-block-columns is-layout-flex wp-container-core-columns-is-layout-28f84493 wp-block-columns-is-layout-flex\">\n<div class=\"wp-block-column is-layout-flow wp-block-column-is-layout-flow\" style=\"flex-basis:20%\">\n<figure class=\"wp-block-image size-large is-resized\"><img loading=\"lazy\" decoding=\"async\" width=\"768\" height=\"1024\" src=\"https:\/\/kiddotrip.com\/wp-content\/uploads\/2022\/08\/Elaine-768x1024.jpeg\" alt=\"Elaine - Singapore Tour Guide\" class=\"wp-image-2592\" style=\"object-fit:cover;width:200px;height:200px\" srcset=\"https:\/\/kiddotrip.com\/wp-content\/uploads\/2022\/08\/Elaine-768x1024.jpeg 768w, https:\/\/kiddotrip.com\/wp-content\/uploads\/2022\/08\/Elaine-225x300.jpeg 225w, https:\/\/kiddotrip.com\/wp-content\/uploads\/2022\/08\/Elaine-600x800.jpeg 600w, https:\/\/kiddotrip.com\/wp-content\/uploads\/2022\/08\/Elaine.jpeg 943w\" sizes=\"auto, (max-width: 768px) 100vw, 768px\" \/><\/figure>\n<\/div>\n\n\n\n<div class=\"wp-block-column is-layout-flow wp-block-column-is-layout-flow\" style=\"flex-basis:80%\">\n<p>Toute sa vie, Elaine a \u00e9t\u00e9 passionn\u00e9e par l&#8217;aventure ! N\u00e9e Singapour, elle y a grandi et elle est devenue enseignante. Mais les murs de sa classe ne pouvaient contenir sa curiosit\u00e9 d\u00e9bordante. Elaine s&#8217;est lanc\u00e9e dans une nouvelle aventure : partager son amour pour l\u2019histoire et la culture non seulement de Singapour et mais aussi dans le monde entier. Car en plus d\u2019\u00eatre guide touristique \u00e0 Singapour, Elaine accompagne des classes d\u2019enfants \u00e0 l\u2019\u00e9tranger<\/p>\n\n\n\n<p>Avec son amour pour les arts et les cultures culinaires, elle ajoute une perspective unique a ses visites.<\/p>\n<\/div>\n<\/div>\n\n\n\n<p>Suivez Elaine sur <a href=\"https:\/\/www.facebook.com\/singapoursurseine\">Facebook<\/a>.<\/p>\n\n\n\n<div class=\"wp-block-buttons is-content-justification-center is-layout-flex wp-container-core-buttons-is-layout-a89b3969 wp-block-buttons-is-layout-flex\">\n<div class=\"wp-block-button\"><a class=\"wp-block-button__link wp-element-button\" href=\"https:\/\/kiddotrip.com\/categorie-produit\/visit\/singapore\/\">D\u00e9couvrir nos visites de Singapour en Anglais<\/a><\/div>\n<\/div>\n","protected":false},"excerpt":{"rendered":"<p>Nos guides touristiques \u00e0 Singapour sont passionn\u00e9es par la ville et aiment partager leurs connaissances avec les familles. Nous collaborons avec eux pour concevoir des Visites en Famille adapt\u00e9es aux adultes et aux enfants (avec des itin\u00e9raires con\u00e7us pour les plus jeunes). Afin d&#8217;offrir une flexibilit\u00e9 aux familles avec des jeunes enfants, nous enregistrons les &hellip;<\/p>\n<p class=\"read-more\"> <a class=\"\" href=\"https:\/\/kiddotrip.com\/fr\/apropos-guides-touristiques\/\"> <span class=\"screen-reader-text\">Nos guides touristiques \u00e0 Singapour<\/span> Lire la suite\u00a0\u00bb<\/a><\/p>\n","protected":false},"author":1,"featured_media":6173,"parent":0,"menu_order":0,"comment_status":"closed","ping_status":"closed","template":"","meta":{"om_disable_all_campaigns":false,"_ppp_document_settings_meta":"","site-sidebar-layout":"default","site-content-layout":"","ast-site-content-layout":"default","site-content-style":"default","site-sidebar-style":"default","ast-global-header-display":"","ast-banner-title-visibility":"","ast-main-header-display":"","ast-hfb-above-header-display":"","ast-hfb-below-header-display":"","ast-hfb-mobile-header-display":"","site-post-title":"","ast-breadcrumbs-content":"","ast-featured-img":"disabled","footer-sml-layout":"","theme-transparent-header-meta":"","adv-header-id-meta":"","stick-header-meta":"","header-above-stick-meta":"","header-main-stick-meta":"","header-below-stick-meta":"","astra-migrate-meta-layouts":"set","footnotes":""},"class_list":["post-6175","page","type-page","status-publish","has-post-thumbnail","hentry"],"yoast_head":"<!-- This site is optimized with the Yoast SEO plugin v22.8 - https:\/\/yoast.com\/wordpress\/plugins\/seo\/ -->\n<title>Nos guides touristiques \u00e0 Singapour - KiddoTrip<\/title>\n<meta name=\"description\" content=\"Nous collaborons avec des guides touristiques \u00e0 Singapour pour cr\u00e9er des itin\u00e9raires et un contenu de qualit\u00e9 pour les adultes et les enfants.\" \/>\n<meta name=\"robots\" content=\"index, follow, max-snippet:-1, max-image-preview:large, max-video-preview:-1\" \/>\n<link rel=\"canonical\" href=\"https:\/\/kiddotrip.com\/fr\/apropos-guides-touristiques\/\" \/>\n<meta property=\"og:locale\" content=\"fr_FR\" \/>\n<meta property=\"og:type\" content=\"article\" \/>\n<meta property=\"og:title\" content=\"Nos guides touristiques \u00e0 Singapour - KiddoTrip\" \/>\n<meta property=\"og:description\" content=\"Nous collaborons avec des guides touristiques \u00e0 Singapour pour cr\u00e9er des itin\u00e9raires et un contenu de qualit\u00e9 pour les adultes et les enfants.\" \/>\n<meta property=\"og:url\" content=\"https:\/\/kiddotrip.com\/fr\/apropos-guides-touristiques\/\" \/>\n<meta property=\"og:site_name\" content=\"KiddoTrip\" \/>\n<meta property=\"article:publisher\" content=\"https:\/\/www.facebook.com\/myKiddoTrip\/\" \/>\n<meta property=\"article:modified_time\" content=\"2024-04-02T04:58:09+00:00\" \/>\n<meta property=\"og:image\" content=\"https:\/\/kiddotrip.com\/wp-content\/uploads\/2024\/04\/TourGuides-Phone.jpg\" \/>\n\t<meta property=\"og:image:width\" content=\"522\" \/>\n\t<meta property=\"og:image:height\" content=\"521\" \/>\n\t<meta property=\"og:image:type\" content=\"image\/jpeg\" \/>\n<meta name=\"twitter:card\" content=\"summary_large_image\" \/>\n<meta name=\"twitter:label1\" content=\"Dur\u00e9e de lecture estim\u00e9e\" \/>\n\t<meta name=\"twitter:data1\" content=\"3 minutes\" \/>\n<script type=\"application\/ld+json\" class=\"yoast-schema-graph\">{\"@context\":\"https:\/\/schema.org\",\"@graph\":[{\"@type\":\"WebPage\",\"@id\":\"https:\/\/kiddotrip.com\/fr\/apropos-guides-touristiques\/\",\"url\":\"https:\/\/kiddotrip.com\/fr\/apropos-guides-touristiques\/\",\"name\":\"Nos guides touristiques \u00e0 Singapour - KiddoTrip\",\"isPartOf\":{\"@id\":\"https:\/\/kiddotrip.com\/fr\/#website\"},\"primaryImageOfPage\":{\"@id\":\"https:\/\/kiddotrip.com\/fr\/apropos-guides-touristiques\/#primaryimage\"},\"image\":{\"@id\":\"https:\/\/kiddotrip.com\/fr\/apropos-guides-touristiques\/#primaryimage\"},\"thumbnailUrl\":\"https:\/\/kiddotrip.com\/wp-content\/uploads\/2024\/04\/TourGuides-Phone.jpg\",\"datePublished\":\"2024-04-02T04:58:08+00:00\",\"dateModified\":\"2024-04-02T04:58:09+00:00\",\"description\":\"Nous collaborons avec des guides touristiques \u00e0 Singapour pour cr\u00e9er des itin\u00e9raires et un contenu de qualit\u00e9 pour les adultes et les enfants.\",\"breadcrumb\":{\"@id\":\"https:\/\/kiddotrip.com\/fr\/apropos-guides-touristiques\/#breadcrumb\"},\"inLanguage\":\"fr-FR\",\"potentialAction\":[{\"@type\":\"ReadAction\",\"target\":[\"https:\/\/kiddotrip.com\/fr\/apropos-guides-touristiques\/\"]}]},{\"@type\":\"ImageObject\",\"inLanguage\":\"fr-FR\",\"@id\":\"https:\/\/kiddotrip.com\/fr\/apropos-guides-touristiques\/#primaryimage\",\"url\":\"https:\/\/kiddotrip.com\/wp-content\/uploads\/2024\/04\/TourGuides-Phone.jpg\",\"contentUrl\":\"https:\/\/kiddotrip.com\/wp-content\/uploads\/2024\/04\/TourGuides-Phone.jpg\",\"width\":522,\"height\":521,\"caption\":\"Tour Guides\"},{\"@type\":\"BreadcrumbList\",\"@id\":\"https:\/\/kiddotrip.com\/fr\/apropos-guides-touristiques\/#breadcrumb\",\"itemListElement\":[{\"@type\":\"ListItem\",\"position\":1,\"name\":\"Accueil\",\"item\":\"https:\/\/kiddotrip.com\/fr\/\"},{\"@type\":\"ListItem\",\"position\":2,\"name\":\"Nos guides touristiques \u00e0 Singapour\"}]},{\"@type\":\"WebSite\",\"@id\":\"https:\/\/kiddotrip.com\/fr\/#website\",\"url\":\"https:\/\/kiddotrip.com\/fr\/\",\"name\":\"KiddoTrip\",\"description\":\"Travel with kids\",\"publisher\":{\"@id\":\"https:\/\/kiddotrip.com\/fr\/#organization\"},\"potentialAction\":[{\"@type\":\"SearchAction\",\"target\":{\"@type\":\"EntryPoint\",\"urlTemplate\":\"https:\/\/kiddotrip.com\/fr\/?s={search_term_string}\"},\"query-input\":\"required name=search_term_string\"}],\"inLanguage\":\"fr-FR\"},{\"@type\":\"Organization\",\"@id\":\"https:\/\/kiddotrip.com\/fr\/#organization\",\"name\":\"KiddoTrip\",\"url\":\"https:\/\/kiddotrip.com\/fr\/\",\"logo\":{\"@type\":\"ImageObject\",\"inLanguage\":\"fr-FR\",\"@id\":\"https:\/\/kiddotrip.com\/fr\/#\/schema\/logo\/image\/\",\"url\":\"https:\/\/kiddotrip.com\/wp-content\/uploads\/2021\/07\/Logo-KiddoTrip_H_1.png\",\"contentUrl\":\"https:\/\/kiddotrip.com\/wp-content\/uploads\/2021\/07\/Logo-KiddoTrip_H_1.png\",\"width\":930,\"height\":180,\"caption\":\"KiddoTrip\"},\"image\":{\"@id\":\"https:\/\/kiddotrip.com\/fr\/#\/schema\/logo\/image\/\"},\"sameAs\":[\"https:\/\/www.facebook.com\/myKiddoTrip\/\",\"https:\/\/www.instagram.com\/kiddotrip\/\"]}]}<\/script>\n<!-- \/ Yoast SEO plugin. -->","yoast_head_json":{"title":"Nos guides touristiques \u00e0 Singapour - KiddoTrip","description":"Nous collaborons avec des guides touristiques \u00e0 Singapour pour cr\u00e9er des itin\u00e9raires et un contenu de qualit\u00e9 pour les adultes et les enfants.","robots":{"index":"index","follow":"follow","max-snippet":"max-snippet:-1","max-image-preview":"max-image-preview:large","max-video-preview":"max-video-preview:-1"},"canonical":"https:\/\/kiddotrip.com\/fr\/apropos-guides-touristiques\/","og_locale":"fr_FR","og_type":"article","og_title":"Nos guides touristiques \u00e0 Singapour - KiddoTrip","og_description":"Nous collaborons avec des guides touristiques \u00e0 Singapour pour cr\u00e9er des itin\u00e9raires et un contenu de qualit\u00e9 pour les adultes et les enfants.","og_url":"https:\/\/kiddotrip.com\/fr\/apropos-guides-touristiques\/","og_site_name":"KiddoTrip","article_publisher":"https:\/\/www.facebook.com\/myKiddoTrip\/","article_modified_time":"2024-04-02T04:58:09+00:00","og_image":[{"width":522,"height":521,"url":"https:\/\/kiddotrip.com\/wp-content\/uploads\/2024\/04\/TourGuides-Phone.jpg","type":"image\/jpeg"}],"twitter_card":"summary_large_image","twitter_misc":{"Dur\u00e9e de lecture estim\u00e9e":"3 minutes"},"schema":{"@context":"https:\/\/schema.org","@graph":[{"@type":"WebPage","@id":"https:\/\/kiddotrip.com\/fr\/apropos-guides-touristiques\/","url":"https:\/\/kiddotrip.com\/fr\/apropos-guides-touristiques\/","name":"Nos guides touristiques \u00e0 Singapour - KiddoTrip","isPartOf":{"@id":"https:\/\/kiddotrip.com\/fr\/#website"},"primaryImageOfPage":{"@id":"https:\/\/kiddotrip.com\/fr\/apropos-guides-touristiques\/#primaryimage"},"image":{"@id":"https:\/\/kiddotrip.com\/fr\/apropos-guides-touristiques\/#primaryimage"},"thumbnailUrl":"https:\/\/kiddotrip.com\/wp-content\/uploads\/2024\/04\/TourGuides-Phone.jpg","datePublished":"2024-04-02T04:58:08+00:00","dateModified":"2024-04-02T04:58:09+00:00","description":"Nous collaborons avec des guides touristiques \u00e0 Singapour pour cr\u00e9er des itin\u00e9raires et un contenu de qualit\u00e9 pour les adultes et les enfants.","breadcrumb":{"@id":"https:\/\/kiddotrip.com\/fr\/apropos-guides-touristiques\/#breadcrumb"},"inLanguage":"fr-FR","potentialAction":[{"@type":"ReadAction","target":["https:\/\/kiddotrip.com\/fr\/apropos-guides-touristiques\/"]}]},{"@type":"ImageObject","inLanguage":"fr-FR","@id":"https:\/\/kiddotrip.com\/fr\/apropos-guides-touristiques\/#primaryimage","url":"https:\/\/kiddotrip.com\/wp-content\/uploads\/2024\/04\/TourGuides-Phone.jpg","contentUrl":"https:\/\/kiddotrip.com\/wp-content\/uploads\/2024\/04\/TourGuides-Phone.jpg","width":522,"height":521,"caption":"Tour Guides"},{"@type":"BreadcrumbList","@id":"https:\/\/kiddotrip.com\/fr\/apropos-guides-touristiques\/#breadcrumb","itemListElement":[{"@type":"ListItem","position":1,"name":"Accueil","item":"https:\/\/kiddotrip.com\/fr\/"},{"@type":"ListItem","position":2,"name":"Nos guides touristiques \u00e0 Singapour"}]},{"@type":"WebSite","@id":"https:\/\/kiddotrip.com\/fr\/#website","url":"https:\/\/kiddotrip.com\/fr\/","name":"KiddoTrip","description":"Travel with kids","publisher":{"@id":"https:\/\/kiddotrip.com\/fr\/#organization"},"potentialAction":[{"@type":"SearchAction","target":{"@type":"EntryPoint","urlTemplate":"https:\/\/kiddotrip.com\/fr\/?s={search_term_string}"},"query-input":"required name=search_term_string"}],"inLanguage":"fr-FR"},{"@type":"Organization","@id":"https:\/\/kiddotrip.com\/fr\/#organization","name":"KiddoTrip","url":"https:\/\/kiddotrip.com\/fr\/","logo":{"@type":"ImageObject","inLanguage":"fr-FR","@id":"https:\/\/kiddotrip.com\/fr\/#\/schema\/logo\/image\/","url":"https:\/\/kiddotrip.com\/wp-content\/uploads\/2021\/07\/Logo-KiddoTrip_H_1.png","contentUrl":"https:\/\/kiddotrip.com\/wp-content\/uploads\/2021\/07\/Logo-KiddoTrip_H_1.png","width":930,"height":180,"caption":"KiddoTrip"},"image":{"@id":"https:\/\/kiddotrip.com\/fr\/#\/schema\/logo\/image\/"},"sameAs":["https:\/\/www.facebook.com\/myKiddoTrip\/","https:\/\/www.instagram.com\/kiddotrip\/"]}]}},"_links":{"self":[{"href":"https:\/\/kiddotrip.com\/fr\/wp-json\/wp\/v2\/pages\/6175","targetHints":{"allow":["GET"]}}],"collection":[{"href":"https:\/\/kiddotrip.com\/fr\/wp-json\/wp\/v2\/pages"}],"about":[{"href":"https:\/\/kiddotrip.com\/fr\/wp-json\/wp\/v2\/types\/page"}],"author":[{"embeddable":true,"href":"https:\/\/kiddotrip.com\/fr\/wp-json\/wp\/v2\/users\/1"}],"replies":[{"embeddable":true,"href":"https:\/\/kiddotrip.com\/fr\/wp-json\/wp\/v2\/comments?post=6175"}],"version-history":[{"count":1,"href":"https:\/\/kiddotrip.com\/fr\/wp-json\/wp\/v2\/pages\/6175\/revisions"}],"predecessor-version":[{"id":6176,"href":"https:\/\/kiddotrip.com\/fr\/wp-json\/wp\/v2\/pages\/6175\/revisions\/6176"}],"wp:featuredmedia":[{"embeddable":true,"href":"https:\/\/kiddotrip.com\/fr\/wp-json\/wp\/v2\/media\/6173"}],"wp:attachment":[{"href":"https:\/\/kiddotrip.com\/fr\/wp-json\/wp\/v2\/media?parent=6175"}],"curies":[{"name":"wp","href":"https:\/\/api.w.org\/{rel}","templated":true}]}}