{"id":6167,"date":"2024-04-01T21:50:16","date_gmt":"2024-04-01T13:50:16","guid":{"rendered":"https:\/\/kiddotrip.com\/?page_id=6167"},"modified":"2025-02-11T13:48:40","modified_gmt":"2025-02-11T05:48:40","slug":"apropos-singapour-en-famille","status":"publish","type":"page","link":"https:\/\/kiddotrip.com\/fr\/apropos-singapour-en-famille\/","title":{"rendered":"Singapour en Famille"},"content":{"rendered":"\n<p>Les visites Explore&amp;Joue de KiddoTrip permettent de d\u00e9couvrir Singapour en famille, en transformant les rues en terrains de jeux g\u00e9ants. Gr\u00e2ce \u00e0 nos livrets d&#8217;activit\u00e9s ludiques, les enfants s\u2019amusent tout en d\u00e9couvrant la riche histoire et la culture de de Singapour. Pendant ce temps, les parents apprennent avec l\u2019audioguide plein d\u2019anecdotes fascinantes sur le quartier.\u00a0En famille, vous d\u00e9ambulez \u00e0 votre rythme dans les quartiers, chaque rue devient une nouvelle aventure, chaque recoin un tr\u00e9sor \u00e0 d\u00e9couvrir. C\u2019est la recette parfaite pour une aventure familiale inoubliable !<\/p>\n\n\n\n<h2 class=\"wp-block-heading\">Qu&#8217;est-ce qu&#8217;une visite de Singapour en famille ?<\/h2>\n\n\n\n<p><strong>Les visites guid\u00e9es traditionnelles peuvent \u00eatre un d\u00e9fi pour les familles avec des jeunes enfants<\/strong>. Le contenu et la dur\u00e9e d\u00e9passent souvent leur capacit\u00e9 d&#8217;attention, ce qui entra\u00eene l&#8217;ennui et la frustration pour tout le monde. C&#8217;est l\u00e0 qu&#8217;interviennent les visites Explore&amp;Joue de KiddoTrip !<\/p>\n\n\n\n<p><strong>Fini les longues explications et les plaintes des enfants.<\/strong> Nos visites sont sp\u00e9cialement con\u00e7ues pour les familles avec des jeunes enfants. &nbsp;Nos activit\u00e9s ludiques captivent les enfants gr\u00e2ce \u00e0 des jeux sur leur cahier d&#8217;activit\u00e9s \u00e0 chaque \u00e9tape du parcours. Les enfants s&#8217;amuseront tout en apprenant, sans m\u00eame s&#8217;en rendre compte !<\/p>\n\n\n\n<p>Pendant ce temps, les parents peuvent se d\u00e9tendre et d\u00e9couvrir Singapour \u00e0 l&#8217;aide d&#8217;un audioguide. <strong>Pas de casques encombrants, mais simplement une application sur votre t\u00e9l\u00e9phone.<\/strong><\/p>\n\n\n\n<p><strong>Les visites en famille plaisent \u00e0 tout le monde, cr\u00e9ant de beaux souvenirs et une exploration sans stress pour toute la famille !<\/strong><\/p>\n\n\n\n<div class=\"wp-block-columns is-layout-flex wp-container-core-columns-is-layout-28f84493 wp-block-columns-is-layout-flex\">\n<div class=\"wp-block-column is-vertically-aligned-center is-layout-flow wp-block-column-is-layout-flow\">\n<figure class=\"wp-block-image size-large is-resized\"><img decoding=\"async\" src=\"https:\/\/kiddotrip.com\/wp-content\/uploads\/2024\/04\/Family-Fun-JooChiat_1200px-1024x683.jpg\" alt=\"Fun family tour Joo Chiat\" class=\"wp-image-6163\" style=\"width:500px\"\/><\/figure>\n<\/div>\n\n\n\n<div class=\"wp-block-column is-vertically-aligned-center is-layout-flow wp-block-column-is-layout-flow\">\n<div class=\"wp-block-buttons is-content-justification-center is-layout-flex wp-container-core-buttons-is-layout-a89b3969 wp-block-buttons-is-layout-flex\">\n<div class=\"wp-block-button\"><a class=\"wp-block-button__link wp-element-button\" href=\"https:\/\/kiddotrip.com\/fr\/categorie-produit\/explore-joue\/\">D\u00e9couvrez les quartiers<\/a><\/div>\n<\/div>\n<\/div>\n<\/div>\n\n\n\n<div style=\"height:29px\" aria-hidden=\"true\" class=\"wp-block-spacer\"><\/div>\n\n\n\n<h2 class=\"wp-block-heading\">Comment fonctionnent les visites Explore&amp;Joue de KiddoTrip ?<\/h2>\n\n\n\n<p>Nos circuits en famille misent sur la flexibilit\u00e9 ! Voici comment cela fonctionne :<\/p>\n\n\n\n<p><img loading=\"lazy\" decoding=\"async\" width=\"30\" height=\"50\" class=\"wp-image-2681\" style=\"width: 30px;\" src=\"https:\/\/kiddotrip.com\/wp-content\/uploads\/2022\/08\/1.png\" alt=\"\" srcset=\"https:\/\/kiddotrip.com\/wp-content\/uploads\/2022\/08\/1.png 206w, https:\/\/kiddotrip.com\/wp-content\/uploads\/2022\/08\/1-182x300.png 182w\" sizes=\"auto, (max-width: 30px) 100vw, 30px\" \/><strong>R\u00e9servez votre visite en famille<\/strong>. Choisissez la visite Explore&amp;Joue qui vous pla\u00eet sur notre site internet.<\/p>\n\n\n\n<p><img loading=\"lazy\" decoding=\"async\" width=\"30\" height=\"44\" class=\"wp-image-2683\" style=\"width: 30px;\" src=\"https:\/\/kiddotrip.com\/wp-content\/uploads\/2022\/08\/2.png\" alt=\"\" srcset=\"https:\/\/kiddotrip.com\/wp-content\/uploads\/2022\/08\/2.png 237w, https:\/\/kiddotrip.com\/wp-content\/uploads\/2022\/08\/2-203x300.png 203w\" sizes=\"auto, (max-width: 30px) 100vw, 30px\" \/><strong>Livrets d&#8217;activit\u00e9s livr\u00e9s<\/strong>. Une fois votre r\u00e9servation effectu\u00e9e, nous enverrons directement les cahiers d&#8217;activit\u00e9s pour les enfants \u00e0 votre domicile ou \u00e0 votre h\u00f4tel \u00e0 Singapour.<\/p>\n\n\n\n<p><img loading=\"lazy\" decoding=\"async\" width=\"30\" height=\"43\" class=\"wp-image-2709\" style=\"width: 30px;\" src=\"https:\/\/kiddotrip.com\/wp-content\/uploads\/2022\/08\/3.png\" alt=\"\" srcset=\"https:\/\/kiddotrip.com\/wp-content\/uploads\/2022\/08\/3.png 237w, https:\/\/kiddotrip.com\/wp-content\/uploads\/2022\/08\/3-208x300.png 208w\" sizes=\"auto, (max-width: 30px) 100vw, 30px\" \/><strong>T\u00e9l\u00e9chargez l&#8217;application KiddoTrip<\/strong>. Cette application gratuite est la cl\u00e9 de votre visite autonome ! Elle comprend l&#8217;audioguide, rempli d&#8217;informations int\u00e9ressantes pour les parents.<\/p>\n\n\n\n<p><img decoding=\"async\" style=\"width: 30px;\" src=\"https:\/\/kiddotrip.com\/wp-content\/uploads\/2023\/04\/4.jpg\" alt=\"\"><strong>Explorez \u00e0 votre rythme<\/strong>. Avec tout en main, vous \u00eates libres de vous lancer dans votre aventure familiale quand vous le souhaitez ! Pas d&#8217;horaires fixes, juste le plaisir d&#8217;explorer ensemble \u00e0 votre rythme.<\/p>\n\n\n\n<div class=\"wp-block-buttons is-content-justification-center is-layout-flex wp-container-core-buttons-is-layout-a89b3969 wp-block-buttons-is-layout-flex\">\n<div class=\"wp-block-button\"><a class=\"wp-block-button__link wp-element-button\">Acheter les cahiers<\/a><\/div>\n<\/div>\n\n\n\n<div style=\"height:29px\" aria-hidden=\"true\" class=\"wp-block-spacer\"><\/div>\n\n\n\n<h2 class=\"wp-block-heading\">Comment sont cr\u00e9\u00e9es les visites de Singapour en famille ?<\/h2>\n\n\n\n<p>Vous \u00eates-vous d\u00e9j\u00e0 demand\u00e9 comment nos visites en famille KiddoTrip \u00e9taient cr\u00e9\u00e9es ? Nous privil\u00e9gions la qualit\u00e9 \u00e0 la quantit\u00e9 afin de concevoir des exp\u00e9riences de qualit\u00e9 destin\u00e9es \u00e0 \u00e9veiller la curiosit\u00e9 et faire plaisir aux familles.<\/p>\n\n\n\n<ol class=\"wp-block-list\">\n<li><strong>Cr\u00e9ation de contenu par des experts<\/strong>. Nous collaborons avec des guides touristiques exp\u00e9riment\u00e9s pour cr\u00e9er des itin\u00e9raires courts, adapt\u00e9s aux enfants. Leurs connaissances et leur passion garantissent que les informations contenues dans l&#8217;audioguide sont exactes et int\u00e9ressantes pour tous les \u00e2ges (\u00e0 partir de 8 ans).<\/li>\n\n\n\n<li><strong>Cr\u00e9ation d&#8217;un audioguide<\/strong>. Nous enregistrons les guides touristiques, cr\u00e9ant ainsi un audioguide que les familles peuvent utiliser quand elles veulent. Ansi, elles peuvent explorer la ville et ses monuments selon leur propre programme et \u00e0 un rythme qui convient aux besoins de leur famille.<\/li>\n\n\n\n<li><strong>Adaptation des livrets d&#8217;activit\u00e9s<\/strong>. Pour rendre la visite plus attrayante pour les jeunes enfants, nous cr\u00e9ons des cahiers d&#8217;activit\u00e9s remplis de jeux illustrant les informations pr\u00e9sent\u00e9es dans l&#8217;audioguide. Cette approche interactive transforme la visite touristique en une aventure passionnante, o\u00f9 les enfants d\u00e9couvrent la culture et l&#8217;histoire riche de Singapour.<\/li>\n\n\n\n<li><strong>Validation par les familles<\/strong>. Enfin, nous testons nos circuits et nos livrets d&#8217;activit\u00e9s aupr\u00e8s de familles. Cela nous permet d&#8217;affiner et d&#8217;am\u00e9liorer nos visites en famille, garantissant ainsi aux familles la meilleure exp\u00e9rience possible.<\/li>\n<\/ol>\n\n\n\n<p>Gr\u00e2ce \u00e0 toutes ces \u00e9tapes, les visites en famille KiddoTrip sont ludiques et enrichissantes et permettent aux familles d&#8217;explorer Singapour ensemble !<\/p>\n\n\n\n<div style=\"height:29px\" aria-hidden=\"true\" class=\"wp-block-spacer\"><\/div>\n\n\n\n<h2 class=\"wp-block-heading\">D\u00e9couvrez Singapour en famille<\/h2>\n\n\n\n<p>Pr\u00eat \u00e0 cr\u00e9er des souvenirs inoubliables en famille ? D\u00e9couvrez nos visites et r\u00e9servez votre aventure KiddoTrip d\u00e8s aujourd&#8217;hui !<\/p>\n\n\n\n<div class=\"wp-block-media-text is-stacked-on-mobile\" style=\"grid-template-columns:15% auto\"><figure class=\"wp-block-media-text__media\"><img loading=\"lazy\" decoding=\"async\" width=\"150\" height=\"100\" src=\"https:\/\/kiddotrip.com\/wp-content\/uploads\/2021\/07\/ThianHockKengTemple_100px-1.jpg\" alt=\"Thian Hock Keng Temple\" class=\"wp-image-607 size-full\"\/><\/figure><div class=\"wp-block-media-text__content\">\n<p><strong>Partez \u00e0 la d\u00e9couverte des secrets de Chinatown<\/strong>. Embarquez pour une aventure passionnante \u00e0 travers le quartier historique de Chinatown \u00e0 Singapour, rempli de tr\u00e9sors cach\u00e9s et d&#8217;histoires fascinantes. <a href=\"https:\/\/kiddotrip.com\/fr\/produit\/visite-chinatown\/\">Plus d&#8217;information<\/a>.<\/p>\n<\/div><\/div>\n\n\n\n<div class=\"wp-block-media-text is-stacked-on-mobile\" style=\"grid-template-columns:15% auto\"><figure class=\"wp-block-media-text__media\"><img loading=\"lazy\" decoding=\"async\" width=\"150\" height=\"100\" src=\"https:\/\/kiddotrip.com\/wp-content\/uploads\/2021\/09\/7.Temple-1.jpg\" alt=\"Sri Veeramakaliamman\" class=\"wp-image-1237 size-full\"\/><\/figure><div class=\"wp-block-media-text__content\">\n<p><strong>Un voyage \u00e0 travers Little India<\/strong>. Plongez dans les couleurs, les sons et les odeurs vibrants de Little India, et d\u00e9couvrez sa culture et ses traditions uniques. <a href=\"https:\/\/kiddotrip.com\/produit\/visit-sg-little-india\/\">Plus d&#8217;info<\/a><a href=\"https:\/\/kiddotrip.com\/fr\/produit\/visiter-sg-littleindia\/\">rmation<\/a>.<\/p>\n<\/div><\/div>\n\n\n\n<div class=\"wp-block-media-text is-stacked-on-mobile\" style=\"grid-template-columns:15% auto\"><figure class=\"wp-block-media-text__media\"><img loading=\"lazy\" decoding=\"async\" width=\"300\" height=\"200\" src=\"https:\/\/kiddotrip.com\/wp-content\/uploads\/2024\/04\/KoonSengRoad-300px.jpg\" alt=\"\" class=\"wp-image-6161 size-full\"\/><\/figure><div class=\"wp-block-media-text__content\">\n<p><strong>\u00c0 la d\u00e9couverte de l&#8217;h\u00e9ritage Peranakan de Joo Chiat<\/strong>. Partez \u00e0 la rencontre du quartier Peranakan de Joo Chiat, un lieu enchanteur, lors d&#8217;une promenade ponctu\u00e9e d&#8217;architecture color\u00e9e et de d\u00e9licieuses sp\u00e9cialit\u00e9s culinaires. <a href=\"https:\/\/kiddotrip.com\/fr\/produit\/visiter-joo-chiat-avec-vos-enfants\/\">Plus d&#8217;information<\/a>.<\/p>\n<\/div><\/div>\n","protected":false},"excerpt":{"rendered":"<p>Les visites Explore&amp;Joue de KiddoTrip permettent de d\u00e9couvrir Singapour en famille, en transformant les rues en terrains de jeux g\u00e9ants. Gr\u00e2ce \u00e0 nos livrets d&#8217;activit\u00e9s ludiques, les enfants s\u2019amusent tout en d\u00e9couvrant la riche histoire et la culture de de Singapour. Pendant ce temps, les parents apprennent avec l\u2019audioguide plein d\u2019anecdotes fascinantes sur le quartier.\u00a0En &hellip;<\/p>\n<p class=\"read-more\"> <a class=\"\" href=\"https:\/\/kiddotrip.com\/fr\/apropos-singapour-en-famille\/\"> <span class=\"screen-reader-text\">Singapour en Famille<\/span> Lire la suite\u00a0\u00bb<\/a><\/p>\n","protected":false},"author":1,"featured_media":6164,"parent":0,"menu_order":0,"comment_status":"closed","ping_status":"closed","template":"","meta":{"om_disable_all_campaigns":false,"_ppp_document_settings_meta":"","site-sidebar-layout":"default","site-content-layout":"","ast-site-content-layout":"default","site-content-style":"default","site-sidebar-style":"default","ast-global-header-display":"","ast-banner-title-visibility":"","ast-main-header-display":"","ast-hfb-above-header-display":"","ast-hfb-below-header-display":"","ast-hfb-mobile-header-display":"","site-post-title":"","ast-breadcrumbs-content":"","ast-featured-img":"disabled","footer-sml-layout":"","theme-transparent-header-meta":"","adv-header-id-meta":"","stick-header-meta":"","header-above-stick-meta":"","header-main-stick-meta":"","header-below-stick-meta":"","astra-migrate-meta-layouts":"set","footnotes":""},"class_list":["post-6167","page","type-page","status-publish","has-post-thumbnail","hentry"],"yoast_head":"<!-- This site is optimized with the Yoast SEO plugin v22.8 - https:\/\/yoast.com\/wordpress\/plugins\/seo\/ -->\n<title>Singapour en Famille - KiddoTrip<\/title>\n<meta name=\"description\" content=\"Nous cr\u00e9ons des Visites de Singapour en Famille: d\u00e9couvrez l&#039;histoire et la culture de la ville avec des jeux et des itin\u00e9raires courts.\" \/>\n<meta name=\"robots\" content=\"index, follow, max-snippet:-1, max-image-preview:large, max-video-preview:-1\" \/>\n<link rel=\"canonical\" href=\"https:\/\/kiddotrip.com\/fr\/apropos-singapour-en-famille\/\" \/>\n<meta property=\"og:locale\" content=\"fr_FR\" \/>\n<meta property=\"og:type\" content=\"article\" \/>\n<meta property=\"og:title\" content=\"Singapour en Famille - KiddoTrip\" \/>\n<meta property=\"og:description\" content=\"Nous cr\u00e9ons des Visites de Singapour en Famille: d\u00e9couvrez l&#039;histoire et la culture de la ville avec des jeux et des itin\u00e9raires courts.\" \/>\n<meta property=\"og:url\" content=\"https:\/\/kiddotrip.com\/fr\/apropos-singapour-en-famille\/\" \/>\n<meta property=\"og:site_name\" content=\"KiddoTrip\" \/>\n<meta property=\"article:publisher\" content=\"https:\/\/www.facebook.com\/myKiddoTrip\/\" \/>\n<meta property=\"article:modified_time\" content=\"2025-02-11T05:48:40+00:00\" \/>\n<meta property=\"og:image\" content=\"https:\/\/kiddotrip.com\/wp-content\/uploads\/2024\/04\/Family-Fun_JooChiat_1200px.webp\" \/>\n\t<meta property=\"og:image:width\" content=\"1200\" \/>\n\t<meta property=\"og:image:height\" content=\"800\" \/>\n\t<meta property=\"og:image:type\" content=\"image\/jpeg\" \/>\n<meta name=\"twitter:card\" content=\"summary_large_image\" \/>\n<meta name=\"twitter:label1\" content=\"Dur\u00e9e de lecture estim\u00e9e\" \/>\n\t<meta name=\"twitter:data1\" content=\"5 minutes\" \/>\n<script type=\"application\/ld+json\" class=\"yoast-schema-graph\">{\"@context\":\"https:\/\/schema.org\",\"@graph\":[{\"@type\":\"WebPage\",\"@id\":\"https:\/\/kiddotrip.com\/fr\/apropos-singapour-en-famille\/\",\"url\":\"https:\/\/kiddotrip.com\/fr\/apropos-singapour-en-famille\/\",\"name\":\"Singapour en Famille - KiddoTrip\",\"isPartOf\":{\"@id\":\"https:\/\/kiddotrip.com\/fr\/#website\"},\"primaryImageOfPage\":{\"@id\":\"https:\/\/kiddotrip.com\/fr\/apropos-singapour-en-famille\/#primaryimage\"},\"image\":{\"@id\":\"https:\/\/kiddotrip.com\/fr\/apropos-singapour-en-famille\/#primaryimage\"},\"thumbnailUrl\":\"https:\/\/kiddotrip.com\/wp-content\/uploads\/2024\/04\/Family-Fun_JooChiat_1200px.webp\",\"datePublished\":\"2024-04-01T13:50:16+00:00\",\"dateModified\":\"2025-02-11T05:48:40+00:00\",\"description\":\"Nous cr\u00e9ons des Visites de Singapour en Famille: d\u00e9couvrez l'histoire et la culture de la ville avec des jeux et des itin\u00e9raires courts.\",\"breadcrumb\":{\"@id\":\"https:\/\/kiddotrip.com\/fr\/apropos-singapour-en-famille\/#breadcrumb\"},\"inLanguage\":\"fr-FR\",\"potentialAction\":[{\"@type\":\"ReadAction\",\"target\":[\"https:\/\/kiddotrip.com\/fr\/apropos-singapour-en-famille\/\"]}]},{\"@type\":\"ImageObject\",\"inLanguage\":\"fr-FR\",\"@id\":\"https:\/\/kiddotrip.com\/fr\/apropos-singapour-en-famille\/#primaryimage\",\"url\":\"https:\/\/kiddotrip.com\/wp-content\/uploads\/2024\/04\/Family-Fun_JooChiat_1200px.webp\",\"contentUrl\":\"https:\/\/kiddotrip.com\/wp-content\/uploads\/2024\/04\/Family-Fun_JooChiat_1200px.webp\",\"width\":1200,\"height\":800,\"caption\":\"Family tour Joo Chiat\"},{\"@type\":\"BreadcrumbList\",\"@id\":\"https:\/\/kiddotrip.com\/fr\/apropos-singapour-en-famille\/#breadcrumb\",\"itemListElement\":[{\"@type\":\"ListItem\",\"position\":1,\"name\":\"Accueil\",\"item\":\"https:\/\/kiddotrip.com\/fr\/\"},{\"@type\":\"ListItem\",\"position\":2,\"name\":\"Singapour en Famille\"}]},{\"@type\":\"WebSite\",\"@id\":\"https:\/\/kiddotrip.com\/fr\/#website\",\"url\":\"https:\/\/kiddotrip.com\/fr\/\",\"name\":\"KiddoTrip\",\"description\":\"Travel with kids\",\"publisher\":{\"@id\":\"https:\/\/kiddotrip.com\/fr\/#organization\"},\"potentialAction\":[{\"@type\":\"SearchAction\",\"target\":{\"@type\":\"EntryPoint\",\"urlTemplate\":\"https:\/\/kiddotrip.com\/fr\/?s={search_term_string}\"},\"query-input\":\"required name=search_term_string\"}],\"inLanguage\":\"fr-FR\"},{\"@type\":\"Organization\",\"@id\":\"https:\/\/kiddotrip.com\/fr\/#organization\",\"name\":\"KiddoTrip\",\"url\":\"https:\/\/kiddotrip.com\/fr\/\",\"logo\":{\"@type\":\"ImageObject\",\"inLanguage\":\"fr-FR\",\"@id\":\"https:\/\/kiddotrip.com\/fr\/#\/schema\/logo\/image\/\",\"url\":\"https:\/\/kiddotrip.com\/wp-content\/uploads\/2021\/07\/Logo-KiddoTrip_H_1.png\",\"contentUrl\":\"https:\/\/kiddotrip.com\/wp-content\/uploads\/2021\/07\/Logo-KiddoTrip_H_1.png\",\"width\":930,\"height\":180,\"caption\":\"KiddoTrip\"},\"image\":{\"@id\":\"https:\/\/kiddotrip.com\/fr\/#\/schema\/logo\/image\/\"},\"sameAs\":[\"https:\/\/www.facebook.com\/myKiddoTrip\/\",\"https:\/\/www.instagram.com\/kiddotrip\/\"]}]}<\/script>\n<!-- \/ Yoast SEO plugin. -->","yoast_head_json":{"title":"Singapour en Famille - KiddoTrip","description":"Nous cr\u00e9ons des Visites de Singapour en Famille: d\u00e9couvrez l'histoire et la culture de la ville avec des jeux et des itin\u00e9raires courts.","robots":{"index":"index","follow":"follow","max-snippet":"max-snippet:-1","max-image-preview":"max-image-preview:large","max-video-preview":"max-video-preview:-1"},"canonical":"https:\/\/kiddotrip.com\/fr\/apropos-singapour-en-famille\/","og_locale":"fr_FR","og_type":"article","og_title":"Singapour en Famille - KiddoTrip","og_description":"Nous cr\u00e9ons des Visites de Singapour en Famille: d\u00e9couvrez l'histoire et la culture de la ville avec des jeux et des itin\u00e9raires courts.","og_url":"https:\/\/kiddotrip.com\/fr\/apropos-singapour-en-famille\/","og_site_name":"KiddoTrip","article_publisher":"https:\/\/www.facebook.com\/myKiddoTrip\/","article_modified_time":"2025-02-11T05:48:40+00:00","og_image":[{"width":1200,"height":800,"url":"https:\/\/kiddotrip.com\/wp-content\/uploads\/2024\/04\/Family-Fun_JooChiat_1200px.webp","type":"image\/jpeg"}],"twitter_card":"summary_large_image","twitter_misc":{"Dur\u00e9e de lecture estim\u00e9e":"5 minutes"},"schema":{"@context":"https:\/\/schema.org","@graph":[{"@type":"WebPage","@id":"https:\/\/kiddotrip.com\/fr\/apropos-singapour-en-famille\/","url":"https:\/\/kiddotrip.com\/fr\/apropos-singapour-en-famille\/","name":"Singapour en Famille - KiddoTrip","isPartOf":{"@id":"https:\/\/kiddotrip.com\/fr\/#website"},"primaryImageOfPage":{"@id":"https:\/\/kiddotrip.com\/fr\/apropos-singapour-en-famille\/#primaryimage"},"image":{"@id":"https:\/\/kiddotrip.com\/fr\/apropos-singapour-en-famille\/#primaryimage"},"thumbnailUrl":"https:\/\/kiddotrip.com\/wp-content\/uploads\/2024\/04\/Family-Fun_JooChiat_1200px.webp","datePublished":"2024-04-01T13:50:16+00:00","dateModified":"2025-02-11T05:48:40+00:00","description":"Nous cr\u00e9ons des Visites de Singapour en Famille: d\u00e9couvrez l'histoire et la culture de la ville avec des jeux et des itin\u00e9raires courts.","breadcrumb":{"@id":"https:\/\/kiddotrip.com\/fr\/apropos-singapour-en-famille\/#breadcrumb"},"inLanguage":"fr-FR","potentialAction":[{"@type":"ReadAction","target":["https:\/\/kiddotrip.com\/fr\/apropos-singapour-en-famille\/"]}]},{"@type":"ImageObject","inLanguage":"fr-FR","@id":"https:\/\/kiddotrip.com\/fr\/apropos-singapour-en-famille\/#primaryimage","url":"https:\/\/kiddotrip.com\/wp-content\/uploads\/2024\/04\/Family-Fun_JooChiat_1200px.webp","contentUrl":"https:\/\/kiddotrip.com\/wp-content\/uploads\/2024\/04\/Family-Fun_JooChiat_1200px.webp","width":1200,"height":800,"caption":"Family tour Joo Chiat"},{"@type":"BreadcrumbList","@id":"https:\/\/kiddotrip.com\/fr\/apropos-singapour-en-famille\/#breadcrumb","itemListElement":[{"@type":"ListItem","position":1,"name":"Accueil","item":"https:\/\/kiddotrip.com\/fr\/"},{"@type":"ListItem","position":2,"name":"Singapour en Famille"}]},{"@type":"WebSite","@id":"https:\/\/kiddotrip.com\/fr\/#website","url":"https:\/\/kiddotrip.com\/fr\/","name":"KiddoTrip","description":"Travel with kids","publisher":{"@id":"https:\/\/kiddotrip.com\/fr\/#organization"},"potentialAction":[{"@type":"SearchAction","target":{"@type":"EntryPoint","urlTemplate":"https:\/\/kiddotrip.com\/fr\/?s={search_term_string}"},"query-input":"required name=search_term_string"}],"inLanguage":"fr-FR"},{"@type":"Organization","@id":"https:\/\/kiddotrip.com\/fr\/#organization","name":"KiddoTrip","url":"https:\/\/kiddotrip.com\/fr\/","logo":{"@type":"ImageObject","inLanguage":"fr-FR","@id":"https:\/\/kiddotrip.com\/fr\/#\/schema\/logo\/image\/","url":"https:\/\/kiddotrip.com\/wp-content\/uploads\/2021\/07\/Logo-KiddoTrip_H_1.png","contentUrl":"https:\/\/kiddotrip.com\/wp-content\/uploads\/2021\/07\/Logo-KiddoTrip_H_1.png","width":930,"height":180,"caption":"KiddoTrip"},"image":{"@id":"https:\/\/kiddotrip.com\/fr\/#\/schema\/logo\/image\/"},"sameAs":["https:\/\/www.facebook.com\/myKiddoTrip\/","https:\/\/www.instagram.com\/kiddotrip\/"]}]}},"_links":{"self":[{"href":"https:\/\/kiddotrip.com\/fr\/wp-json\/wp\/v2\/pages\/6167","targetHints":{"allow":["GET"]}}],"collection":[{"href":"https:\/\/kiddotrip.com\/fr\/wp-json\/wp\/v2\/pages"}],"about":[{"href":"https:\/\/kiddotrip.com\/fr\/wp-json\/wp\/v2\/types\/page"}],"author":[{"embeddable":true,"href":"https:\/\/kiddotrip.com\/fr\/wp-json\/wp\/v2\/users\/1"}],"replies":[{"embeddable":true,"href":"https:\/\/kiddotrip.com\/fr\/wp-json\/wp\/v2\/comments?post=6167"}],"version-history":[{"count":8,"href":"https:\/\/kiddotrip.com\/fr\/wp-json\/wp\/v2\/pages\/6167\/revisions"}],"predecessor-version":[{"id":8007,"href":"https:\/\/kiddotrip.com\/fr\/wp-json\/wp\/v2\/pages\/6167\/revisions\/8007"}],"wp:featuredmedia":[{"embeddable":true,"href":"https:\/\/kiddotrip.com\/fr\/wp-json\/wp\/v2\/media\/6164"}],"wp:attachment":[{"href":"https:\/\/kiddotrip.com\/fr\/wp-json\/wp\/v2\/media?parent=6167"}],"curies":[{"name":"wp","href":"https:\/\/api.w.org\/{rel}","templated":true}]}}