{"id":401,"date":"2021-07-11T05:27:38","date_gmt":"2021-07-11T03:27:38","guid":{"rendered":"http:\/\/kiddotrip.com\/?page_id=401"},"modified":"2024-09-25T14:08:20","modified_gmt":"2024-09-25T06:08:20","slug":"inscription","status":"publish","type":"page","link":"https:\/\/kiddotrip.com\/fr\/inscription\/","title":{"rendered":"Inscription"},"content":{"rendered":"\n<div class=\"wp-block-columns is-layout-flex wp-container-core-columns-is-layout-28f84493 wp-block-columns-is-layout-flex\">\n<div class=\"wp-block-column is-layout-flow wp-block-column-is-layout-flow\">\n<figure class=\"wp-block-image aligncenter size-large is-resized\"><img loading=\"lazy\" decoding=\"async\" src=\"http:\/\/kiddotrip.com\/wp-content\/uploads\/2021\/07\/KiddoTrip_Cover_400x200.jpg\" alt=\"\" class=\"wp-image-402\" width=\"300\" height=\"143\" srcset=\"https:\/\/kiddotrip.com\/wp-content\/uploads\/2021\/07\/KiddoTrip_Cover_400x200.jpg 400w, https:\/\/kiddotrip.com\/wp-content\/uploads\/2021\/07\/KiddoTrip_Cover_400x200-300x143.jpg 300w\" sizes=\"auto, (max-width: 300px) 100vw, 300px\" \/><\/figure>\n\n\n\n<h2 class=\"has-text-align-center wp-block-heading\">Bienvenue chez KiddoTrip<\/h2>\n\n\n\n<ul class=\"wp-block-list\">\n<li>Explorez Singapour en famille.<\/li>\n\n\n\n<li>Trouvez des id\u00e9es de promenades adapt\u00e9s aux jeunes enfants.<\/li>\n\n\n\n<li>D\u00e9couvrez les diff\u00e9rentes cultures de Singapour avec des activit\u00e9s manuelles.<\/li>\n<\/ul>\n\n\n\n<h4 class=\"has-text-align-center wp-block-heading\"><strong>Des activit\u00e9s ludiques et \u00e9ducatives pour les familles!<\/strong><\/h4>\n<\/div>\n\n\n\n<div class=\"wp-block-column is-layout-flow wp-block-column-is-layout-flow\">\n<p><strong>Inscrivez-vous pour acc\u00e9der \u00e0 tous les contenus et \u00eatre pr\u00e9venus quand une nouvelle visite est disponible.<\/strong><\/p>\n\n\n<div class=\"wpforms-container wpforms-container-full\" id=\"wpforms-2431\"><form id=\"wpforms-form-2431\" class=\"wpforms-validate wpforms-form\" data-formid=\"2431\" method=\"post\" enctype=\"multipart\/form-data\" action=\"\/fr\/wp-json\/wp\/v2\/pages\/401\" data-token=\"84d077ef96a1d4a71078008e20a2a7f0\"><noscript class=\"wpforms-error-noscript\">Veuillez activer JavaScript dans votre navigateur pour remplir ce formulaire.<\/noscript><div class=\"wpforms-field-container\"><div id=\"wpforms-2431-field_1-container\" class=\"wpforms-field wpforms-field-name\" data-field-id=\"1\"><label class=\"wpforms-field-label\" for=\"wpforms-2431-field_1\">Nom <span class=\"wpforms-required-label\">*<\/span><\/label><div class=\"wpforms-field-row wpforms-field-medium\"><div class=\"wpforms-field-row-block wpforms-first wpforms-one-half\"><input type=\"text\" id=\"wpforms-2431-field_1\" class=\"wpforms-field-name-first wpforms-field-required\" name=\"wpforms[fields][1][first]\" required><label for=\"wpforms-2431-field_1\" class=\"wpforms-field-sublabel after \">Pr\u00e9nom<\/label><\/div><div class=\"wpforms-field-row-block wpforms-one-half\"><input type=\"text\" id=\"wpforms-2431-field_1-last\" class=\"wpforms-field-name-last wpforms-field-required\" name=\"wpforms[fields][1][last]\" required><label for=\"wpforms-2431-field_1-last\" class=\"wpforms-field-sublabel after \">Nom<\/label><\/div><\/div><\/div><div id=\"wpforms-2431-field_3-container\" class=\"wpforms-field wpforms-field-email\" data-field-id=\"3\"><label class=\"wpforms-field-label\" for=\"wpforms-2431-field_3\">Email <span class=\"wpforms-required-label\">*<\/span><\/label><div class=\"wpforms-field-row wpforms-field-medium\"><div class=\"wpforms-field-row-block wpforms-one-half wpforms-first\"><input type=\"email\" id=\"wpforms-2431-field_3\" class=\"wpforms-field-required wpforms-field-email-primary\" name=\"wpforms[fields][3][primary]\" required><label for=\"wpforms-2431-field_3\" class=\"wpforms-field-sublabel after \">E-mail<\/label><\/div><div class=\"wpforms-field-row-block wpforms-one-half\"><input type=\"email\" id=\"wpforms-2431-field_3-secondary\" class=\"wpforms-field-email-secondary wpforms-field-required\" data-rule-confirm=\"#wpforms-2431-field_3\" name=\"wpforms[fields][3][secondary]\" required><label for=\"wpforms-2431-field_3-secondary\" class=\"wpforms-field-sublabel after \">Confirmez l\u2019e-mail<\/label><\/div><\/div><\/div><div id=\"wpforms-2431-field_4-container\" class=\"wpforms-field wpforms-field-password\" data-field-id=\"4\"><label class=\"wpforms-field-label\" for=\"wpforms-2431-field_4\">Mot de passe <span class=\"wpforms-required-label\">*<\/span><\/label><input type=\"password\" id=\"wpforms-2431-field_4\" class=\"wpforms-field-medium wpforms-field-required\" name=\"wpforms[fields][4]\" required><\/div><div id=\"wpforms-2431-field_11-container\" class=\"wpforms-field wpforms-field-text\" data-field-id=\"11\"><label class=\"wpforms-field-label\" for=\"wpforms-2431-field_11\">R\u00e9f\u00e9rence <span class=\"wpforms-required-label\">*<\/span><\/label><input type=\"text\" id=\"wpforms-2431-field_11\" class=\"wpforms-field-medium wpforms-field-required\" name=\"wpforms[fields][11]\" required><div class=\"wpforms-field-description\">Comment nous avez-vous connu ?<\/div><\/div><div id=\"wpforms-2431-field_10-container\" class=\"wpforms-field wpforms-field-checkbox\" data-field-id=\"10\"><label class=\"wpforms-field-label\" for=\"wpforms-2431-field_10\">En cr\u00e9ant un compte KiddoTrip, j&#039;accepte  <span class=\"wpforms-required-label\">*<\/span><\/label><ul id=\"wpforms-2431-field_10\" class=\"wpforms-field-required\"><li class=\"choice-3 depth-1\"><input type=\"checkbox\" id=\"wpforms-2431-field_10_3\" name=\"wpforms[fields][10][]\" value=\"Mentions l\u00e9gales (1) et Politique de confidentialit\u00e9 (2)\" required ><label class=\"wpforms-field-label-inline\" for=\"wpforms-2431-field_10_3\">Mentions l\u00e9gales (1) et Politique de confidentialit\u00e9 (2)<\/label><\/li><\/ul><div class=\"wpforms-field-description\">Lire <a href=\"https:\/\/kiddotrip.com\/terms-and-conditions\/\" target=\"_blank\">1<\/a> and <a href=\"https:\/\/kiddotrip.com\/fr\/politique-de-confidentialite\/\" target=\"_blank\">2<\/a><\/div><\/div><\/div><div class=\"wpforms-submit-container\"><input type=\"hidden\" name=\"wpforms[id]\" value=\"2431\"><input type=\"hidden\" name=\"wpforms[author]\" value=\"1\"><button type=\"submit\" name=\"wpforms[submit]\" id=\"wpforms-submit-2431\" class=\"wpforms-submit\" aria-live=\"assertive\" value=\"wpforms-submit\">OK<\/button><\/div><\/form><\/div>  <!-- .wpforms-container -->\n\n\n<p>Si vous avez d\u00e9j\u00e0 un compte, <a href=\"https:\/\/kiddotrip.com\/fr\/connexion\/\">connectez-vous<\/a>.<\/p>\n<\/div>\n<\/div>\n\n\n\n<p><\/p>\n","protected":false},"excerpt":{"rendered":"<p>Bienvenue chez KiddoTrip Des activit\u00e9s ludiques et \u00e9ducatives pour les familles! Inscrivez-vous pour acc\u00e9der \u00e0 tous les contenus et \u00eatre pr\u00e9venus quand une nouvelle visite est disponible. Si vous avez d\u00e9j\u00e0 un compte, connectez-vous.<\/p>\n","protected":false},"author":1,"featured_media":0,"parent":0,"menu_order":0,"comment_status":"closed","ping_status":"closed","template":"","meta":{"om_disable_all_campaigns":false,"_ppp_document_settings_meta":"","site-sidebar-layout":"no-sidebar","site-content-layout":"plain-container","ast-site-content-layout":"normal-width-container","site-content-style":"unboxed","site-sidebar-style":"unboxed","ast-global-header-display":"","ast-banner-title-visibility":"","ast-main-header-display":"","ast-hfb-above-header-display":"","ast-hfb-below-header-display":"","ast-hfb-mobile-header-display":"","site-post-title":"","ast-breadcrumbs-content":"","ast-featured-img":"","footer-sml-layout":"","theme-transparent-header-meta":"default","adv-header-id-meta":"","stick-header-meta":"","header-above-stick-meta":"","header-main-stick-meta":"","header-below-stick-meta":"","astra-migrate-meta-layouts":"set","footnotes":""},"class_list":["post-401","page","type-page","status-publish","hentry"],"yoast_head":"<!-- This site is optimized with the Yoast SEO plugin v22.8 - https:\/\/yoast.com\/wordpress\/plugins\/seo\/ -->\n<title>Inscription - KiddoTrip<\/title>\n<meta name=\"description\" content=\"Inscrivez-vous pour acc\u00e9der \u00e0 toutes les ballades et les activit\u00e9s manuelles pour les familles et \u00eatre averti des nouvelles visites.\" \/>\n<meta name=\"robots\" content=\"index, follow, max-snippet:-1, max-image-preview:large, max-video-preview:-1\" \/>\n<link rel=\"canonical\" href=\"https:\/\/kiddotrip.com\/fr\/inscription\/\" \/>\n<meta property=\"og:locale\" content=\"fr_FR\" \/>\n<meta property=\"og:type\" content=\"article\" \/>\n<meta property=\"og:title\" content=\"Inscription - KiddoTrip\" \/>\n<meta property=\"og:description\" content=\"Inscrivez-vous pour acc\u00e9der \u00e0 toutes les ballades et les activit\u00e9s manuelles pour les familles et \u00eatre averti des nouvelles visites.\" \/>\n<meta property=\"og:url\" content=\"https:\/\/kiddotrip.com\/fr\/inscription\/\" \/>\n<meta property=\"og:site_name\" content=\"KiddoTrip\" \/>\n<meta property=\"article:publisher\" content=\"https:\/\/www.facebook.com\/myKiddoTrip\/\" \/>\n<meta property=\"article:modified_time\" content=\"2024-09-25T06:08:20+00:00\" \/>\n<meta property=\"og:image\" content=\"http:\/\/kiddotrip.com\/wp-content\/uploads\/2021\/07\/KiddoTrip_Cover_400x200.jpg\" \/>\n<meta name=\"twitter:card\" content=\"summary_large_image\" \/>\n<meta name=\"twitter:label1\" content=\"Dur\u00e9e de lecture estim\u00e9e\" \/>\n\t<meta name=\"twitter:data1\" content=\"1 minute\" \/>\n<script type=\"application\/ld+json\" class=\"yoast-schema-graph\">{\"@context\":\"https:\/\/schema.org\",\"@graph\":[{\"@type\":\"WebPage\",\"@id\":\"https:\/\/kiddotrip.com\/fr\/inscription\/\",\"url\":\"https:\/\/kiddotrip.com\/fr\/inscription\/\",\"name\":\"Inscription - KiddoTrip\",\"isPartOf\":{\"@id\":\"https:\/\/kiddotrip.com\/fr\/#website\"},\"primaryImageOfPage\":{\"@id\":\"https:\/\/kiddotrip.com\/fr\/inscription\/#primaryimage\"},\"image\":{\"@id\":\"https:\/\/kiddotrip.com\/fr\/inscription\/#primaryimage\"},\"thumbnailUrl\":\"http:\/\/kiddotrip.com\/wp-content\/uploads\/2021\/07\/KiddoTrip_Cover_400x200.jpg\",\"datePublished\":\"2021-07-11T03:27:38+00:00\",\"dateModified\":\"2024-09-25T06:08:20+00:00\",\"description\":\"Inscrivez-vous pour acc\u00e9der \u00e0 toutes les ballades et les activit\u00e9s manuelles pour les familles et \u00eatre averti des nouvelles visites.\",\"breadcrumb\":{\"@id\":\"https:\/\/kiddotrip.com\/fr\/inscription\/#breadcrumb\"},\"inLanguage\":\"fr-FR\",\"potentialAction\":[{\"@type\":\"ReadAction\",\"target\":[\"https:\/\/kiddotrip.com\/fr\/inscription\/\"]}]},{\"@type\":\"ImageObject\",\"inLanguage\":\"fr-FR\",\"@id\":\"https:\/\/kiddotrip.com\/fr\/inscription\/#primaryimage\",\"url\":\"http:\/\/kiddotrip.com\/wp-content\/uploads\/2021\/07\/KiddoTrip_Cover_400x200.jpg\",\"contentUrl\":\"http:\/\/kiddotrip.com\/wp-content\/uploads\/2021\/07\/KiddoTrip_Cover_400x200.jpg\"},{\"@type\":\"BreadcrumbList\",\"@id\":\"https:\/\/kiddotrip.com\/fr\/inscription\/#breadcrumb\",\"itemListElement\":[{\"@type\":\"ListItem\",\"position\":1,\"name\":\"Accueil\",\"item\":\"https:\/\/kiddotrip.com\/fr\/\"},{\"@type\":\"ListItem\",\"position\":2,\"name\":\"Inscription\"}]},{\"@type\":\"WebSite\",\"@id\":\"https:\/\/kiddotrip.com\/fr\/#website\",\"url\":\"https:\/\/kiddotrip.com\/fr\/\",\"name\":\"KiddoTrip\",\"description\":\"Travel with kids\",\"publisher\":{\"@id\":\"https:\/\/kiddotrip.com\/fr\/#organization\"},\"potentialAction\":[{\"@type\":\"SearchAction\",\"target\":{\"@type\":\"EntryPoint\",\"urlTemplate\":\"https:\/\/kiddotrip.com\/fr\/?s={search_term_string}\"},\"query-input\":\"required name=search_term_string\"}],\"inLanguage\":\"fr-FR\"},{\"@type\":\"Organization\",\"@id\":\"https:\/\/kiddotrip.com\/fr\/#organization\",\"name\":\"KiddoTrip\",\"url\":\"https:\/\/kiddotrip.com\/fr\/\",\"logo\":{\"@type\":\"ImageObject\",\"inLanguage\":\"fr-FR\",\"@id\":\"https:\/\/kiddotrip.com\/fr\/#\/schema\/logo\/image\/\",\"url\":\"https:\/\/kiddotrip.com\/wp-content\/uploads\/2021\/07\/Logo-KiddoTrip_H_1.png\",\"contentUrl\":\"https:\/\/kiddotrip.com\/wp-content\/uploads\/2021\/07\/Logo-KiddoTrip_H_1.png\",\"width\":930,\"height\":180,\"caption\":\"KiddoTrip\"},\"image\":{\"@id\":\"https:\/\/kiddotrip.com\/fr\/#\/schema\/logo\/image\/\"},\"sameAs\":[\"https:\/\/www.facebook.com\/myKiddoTrip\/\",\"https:\/\/www.instagram.com\/kiddotrip\/\"]}]}<\/script>\n<!-- \/ Yoast SEO plugin. -->","yoast_head_json":{"title":"Inscription - KiddoTrip","description":"Inscrivez-vous pour acc\u00e9der \u00e0 toutes les ballades et les activit\u00e9s manuelles pour les familles et \u00eatre averti des nouvelles visites.","robots":{"index":"index","follow":"follow","max-snippet":"max-snippet:-1","max-image-preview":"max-image-preview:large","max-video-preview":"max-video-preview:-1"},"canonical":"https:\/\/kiddotrip.com\/fr\/inscription\/","og_locale":"fr_FR","og_type":"article","og_title":"Inscription - KiddoTrip","og_description":"Inscrivez-vous pour acc\u00e9der \u00e0 toutes les ballades et les activit\u00e9s manuelles pour les familles et \u00eatre averti des nouvelles visites.","og_url":"https:\/\/kiddotrip.com\/fr\/inscription\/","og_site_name":"KiddoTrip","article_publisher":"https:\/\/www.facebook.com\/myKiddoTrip\/","article_modified_time":"2024-09-25T06:08:20+00:00","og_image":[{"url":"http:\/\/kiddotrip.com\/wp-content\/uploads\/2021\/07\/KiddoTrip_Cover_400x200.jpg"}],"twitter_card":"summary_large_image","twitter_misc":{"Dur\u00e9e de lecture estim\u00e9e":"1 minute"},"schema":{"@context":"https:\/\/schema.org","@graph":[{"@type":"WebPage","@id":"https:\/\/kiddotrip.com\/fr\/inscription\/","url":"https:\/\/kiddotrip.com\/fr\/inscription\/","name":"Inscription - KiddoTrip","isPartOf":{"@id":"https:\/\/kiddotrip.com\/fr\/#website"},"primaryImageOfPage":{"@id":"https:\/\/kiddotrip.com\/fr\/inscription\/#primaryimage"},"image":{"@id":"https:\/\/kiddotrip.com\/fr\/inscription\/#primaryimage"},"thumbnailUrl":"http:\/\/kiddotrip.com\/wp-content\/uploads\/2021\/07\/KiddoTrip_Cover_400x200.jpg","datePublished":"2021-07-11T03:27:38+00:00","dateModified":"2024-09-25T06:08:20+00:00","description":"Inscrivez-vous pour acc\u00e9der \u00e0 toutes les ballades et les activit\u00e9s manuelles pour les familles et \u00eatre averti des nouvelles visites.","breadcrumb":{"@id":"https:\/\/kiddotrip.com\/fr\/inscription\/#breadcrumb"},"inLanguage":"fr-FR","potentialAction":[{"@type":"ReadAction","target":["https:\/\/kiddotrip.com\/fr\/inscription\/"]}]},{"@type":"ImageObject","inLanguage":"fr-FR","@id":"https:\/\/kiddotrip.com\/fr\/inscription\/#primaryimage","url":"http:\/\/kiddotrip.com\/wp-content\/uploads\/2021\/07\/KiddoTrip_Cover_400x200.jpg","contentUrl":"http:\/\/kiddotrip.com\/wp-content\/uploads\/2021\/07\/KiddoTrip_Cover_400x200.jpg"},{"@type":"BreadcrumbList","@id":"https:\/\/kiddotrip.com\/fr\/inscription\/#breadcrumb","itemListElement":[{"@type":"ListItem","position":1,"name":"Accueil","item":"https:\/\/kiddotrip.com\/fr\/"},{"@type":"ListItem","position":2,"name":"Inscription"}]},{"@type":"WebSite","@id":"https:\/\/kiddotrip.com\/fr\/#website","url":"https:\/\/kiddotrip.com\/fr\/","name":"KiddoTrip","description":"Travel with kids","publisher":{"@id":"https:\/\/kiddotrip.com\/fr\/#organization"},"potentialAction":[{"@type":"SearchAction","target":{"@type":"EntryPoint","urlTemplate":"https:\/\/kiddotrip.com\/fr\/?s={search_term_string}"},"query-input":"required name=search_term_string"}],"inLanguage":"fr-FR"},{"@type":"Organization","@id":"https:\/\/kiddotrip.com\/fr\/#organization","name":"KiddoTrip","url":"https:\/\/kiddotrip.com\/fr\/","logo":{"@type":"ImageObject","inLanguage":"fr-FR","@id":"https:\/\/kiddotrip.com\/fr\/#\/schema\/logo\/image\/","url":"https:\/\/kiddotrip.com\/wp-content\/uploads\/2021\/07\/Logo-KiddoTrip_H_1.png","contentUrl":"https:\/\/kiddotrip.com\/wp-content\/uploads\/2021\/07\/Logo-KiddoTrip_H_1.png","width":930,"height":180,"caption":"KiddoTrip"},"image":{"@id":"https:\/\/kiddotrip.com\/fr\/#\/schema\/logo\/image\/"},"sameAs":["https:\/\/www.facebook.com\/myKiddoTrip\/","https:\/\/www.instagram.com\/kiddotrip\/"]}]}},"_links":{"self":[{"href":"https:\/\/kiddotrip.com\/fr\/wp-json\/wp\/v2\/pages\/401","targetHints":{"allow":["GET"]}}],"collection":[{"href":"https:\/\/kiddotrip.com\/fr\/wp-json\/wp\/v2\/pages"}],"about":[{"href":"https:\/\/kiddotrip.com\/fr\/wp-json\/wp\/v2\/types\/page"}],"author":[{"embeddable":true,"href":"https:\/\/kiddotrip.com\/fr\/wp-json\/wp\/v2\/users\/1"}],"replies":[{"embeddable":true,"href":"https:\/\/kiddotrip.com\/fr\/wp-json\/wp\/v2\/comments?post=401"}],"version-history":[{"count":9,"href":"https:\/\/kiddotrip.com\/fr\/wp-json\/wp\/v2\/pages\/401\/revisions"}],"predecessor-version":[{"id":7472,"href":"https:\/\/kiddotrip.com\/fr\/wp-json\/wp\/v2\/pages\/401\/revisions\/7472"}],"wp:attachment":[{"href":"https:\/\/kiddotrip.com\/fr\/wp-json\/wp\/v2\/media?parent=401"}],"curies":[{"name":"wp","href":"https:\/\/api.w.org\/{rel}","templated":true}]}}