{"id":3,"date":"2021-05-19T16:25:18","date_gmt":"2021-05-19T14:25:18","guid":{"rendered":"http:\/\/kiddotrip.com\/?page_id=3"},"modified":"2024-09-25T13:55:03","modified_gmt":"2024-09-25T05:55:03","slug":"politique-de-confidentialite","status":"publish","type":"page","link":"https:\/\/kiddotrip.com\/fr\/politique-de-confidentialite\/","title":{"rendered":"Politique de confidentialit\u00e9"},"content":{"rendered":"\n<p>Derniere mise a jour de la politique de confidentialit\u00e9 : 25 Septembre 2024 (Traduction en francais, update company information).<\/p>\n\n\n\n<h2 class=\"wp-block-heading\">Identit\u00e9 du responsable du traitement<\/h2>\n\n\n\n<p>Le responsable du traitement est Guidar Pte Ltd, une soci\u00e9t\u00e9 singapourienne immatricul\u00e9e sous le num\u00e9ro 202230275D.<\/p>\n\n\n\n<p>Tout au long de la politique de confidentialit\u00e9, les termes &#8220;nous&#8221;, &#8220;notre&#8221; et &#8220;nos&#8221; font r\u00e9f\u00e9rence \u00e0 Guidar Pte. Ltd.<\/p>\n\n\n\n<p>KiddoTrip est une marque enregistr\u00e9e par Guidar Pte. Ltd.<\/p>\n\n\n\n<p>Pour toute question ou demande concernant vos donn\u00e9es personnelles et le respect de votre vie priv\u00e9e, veuillez nous contacter \u00e0 l&#8217;adresse suivante : <a href=\"mailto:contact@kiddotrip.com\">contact@kiddotrip.com<\/a>.<\/p>\n\n\n\n<h2 class=\"wp-block-heading\">Quels types de donn\u00e9es collectons-nous et pourquoi ?<\/h2>\n\n\n\n<p>Les donn\u00e9es que vous nous fournissez :<\/p>\n\n\n\n<ul class=\"wp-block-list\">\n<li><strong>Adresse e-mail<\/strong> : Votre adresse e-mail sera votre identifiant pour acc\u00e9der \u00e0 votre espace priv\u00e9. Elle nous permettra \u00e9galement de vous contacter ou de vous envoyer notre newsletter si vous avez exprim\u00e9 le souhait de la recevoir. En effet, nous ne vous enverrons la newsletter que par e-mail si vous nous avez donn\u00e9 votre accord, par exemple en vous abonnant \u00e0 notre newsletter.<\/li>\n\n\n\n<li><strong>Civilit\u00e9, Nom, Pr\u00e9nom, Nom d&#8217;utilisateur<\/strong> : Ces informations nous permettent d&#8217;en savoir un peu plus sur vous et de vous envoyer des communications personnalis\u00e9es.<\/li>\n\n\n\n<li><strong>Adresse<\/strong> : Votre adresse est obligatoire si vous choisissez de recevoir les cahiers KiddoTrip. Nous ne vous enverrons aucune publicit\u00e9 \u00e0 cette adresse.<\/li>\n\n\n\n<li><strong>Photo<\/strong> : Les photos envoy\u00e9es par e-mail ou sur le site web sont utilis\u00e9es uniquement pour promouvoir notre service et ne seront ni distribu\u00e9es ni vendues.<\/li>\n\n\n\n<li><strong>Localisation pr\u00e9cise<\/strong> : Guidar peut collecter, utiliser et partager les donn\u00e9es de localisation des utilisateurs afin de fournir des services bas\u00e9s sur la localisation. La localisation g\u00e9ographique de l&#8217;utilisateur est d\u00e9termin\u00e9e de mani\u00e8re non continue. Cela signifie qu&#8217;il est impossible pour Guidar de conna\u00eetre la position exacte de l&#8217;utilisateur en permanence.<\/li>\n\n\n\n<li><strong>Carte de cr\u00e9dit<\/strong> : Pour le paiement, Guidar partage les informations de la carte de cr\u00e9dit avec Stripe de mani\u00e8re s\u00e9curis\u00e9e. Nous n&#8217;utilisons ni ne stockons ces informations. Cf. traitement des paiements.<\/li>\n<\/ul>\n\n\n\n<h3 class=\"wp-block-heading\">Les donn\u00e9es que nous collectons lors de votre navigation sur notre site<\/h3>\n\n\n\n<p>Nous collectons des donn\u00e9es sur votre navigation sur notre site web. Ces donn\u00e9es nous permettent d&#8217;optimiser notre contenu et d&#8217;am\u00e9liorer votre exp\u00e9rience utilisateur. Les donn\u00e9es collect\u00e9es sont toutes anonymes et globales. Elles sont obtenues gr\u00e2ce \u00e0 des cookies d\u00e9pos\u00e9s dans votre navigateur lors de votre arriv\u00e9e sur notre site.<\/p>\n\n\n\n<p>Si vous souhaitez supprimer les cookies stock\u00e9s sur votre appareil et param\u00e9trer votre navigateur pour refuser les cookies, vous pouvez le faire via les pr\u00e9f\u00e9rences de votre navigateur internet. Ces options de navigation pour les cookies se trouvent g\u00e9n\u00e9ralement dans les &#8220;Options&#8221;, &#8220;Outils&#8221; ou &#8220;Pr\u00e9f\u00e9rences&#8221;. &nbsp;<\/p>\n\n\n\n<p>Veuillez noter que si vous d\u00e9sactivez l&#8217;enregistrement des cookies sur votre appareil, certaines parties et fonctionnalit\u00e9s du site web peuvent ne pas fonctionner correctement.<\/p>\n\n\n\n<p>Pour en savoir plus sur les cookies sur votre appareil, vous pouvez suivre les liens suivants : Internet Explorer, Chrome, Safari<\/p>\n\n\n\n<p>Ces donn\u00e9es nous permettent d&#8217;en savoir plus sur le parcours des utilisateurs sur notre site et de nous permettre d&#8217;am\u00e9liorer notre contenu et la qualit\u00e9 du service que nous offrons. Ces donn\u00e9es sont compl\u00e8tement anonymes, c&#8217;est-\u00e0-dire que nous n&#8217;avons aucun moyen de lier une action sur notre site \u00e0 une personne identifi\u00e9e.<\/p>\n\n\n\n<p>Nous pouvons utiliser votre adresse IP pour des raisons de s\u00e9curit\u00e9, par exemple lorsque vous r\u00e9initialisez votre mot de passe ou lorsque vous publiez un commentaire. Cependant, elle n&#8217;est pas stock\u00e9e et n&#8217;est communiqu\u00e9e \u00e0 personne.<\/p>\n\n\n\n<h2 class=\"wp-block-heading\">Partageons-nous les informations que nous collectons ?<\/h2>\n\n\n\n<p>Les informations personnelles que nous collectons restent chez Guidar, sauf dans les circonstances suivantes :<\/p>\n\n\n\n<ul class=\"wp-block-list\">\n<li>Lorsque nous les partageons avec nos soci\u00e9t\u00e9s affili\u00e9es et du groupe.<\/li>\n\n\n\n<li>Lorsque nous les partageons avec nos partenaires et autres organisations de confiance avec lesquelles nous travaillons pour vous fournir des produits et services.<\/li>\n\n\n\n<li>Lorsque nous les partageons avec des prestataires de services externes de confiance et des sous-traitants de donn\u00e9es tels que des fournisseurs de stockage en nuage et de logiciels en nuage, des prestataires d&#8217;assistance client\u00e8le, des centres de donn\u00e9es, des h\u00e9bergeurs web, des processeurs de paiement, des comptables, des assureurs et des collecteurs de dettes.<\/li>\n\n\n\n<li>Lorsque nous les partageons avec des r\u00e9gulateurs et d&#8217;autres parties concern\u00e9es \u00e0 des fins de conformit\u00e9 l\u00e9gale ou contractuelle et de reporting.<\/li>\n\n\n\n<li>Lorsque nous les partageons avec des vendeurs ou acheteurs potentiels de notre entreprise ou de nos actifs.<\/li>\n<\/ul>\n\n\n\n<h2 class=\"wp-block-heading\">Comment prot\u00e9geons-nous vos informations ?<\/h2>\n\n\n\n<p>Notre h\u00e9bergeur est Hostinger, avec un centre de donn\u00e9es situ\u00e9 \u00e0 Singapour. Il dispose de modules de s\u00e9curit\u00e9 avanc\u00e9s pour garantir un niveau de s\u00e9curit\u00e9 \u00e9lev\u00e9.<\/p>\n\n\n\n<p>Nous nous effor\u00e7ons de prot\u00e9ger vos donn\u00e9es personnelles en travaillant uniquement avec des prestataires de services externes de confiance pour garantir que vos informations personnelles sont trait\u00e9es de mani\u00e8re s\u00e9curis\u00e9e.<\/p>\n\n\n\n<p>Bien que nous visons \u00e0 cr\u00e9er un environnement s\u00fbr en limitant l&#8217;acc\u00e8s uniquement aux utilisateurs l\u00e9gitimes, nous ne pouvons pas garantir que des personnes non autoris\u00e9es n&#8217;y auront pas acc\u00e8s. Nous faisons tout notre possible pour informer la Commission singapourienne de protection des donn\u00e9es personnelles ou toute autre autorit\u00e9 comp\u00e9tente d\u00e8s que possible apr\u00e8s la survenue de toute violation importante des donn\u00e9es personnelles.<\/p>\n\n\n\n<h3 class=\"wp-block-heading\">Traitement des paiements<\/h3>\n\n\n\n<p>Les services de traitement des paiements permettent \u00e0 Guidar de traiter les paiements par carte de cr\u00e9dit, virement bancaire ou autres moyens en utilisant Stripe. Pour assurer une plus grande s\u00e9curit\u00e9, Guidar ne partage que les informations n\u00e9cessaires \u00e0 l&#8217;ex\u00e9cution de la transaction avec les interm\u00e9diaires financiers charg\u00e9s de la transaction.<\/p>\n\n\n\n<p>Certains de ces services peuvent \u00e9galement permettre l&#8217;envoi de messages temporis\u00e9s \u00e0 l&#8217;utilisateur, tels que des e-mails contenant des factures ou des notifications concernant le paiement. &nbsp;<\/p>\n\n\n\n<p>Guidar utilise la plateforme de paiement Stripe.<\/p>\n\n\n\n<p>Stripe est un service de paiement fourni par Stripe, Inc. (510 Townsend Street; San Francisco, CA 94103, USA). Politique de confidentialit\u00e9. Pour plus d&#8217;informations sur leur s\u00e9curit\u00e9, consultez ici.<\/p>\n\n\n\n<h2 class=\"wp-block-heading\">Quels sont vos droits ?<\/h2>\n\n\n\n<p><strong>Droit d&#8217;acc\u00e8s<\/strong> : Vous pouvez obtenir de notre part un r\u00e9sum\u00e9 des donn\u00e9es personnelles que nous avons sur vous.<\/p>\n\n\n\n<p>Veuillez noter que vous serez invit\u00e9 \u00e0 fournir une preuve de votre identit\u00e9 pour obtenir ces informations, et qu&#8217;en cas de demande d&#8217;envoi par courrier, les frais administratifs seront \u00e0 votre charge.<\/p>\n\n\n\n<p><strong>Droit de rectification des donn\u00e9es<\/strong> : Vous avez le droit d&#8217;obtenir la rectification de donn\u00e9es personnelles vous concernant si elles sont inexactes. En outre, vous avez le droit de faire compl\u00e9ter vos donn\u00e9es personnelles incompl\u00e8tes en nous fournissant une d\u00e9claration compl\u00e9mentaire.<\/p>\n\n\n\n<p>Pour vous aider dans votre d\u00e9marche, notamment si vous souhaitez exercer, pour votre propre compte ou pour le compte d&#8217;un de vos proches d\u00e9c\u00e9d\u00e9s, votre droit de rectification par une demande \u00e9crite \u00e0 l&#8217;adresse postale mentionn\u00e9e dans la section Identit\u00e9 du responsable du traitement. &nbsp;<\/p>\n\n\n\n<p><strong>Droit \u00e0 l&#8217;oubli<\/strong> : \u00c0 tout moment, vous pouvez demander que nous supprimions vos donn\u00e9es personnelles. Votre demande sera trait\u00e9e dans les meilleurs d\u00e9lais et vos donn\u00e9es seront supprim\u00e9es si leur traitement n&#8217;est pas n\u00e9cessaire dans les cas suivants : &nbsp;<\/p>\n\n\n\n<ul class=\"wp-block-list\">\n<li>Pour se conformer \u00e0 une obligation l\u00e9gale qui exige le traitement pr\u00e9vu par le droit de l&#8217;Union ou par la loi de l&#8217;\u00c9tat membre auquel le responsable du traitement est soumis, ou pour ex\u00e9cuter une mission d&#8217;int\u00e9r\u00eat public ou exercer l&#8217;autorit\u00e9 publique dont est charg\u00e9 le responsable du traitement ;<\/li>\n\n\n\n<li>La reconnaissance, l&#8217;exercice ou la d\u00e9fense de droits en justice.<\/li>\n<\/ul>\n\n\n\n<p>Pour toutes nos communications qui vous sont envoy\u00e9es par e-mail, vous avez la possibilit\u00e9 de vous d\u00e9sabonner de notre liste de diffusion \u00e0 partir du lien de d\u00e9sabonnement pr\u00e9sent dans ces messages.<\/p>\n\n\n\n<p>Pour chacune de ces demandes, vous pouvez nous contacter \u00e0 l&#8217;adresse suivante : <a href=\"mailto:contact@kiddotrip.com\">contact@kiddotrip.com<\/a>. \u00a0<\/p>\n\n\n\n<h2 class=\"wp-block-heading\">Modifications de notre politique de confidentialit\u00e9<\/h2>\n\n\n\n<p>Guidar peut mettre \u00e0 jour son engagement de confidentialit\u00e9 p\u00e9riodiquement. En cas de modification substantielle, un avis sera publi\u00e9 sur notre site web, accompagn\u00e9 d&#8217;un lien vers notre politique de confidentialit\u00e9 mise \u00e0 jour.<\/p>\n\n\n\n<p>Lisez aussi nos <a href=\"https:\/\/kiddotrip.com\/fr\/conditions-generales\/\">Conditions G\u00e9n\u00e9rales de Vente<\/a>.<\/p>\n","protected":false},"excerpt":{"rendered":"<p>Derniere mise a jour de la politique de confidentialit\u00e9 : 25 Septembre 2024 (Traduction en francais, update company information). Identit\u00e9 du responsable du traitement Le responsable du traitement est Guidar Pte Ltd, une soci\u00e9t\u00e9 singapourienne immatricul\u00e9e sous le num\u00e9ro 202230275D. Tout au long de la politique de confidentialit\u00e9, les termes &#8220;nous&#8221;, &#8220;notre&#8221; et &#8220;nos&#8221; font &hellip;<\/p>\n<p class=\"read-more\"> <a class=\"\" href=\"https:\/\/kiddotrip.com\/fr\/politique-de-confidentialite\/\"> <span class=\"screen-reader-text\">Politique de confidentialit\u00e9<\/span> Lire la suite\u00a0\u00bb<\/a><\/p>\n","protected":false},"author":1,"featured_media":0,"parent":0,"menu_order":0,"comment_status":"closed","ping_status":"open","template":"","meta":{"om_disable_all_campaigns":false,"_ppp_document_settings_meta":"","site-sidebar-layout":"default","site-content-layout":"default","ast-site-content-layout":"default","site-content-style":"default","site-sidebar-style":"default","ast-global-header-display":"","ast-banner-title-visibility":"","ast-main-header-display":"","ast-hfb-above-header-display":"","ast-hfb-below-header-display":"","ast-hfb-mobile-header-display":"","site-post-title":"","ast-breadcrumbs-content":"","ast-featured-img":"","footer-sml-layout":"","theme-transparent-header-meta":"default","adv-header-id-meta":"","stick-header-meta":"","header-above-stick-meta":"","header-main-stick-meta":"","header-below-stick-meta":"","astra-migrate-meta-layouts":"set","footnotes":""},"class_list":["post-3","page","type-page","status-publish","hentry"],"yoast_head":"<!-- This site is optimized with the Yoast SEO plugin v22.8 - https:\/\/yoast.com\/wordpress\/plugins\/seo\/ -->\n<title>Politique de confidentialit\u00e9 - KiddoTrip<\/title>\n<meta name=\"description\" content=\"D\u00e9couvrez notre engagement \u00e0 prot\u00e9ger vos donn\u00e9es personnelles et comment nous les traitons. Lisez notre politique de confidentialit\u00e9.\" \/>\n<meta name=\"robots\" content=\"index, follow, max-snippet:-1, max-image-preview:large, max-video-preview:-1\" \/>\n<link rel=\"canonical\" href=\"https:\/\/kiddotrip.com\/fr\/politique-de-confidentialite\/\" \/>\n<meta property=\"og:locale\" content=\"fr_FR\" \/>\n<meta property=\"og:type\" content=\"article\" \/>\n<meta property=\"og:title\" content=\"Politique de confidentialit\u00e9 - KiddoTrip\" \/>\n<meta property=\"og:description\" content=\"D\u00e9couvrez notre engagement \u00e0 prot\u00e9ger vos donn\u00e9es personnelles et comment nous les traitons. Lisez notre politique de confidentialit\u00e9.\" \/>\n<meta property=\"og:url\" content=\"https:\/\/kiddotrip.com\/fr\/politique-de-confidentialite\/\" \/>\n<meta property=\"og:site_name\" content=\"KiddoTrip\" \/>\n<meta property=\"article:publisher\" content=\"https:\/\/www.facebook.com\/myKiddoTrip\/\" \/>\n<meta property=\"article:modified_time\" content=\"2024-09-25T05:55:03+00:00\" \/>\n<meta name=\"twitter:card\" content=\"summary_large_image\" \/>\n<meta name=\"twitter:label1\" content=\"Dur\u00e9e de lecture estim\u00e9e\" \/>\n\t<meta name=\"twitter:data1\" content=\"6 minutes\" \/>\n<script type=\"application\/ld+json\" class=\"yoast-schema-graph\">{\"@context\":\"https:\/\/schema.org\",\"@graph\":[{\"@type\":\"WebPage\",\"@id\":\"https:\/\/kiddotrip.com\/fr\/politique-de-confidentialite\/\",\"url\":\"https:\/\/kiddotrip.com\/fr\/politique-de-confidentialite\/\",\"name\":\"Politique de confidentialit\u00e9 - KiddoTrip\",\"isPartOf\":{\"@id\":\"https:\/\/kiddotrip.com\/fr\/#website\"},\"datePublished\":\"2021-05-19T14:25:18+00:00\",\"dateModified\":\"2024-09-25T05:55:03+00:00\",\"description\":\"D\u00e9couvrez notre engagement \u00e0 prot\u00e9ger vos donn\u00e9es personnelles et comment nous les traitons. Lisez notre politique de confidentialit\u00e9.\",\"breadcrumb\":{\"@id\":\"https:\/\/kiddotrip.com\/fr\/politique-de-confidentialite\/#breadcrumb\"},\"inLanguage\":\"fr-FR\",\"potentialAction\":[{\"@type\":\"ReadAction\",\"target\":[\"https:\/\/kiddotrip.com\/fr\/politique-de-confidentialite\/\"]}]},{\"@type\":\"BreadcrumbList\",\"@id\":\"https:\/\/kiddotrip.com\/fr\/politique-de-confidentialite\/#breadcrumb\",\"itemListElement\":[{\"@type\":\"ListItem\",\"position\":1,\"name\":\"Accueil\",\"item\":\"https:\/\/kiddotrip.com\/fr\/\"},{\"@type\":\"ListItem\",\"position\":2,\"name\":\"Politique de confidentialit\u00e9\"}]},{\"@type\":\"WebSite\",\"@id\":\"https:\/\/kiddotrip.com\/fr\/#website\",\"url\":\"https:\/\/kiddotrip.com\/fr\/\",\"name\":\"KiddoTrip\",\"description\":\"Travel with kids\",\"publisher\":{\"@id\":\"https:\/\/kiddotrip.com\/fr\/#organization\"},\"potentialAction\":[{\"@type\":\"SearchAction\",\"target\":{\"@type\":\"EntryPoint\",\"urlTemplate\":\"https:\/\/kiddotrip.com\/fr\/?s={search_term_string}\"},\"query-input\":\"required name=search_term_string\"}],\"inLanguage\":\"fr-FR\"},{\"@type\":\"Organization\",\"@id\":\"https:\/\/kiddotrip.com\/fr\/#organization\",\"name\":\"KiddoTrip\",\"url\":\"https:\/\/kiddotrip.com\/fr\/\",\"logo\":{\"@type\":\"ImageObject\",\"inLanguage\":\"fr-FR\",\"@id\":\"https:\/\/kiddotrip.com\/fr\/#\/schema\/logo\/image\/\",\"url\":\"https:\/\/kiddotrip.com\/wp-content\/uploads\/2021\/07\/Logo-KiddoTrip_H_1.png\",\"contentUrl\":\"https:\/\/kiddotrip.com\/wp-content\/uploads\/2021\/07\/Logo-KiddoTrip_H_1.png\",\"width\":930,\"height\":180,\"caption\":\"KiddoTrip\"},\"image\":{\"@id\":\"https:\/\/kiddotrip.com\/fr\/#\/schema\/logo\/image\/\"},\"sameAs\":[\"https:\/\/www.facebook.com\/myKiddoTrip\/\",\"https:\/\/www.instagram.com\/kiddotrip\/\"]}]}<\/script>\n<!-- \/ Yoast SEO plugin. -->","yoast_head_json":{"title":"Politique de confidentialit\u00e9 - KiddoTrip","description":"D\u00e9couvrez notre engagement \u00e0 prot\u00e9ger vos donn\u00e9es personnelles et comment nous les traitons. Lisez notre politique de confidentialit\u00e9.","robots":{"index":"index","follow":"follow","max-snippet":"max-snippet:-1","max-image-preview":"max-image-preview:large","max-video-preview":"max-video-preview:-1"},"canonical":"https:\/\/kiddotrip.com\/fr\/politique-de-confidentialite\/","og_locale":"fr_FR","og_type":"article","og_title":"Politique de confidentialit\u00e9 - KiddoTrip","og_description":"D\u00e9couvrez notre engagement \u00e0 prot\u00e9ger vos donn\u00e9es personnelles et comment nous les traitons. Lisez notre politique de confidentialit\u00e9.","og_url":"https:\/\/kiddotrip.com\/fr\/politique-de-confidentialite\/","og_site_name":"KiddoTrip","article_publisher":"https:\/\/www.facebook.com\/myKiddoTrip\/","article_modified_time":"2024-09-25T05:55:03+00:00","twitter_card":"summary_large_image","twitter_misc":{"Dur\u00e9e de lecture estim\u00e9e":"6 minutes"},"schema":{"@context":"https:\/\/schema.org","@graph":[{"@type":"WebPage","@id":"https:\/\/kiddotrip.com\/fr\/politique-de-confidentialite\/","url":"https:\/\/kiddotrip.com\/fr\/politique-de-confidentialite\/","name":"Politique de confidentialit\u00e9 - KiddoTrip","isPartOf":{"@id":"https:\/\/kiddotrip.com\/fr\/#website"},"datePublished":"2021-05-19T14:25:18+00:00","dateModified":"2024-09-25T05:55:03+00:00","description":"D\u00e9couvrez notre engagement \u00e0 prot\u00e9ger vos donn\u00e9es personnelles et comment nous les traitons. Lisez notre politique de confidentialit\u00e9.","breadcrumb":{"@id":"https:\/\/kiddotrip.com\/fr\/politique-de-confidentialite\/#breadcrumb"},"inLanguage":"fr-FR","potentialAction":[{"@type":"ReadAction","target":["https:\/\/kiddotrip.com\/fr\/politique-de-confidentialite\/"]}]},{"@type":"BreadcrumbList","@id":"https:\/\/kiddotrip.com\/fr\/politique-de-confidentialite\/#breadcrumb","itemListElement":[{"@type":"ListItem","position":1,"name":"Accueil","item":"https:\/\/kiddotrip.com\/fr\/"},{"@type":"ListItem","position":2,"name":"Politique de confidentialit\u00e9"}]},{"@type":"WebSite","@id":"https:\/\/kiddotrip.com\/fr\/#website","url":"https:\/\/kiddotrip.com\/fr\/","name":"KiddoTrip","description":"Travel with kids","publisher":{"@id":"https:\/\/kiddotrip.com\/fr\/#organization"},"potentialAction":[{"@type":"SearchAction","target":{"@type":"EntryPoint","urlTemplate":"https:\/\/kiddotrip.com\/fr\/?s={search_term_string}"},"query-input":"required name=search_term_string"}],"inLanguage":"fr-FR"},{"@type":"Organization","@id":"https:\/\/kiddotrip.com\/fr\/#organization","name":"KiddoTrip","url":"https:\/\/kiddotrip.com\/fr\/","logo":{"@type":"ImageObject","inLanguage":"fr-FR","@id":"https:\/\/kiddotrip.com\/fr\/#\/schema\/logo\/image\/","url":"https:\/\/kiddotrip.com\/wp-content\/uploads\/2021\/07\/Logo-KiddoTrip_H_1.png","contentUrl":"https:\/\/kiddotrip.com\/wp-content\/uploads\/2021\/07\/Logo-KiddoTrip_H_1.png","width":930,"height":180,"caption":"KiddoTrip"},"image":{"@id":"https:\/\/kiddotrip.com\/fr\/#\/schema\/logo\/image\/"},"sameAs":["https:\/\/www.facebook.com\/myKiddoTrip\/","https:\/\/www.instagram.com\/kiddotrip\/"]}]}},"_links":{"self":[{"href":"https:\/\/kiddotrip.com\/fr\/wp-json\/wp\/v2\/pages\/3","targetHints":{"allow":["GET"]}}],"collection":[{"href":"https:\/\/kiddotrip.com\/fr\/wp-json\/wp\/v2\/pages"}],"about":[{"href":"https:\/\/kiddotrip.com\/fr\/wp-json\/wp\/v2\/types\/page"}],"author":[{"embeddable":true,"href":"https:\/\/kiddotrip.com\/fr\/wp-json\/wp\/v2\/users\/1"}],"replies":[{"embeddable":true,"href":"https:\/\/kiddotrip.com\/fr\/wp-json\/wp\/v2\/comments?post=3"}],"version-history":[{"count":4,"href":"https:\/\/kiddotrip.com\/fr\/wp-json\/wp\/v2\/pages\/3\/revisions"}],"predecessor-version":[{"id":7470,"href":"https:\/\/kiddotrip.com\/fr\/wp-json\/wp\/v2\/pages\/3\/revisions\/7470"}],"wp:attachment":[{"href":"https:\/\/kiddotrip.com\/fr\/wp-json\/wp\/v2\/media?parent=3"}],"curies":[{"name":"wp","href":"https:\/\/api.w.org\/{rel}","templated":true}]}}