{"id":1073,"date":"2021-08-06T18:33:26","date_gmt":"2021-08-06T10:33:26","guid":{"rendered":"https:\/\/kiddotrip.com\/?page_id=1073"},"modified":"2023-03-30T18:26:41","modified_gmt":"2023-03-30T10:26:41","slug":"les-visites","status":"publish","type":"page","link":"https:\/\/kiddotrip.com\/fr\/les-visites\/","title":{"rendered":"Les visites de Singapour en famille"},"content":{"rendered":"\n<h2 class=\"wp-block-heading\">Comment ca marche ?<\/h2>\n\n\n\n<div class=\"wp-block-columns is-layout-flex wp-container-core-columns-is-layout-28f84493 wp-block-columns-is-layout-flex\">\n<div class=\"wp-block-column is-layout-flow wp-block-column-is-layout-flow\" style=\"flex-basis:100px\">\n<figure class=\"wp-block-image aligncenter size-full is-resized\"><img loading=\"lazy\" decoding=\"async\" src=\"https:\/\/kiddotrip.com\/wp-content\/uploads\/2021\/07\/Icone-Audio.png\" alt=\"Audio\" class=\"wp-image-569\" width=\"60\" height=\"60\"\/><\/figure>\n<\/div>\n\n\n\n<div class=\"wp-block-column is-layout-flow wp-block-column-is-layout-flow\" style=\"flex-basis:80%\">\n<p><strong>L\u2019audioguide<\/strong> de la visite achet\u00e9e est accessible \u00e0 tout moment dans votre compte sur le site kiddotrip.com.<br>Pratique ! Si deux adultes font la visite, vous pouvez partager des \u00e9couteurs ou vous connecter \u00e0 votre compte sur deux t\u00e9l\u00e9phones.<\/p>\n<\/div>\n<\/div>\n\n\n\n<div class=\"wp-block-columns is-layout-flex wp-container-core-columns-is-layout-28f84493 wp-block-columns-is-layout-flex\">\n<div class=\"wp-block-column is-layout-flow wp-block-column-is-layout-flow\" style=\"flex-basis:100px\">\n<figure class=\"wp-block-image aligncenter size-full is-resized\"><img loading=\"lazy\" decoding=\"async\" src=\"https:\/\/kiddotrip.com\/wp-content\/uploads\/2021\/08\/iconmonstr-map-10-120.png\" alt=\"\" class=\"wp-image-1077\" width=\"60\" height=\"60\" srcset=\"https:\/\/kiddotrip.com\/wp-content\/uploads\/2021\/08\/iconmonstr-map-10-120.png 120w, https:\/\/kiddotrip.com\/wp-content\/uploads\/2021\/08\/iconmonstr-map-10-120-100x100.png 100w\" sizes=\"auto, (max-width: 60px) 100vw, 60px\" \/><\/figure>\n<\/div>\n\n\n\n<div class=\"wp-block-column is-layout-flow wp-block-column-is-layout-flow\" style=\"flex-basis:80%\">\n<p>La visite est construite sous forme de <strong>parcours, autour de diff\u00e9rents points d\u2019int\u00e9r\u00eat<\/strong>. \u00c0 chaque \u00e9tape, il y a un lieu de rendez-vous pr\u00e9cis que l\u2019audioguide vous indique syst\u00e9matiquement. Vous pouvez \u00e9galement visualiser l\u2019ensemble du parcours sur le livret d\u2019activit\u00e9s enfants ainsi que sur le site web de KiddoTrip, \u00e0 la page de votre visite.<\/p>\n<\/div>\n<\/div>\n\n\n\n<div class=\"wp-block-columns is-layout-flex wp-container-core-columns-is-layout-28f84493 wp-block-columns-is-layout-flex\">\n<div class=\"wp-block-column is-layout-flow wp-block-column-is-layout-flow\" style=\"flex-basis:100px\">\n<figure class=\"wp-block-image aligncenter size-full is-resized\"><img loading=\"lazy\" decoding=\"async\" src=\"https:\/\/kiddotrip.com\/wp-content\/uploads\/2021\/07\/Icone-Carnet.png\" alt=\"Carnet\" class=\"wp-image-567\" width=\"60\" height=\"60\"\/><\/figure>\n<\/div>\n\n\n\n<div class=\"wp-block-column is-layout-flow wp-block-column-is-layout-flow\" style=\"flex-basis:80%\">\n<p><strong>\u00c0 chaque point d\u2019int\u00e9r\u00eat, les enfants retrouvent une activit\u00e9 \u00e0 remplir, <\/strong>qui leur permet d\u2019apprendre en s\u2019amusant.<br>Pour bien commencer votre premi\u00e8re visite, nous vous conseillons d\u2019expliquer d\u2019abord le principe de la visite aux enfants, puis de leur donner directement la premi\u00e8re activit\u00e9 du livre. Ce qui vous permettra de lancer votre audioguide et profiter de la premi\u00e8re \u00e9tape en toute tranquillit\u00e9.<\/p>\n<\/div>\n<\/div>\n\n\n\n<h4 class=\"has-text-align-center wp-block-heading\"><strong>AVANT DE PARTIR EN VISITE&nbsp;:<\/strong><\/h4>\n\n\n\n<ul class=\"center wp-block-list\">\n<li><strong>V\u00e9rifier les horaires des monuments (voir le site Internet),<\/strong><\/li>\n\n\n\n<li><strong>Prenez le cahier d&#8217;activit\u00e9 pour les enfants et un crayon chacun<\/strong><\/li>\n\n\n\n<li><strong>Prenez des \u00e9couteurs ou une mini enceinte pour \u00e9couter l\u2019audioguide.<\/strong><\/li>\n<\/ul>\n\n\n\n<figure class=\"wp-block-image size-large\"><img loading=\"lazy\" decoding=\"async\" width=\"1024\" height=\"485\" src=\"https:\/\/kiddotrip.com\/wp-content\/uploads\/2021\/08\/KiddoTrip_Skyline_orange_3000px-1024x485.png\" alt=\"\" class=\"wp-image-1087\" srcset=\"https:\/\/kiddotrip.com\/wp-content\/uploads\/2021\/08\/KiddoTrip_Skyline_orange_3000px-1024x485.png 1024w, https:\/\/kiddotrip.com\/wp-content\/uploads\/2021\/08\/KiddoTrip_Skyline_orange_3000px-300x142.png 300w, https:\/\/kiddotrip.com\/wp-content\/uploads\/2021\/08\/KiddoTrip_Skyline_orange_3000px-768x364.png 768w, https:\/\/kiddotrip.com\/wp-content\/uploads\/2021\/08\/KiddoTrip_Skyline_orange_3000px-1536x728.png 1536w, https:\/\/kiddotrip.com\/wp-content\/uploads\/2021\/08\/KiddoTrip_Skyline_orange_3000px-2048x970.png 2048w, https:\/\/kiddotrip.com\/wp-content\/uploads\/2021\/08\/KiddoTrip_Skyline_orange_3000px-600x284.png 600w\" sizes=\"auto, (max-width: 1024px) 100vw, 1024px\" \/><\/figure>\n","protected":false},"excerpt":{"rendered":"<p>Comment ca marche ? L\u2019audioguide de la visite achet\u00e9e est accessible \u00e0 tout moment dans votre compte sur le site kiddotrip.com.Pratique ! Si deux adultes font la visite, vous pouvez partager des \u00e9couteurs ou vous connecter \u00e0 votre compte sur deux t\u00e9l\u00e9phones. La visite est construite sous forme de parcours, autour de diff\u00e9rents points d\u2019int\u00e9r\u00eat. &hellip;<\/p>\n<p class=\"read-more\"> <a class=\"\" href=\"https:\/\/kiddotrip.com\/fr\/les-visites\/\"> <span class=\"screen-reader-text\">Les visites de Singapour en famille<\/span> Lire la suite\u00a0\u00bb<\/a><\/p>\n","protected":false},"author":1,"featured_media":0,"parent":0,"menu_order":0,"comment_status":"closed","ping_status":"closed","template":"","meta":{"om_disable_all_campaigns":false,"_ppp_document_settings_meta":"","site-sidebar-layout":"default","site-content-layout":"plain-container","ast-site-content-layout":"","site-content-style":"default","site-sidebar-style":"default","ast-global-header-display":"","ast-banner-title-visibility":"","ast-main-header-display":"","ast-hfb-above-header-display":"","ast-hfb-below-header-display":"","ast-hfb-mobile-header-display":"","site-post-title":"","ast-breadcrumbs-content":"","ast-featured-img":"","footer-sml-layout":"","theme-transparent-header-meta":"default","adv-header-id-meta":"","stick-header-meta":"","header-above-stick-meta":"","header-main-stick-meta":"","header-below-stick-meta":"","astra-migrate-meta-layouts":"","footnotes":""},"class_list":["post-1073","page","type-page","status-publish","hentry"],"yoast_head":"<!-- This site is optimized with the Yoast SEO plugin v22.8 - https:\/\/yoast.com\/wordpress\/plugins\/seo\/ -->\n<title>Les visites de Singapour en famille - KiddoTrip<\/title>\n<meta name=\"robots\" content=\"index, follow, max-snippet:-1, max-image-preview:large, max-video-preview:-1\" \/>\n<link rel=\"canonical\" href=\"https:\/\/kiddotrip.com\/fr\/les-visites\/\" \/>\n<meta property=\"og:locale\" content=\"fr_FR\" \/>\n<meta property=\"og:type\" content=\"article\" \/>\n<meta property=\"og:title\" content=\"Les visites de Singapour en famille - KiddoTrip\" \/>\n<meta property=\"og:description\" content=\"Comment ca marche ? L\u2019audioguide de la visite achet\u00e9e est accessible \u00e0 tout moment dans votre compte sur le site kiddotrip.com.Pratique ! Si deux adultes font la visite, vous pouvez partager des \u00e9couteurs ou vous connecter \u00e0 votre compte sur deux t\u00e9l\u00e9phones. La visite est construite sous forme de parcours, autour de diff\u00e9rents points d\u2019int\u00e9r\u00eat. &hellip; Les visites de Singapour en famille Lire la suite\u00a0\u00bb\" \/>\n<meta property=\"og:url\" content=\"https:\/\/kiddotrip.com\/fr\/les-visites\/\" \/>\n<meta property=\"og:site_name\" content=\"KiddoTrip\" \/>\n<meta property=\"article:publisher\" content=\"https:\/\/www.facebook.com\/myKiddoTrip\/\" \/>\n<meta property=\"article:modified_time\" content=\"2023-03-30T10:26:41+00:00\" \/>\n<meta property=\"og:image\" content=\"https:\/\/kiddotrip.com\/wp-content\/uploads\/2021\/07\/Icone-Audio.png\" \/>\n<meta name=\"twitter:card\" content=\"summary_large_image\" \/>\n<meta name=\"twitter:label1\" content=\"Dur\u00e9e de lecture estim\u00e9e\" \/>\n\t<meta name=\"twitter:data1\" content=\"2 minutes\" \/>\n<script type=\"application\/ld+json\" class=\"yoast-schema-graph\">{\"@context\":\"https:\/\/schema.org\",\"@graph\":[{\"@type\":\"WebPage\",\"@id\":\"https:\/\/kiddotrip.com\/fr\/les-visites\/\",\"url\":\"https:\/\/kiddotrip.com\/fr\/les-visites\/\",\"name\":\"Les visites de Singapour en famille - KiddoTrip\",\"isPartOf\":{\"@id\":\"https:\/\/kiddotrip.com\/fr\/#website\"},\"primaryImageOfPage\":{\"@id\":\"https:\/\/kiddotrip.com\/fr\/les-visites\/#primaryimage\"},\"image\":{\"@id\":\"https:\/\/kiddotrip.com\/fr\/les-visites\/#primaryimage\"},\"thumbnailUrl\":\"https:\/\/kiddotrip.com\/wp-content\/uploads\/2021\/07\/Icone-Audio.png\",\"datePublished\":\"2021-08-06T10:33:26+00:00\",\"dateModified\":\"2023-03-30T10:26:41+00:00\",\"breadcrumb\":{\"@id\":\"https:\/\/kiddotrip.com\/fr\/les-visites\/#breadcrumb\"},\"inLanguage\":\"fr-FR\",\"potentialAction\":[{\"@type\":\"ReadAction\",\"target\":[\"https:\/\/kiddotrip.com\/fr\/les-visites\/\"]}]},{\"@type\":\"ImageObject\",\"inLanguage\":\"fr-FR\",\"@id\":\"https:\/\/kiddotrip.com\/fr\/les-visites\/#primaryimage\",\"url\":\"https:\/\/kiddotrip.com\/wp-content\/uploads\/2021\/07\/Icone-Audio.png\",\"contentUrl\":\"https:\/\/kiddotrip.com\/wp-content\/uploads\/2021\/07\/Icone-Audio.png\"},{\"@type\":\"BreadcrumbList\",\"@id\":\"https:\/\/kiddotrip.com\/fr\/les-visites\/#breadcrumb\",\"itemListElement\":[{\"@type\":\"ListItem\",\"position\":1,\"name\":\"Accueil\",\"item\":\"https:\/\/kiddotrip.com\/fr\/\"},{\"@type\":\"ListItem\",\"position\":2,\"name\":\"Les visites de Singapour en famille\"}]},{\"@type\":\"WebSite\",\"@id\":\"https:\/\/kiddotrip.com\/fr\/#website\",\"url\":\"https:\/\/kiddotrip.com\/fr\/\",\"name\":\"KiddoTrip\",\"description\":\"Travel with kids\",\"publisher\":{\"@id\":\"https:\/\/kiddotrip.com\/fr\/#organization\"},\"potentialAction\":[{\"@type\":\"SearchAction\",\"target\":{\"@type\":\"EntryPoint\",\"urlTemplate\":\"https:\/\/kiddotrip.com\/fr\/?s={search_term_string}\"},\"query-input\":\"required name=search_term_string\"}],\"inLanguage\":\"fr-FR\"},{\"@type\":\"Organization\",\"@id\":\"https:\/\/kiddotrip.com\/fr\/#organization\",\"name\":\"KiddoTrip\",\"url\":\"https:\/\/kiddotrip.com\/fr\/\",\"logo\":{\"@type\":\"ImageObject\",\"inLanguage\":\"fr-FR\",\"@id\":\"https:\/\/kiddotrip.com\/fr\/#\/schema\/logo\/image\/\",\"url\":\"https:\/\/kiddotrip.com\/wp-content\/uploads\/2021\/07\/Logo-KiddoTrip_H_1.png\",\"contentUrl\":\"https:\/\/kiddotrip.com\/wp-content\/uploads\/2021\/07\/Logo-KiddoTrip_H_1.png\",\"width\":930,\"height\":180,\"caption\":\"KiddoTrip\"},\"image\":{\"@id\":\"https:\/\/kiddotrip.com\/fr\/#\/schema\/logo\/image\/\"},\"sameAs\":[\"https:\/\/www.facebook.com\/myKiddoTrip\/\",\"https:\/\/www.instagram.com\/kiddotrip\/\"]}]}<\/script>\n<!-- \/ Yoast SEO plugin. -->","yoast_head_json":{"title":"Les visites de Singapour en famille - KiddoTrip","robots":{"index":"index","follow":"follow","max-snippet":"max-snippet:-1","max-image-preview":"max-image-preview:large","max-video-preview":"max-video-preview:-1"},"canonical":"https:\/\/kiddotrip.com\/fr\/les-visites\/","og_locale":"fr_FR","og_type":"article","og_title":"Les visites de Singapour en famille - KiddoTrip","og_description":"Comment ca marche ? L\u2019audioguide de la visite achet\u00e9e est accessible \u00e0 tout moment dans votre compte sur le site kiddotrip.com.Pratique ! Si deux adultes font la visite, vous pouvez partager des \u00e9couteurs ou vous connecter \u00e0 votre compte sur deux t\u00e9l\u00e9phones. La visite est construite sous forme de parcours, autour de diff\u00e9rents points d\u2019int\u00e9r\u00eat. &hellip; Les visites de Singapour en famille Lire la suite\u00a0\u00bb","og_url":"https:\/\/kiddotrip.com\/fr\/les-visites\/","og_site_name":"KiddoTrip","article_publisher":"https:\/\/www.facebook.com\/myKiddoTrip\/","article_modified_time":"2023-03-30T10:26:41+00:00","og_image":[{"url":"https:\/\/kiddotrip.com\/wp-content\/uploads\/2021\/07\/Icone-Audio.png"}],"twitter_card":"summary_large_image","twitter_misc":{"Dur\u00e9e de lecture estim\u00e9e":"2 minutes"},"schema":{"@context":"https:\/\/schema.org","@graph":[{"@type":"WebPage","@id":"https:\/\/kiddotrip.com\/fr\/les-visites\/","url":"https:\/\/kiddotrip.com\/fr\/les-visites\/","name":"Les visites de Singapour en famille - KiddoTrip","isPartOf":{"@id":"https:\/\/kiddotrip.com\/fr\/#website"},"primaryImageOfPage":{"@id":"https:\/\/kiddotrip.com\/fr\/les-visites\/#primaryimage"},"image":{"@id":"https:\/\/kiddotrip.com\/fr\/les-visites\/#primaryimage"},"thumbnailUrl":"https:\/\/kiddotrip.com\/wp-content\/uploads\/2021\/07\/Icone-Audio.png","datePublished":"2021-08-06T10:33:26+00:00","dateModified":"2023-03-30T10:26:41+00:00","breadcrumb":{"@id":"https:\/\/kiddotrip.com\/fr\/les-visites\/#breadcrumb"},"inLanguage":"fr-FR","potentialAction":[{"@type":"ReadAction","target":["https:\/\/kiddotrip.com\/fr\/les-visites\/"]}]},{"@type":"ImageObject","inLanguage":"fr-FR","@id":"https:\/\/kiddotrip.com\/fr\/les-visites\/#primaryimage","url":"https:\/\/kiddotrip.com\/wp-content\/uploads\/2021\/07\/Icone-Audio.png","contentUrl":"https:\/\/kiddotrip.com\/wp-content\/uploads\/2021\/07\/Icone-Audio.png"},{"@type":"BreadcrumbList","@id":"https:\/\/kiddotrip.com\/fr\/les-visites\/#breadcrumb","itemListElement":[{"@type":"ListItem","position":1,"name":"Accueil","item":"https:\/\/kiddotrip.com\/fr\/"},{"@type":"ListItem","position":2,"name":"Les visites de Singapour en famille"}]},{"@type":"WebSite","@id":"https:\/\/kiddotrip.com\/fr\/#website","url":"https:\/\/kiddotrip.com\/fr\/","name":"KiddoTrip","description":"Travel with kids","publisher":{"@id":"https:\/\/kiddotrip.com\/fr\/#organization"},"potentialAction":[{"@type":"SearchAction","target":{"@type":"EntryPoint","urlTemplate":"https:\/\/kiddotrip.com\/fr\/?s={search_term_string}"},"query-input":"required name=search_term_string"}],"inLanguage":"fr-FR"},{"@type":"Organization","@id":"https:\/\/kiddotrip.com\/fr\/#organization","name":"KiddoTrip","url":"https:\/\/kiddotrip.com\/fr\/","logo":{"@type":"ImageObject","inLanguage":"fr-FR","@id":"https:\/\/kiddotrip.com\/fr\/#\/schema\/logo\/image\/","url":"https:\/\/kiddotrip.com\/wp-content\/uploads\/2021\/07\/Logo-KiddoTrip_H_1.png","contentUrl":"https:\/\/kiddotrip.com\/wp-content\/uploads\/2021\/07\/Logo-KiddoTrip_H_1.png","width":930,"height":180,"caption":"KiddoTrip"},"image":{"@id":"https:\/\/kiddotrip.com\/fr\/#\/schema\/logo\/image\/"},"sameAs":["https:\/\/www.facebook.com\/myKiddoTrip\/","https:\/\/www.instagram.com\/kiddotrip\/"]}]}},"_links":{"self":[{"href":"https:\/\/kiddotrip.com\/fr\/wp-json\/wp\/v2\/pages\/1073","targetHints":{"allow":["GET"]}}],"collection":[{"href":"https:\/\/kiddotrip.com\/fr\/wp-json\/wp\/v2\/pages"}],"about":[{"href":"https:\/\/kiddotrip.com\/fr\/wp-json\/wp\/v2\/types\/page"}],"author":[{"embeddable":true,"href":"https:\/\/kiddotrip.com\/fr\/wp-json\/wp\/v2\/users\/1"}],"replies":[{"embeddable":true,"href":"https:\/\/kiddotrip.com\/fr\/wp-json\/wp\/v2\/comments?post=1073"}],"version-history":[{"count":8,"href":"https:\/\/kiddotrip.com\/fr\/wp-json\/wp\/v2\/pages\/1073\/revisions"}],"predecessor-version":[{"id":4130,"href":"https:\/\/kiddotrip.com\/fr\/wp-json\/wp\/v2\/pages\/1073\/revisions\/4130"}],"wp:attachment":[{"href":"https:\/\/kiddotrip.com\/fr\/wp-json\/wp\/v2\/media?parent=1073"}],"curies":[{"name":"wp","href":"https:\/\/api.w.org\/{rel}","templated":true}]}}